{"id":13394,"date":"2025-02-07T13:14:45","date_gmt":"2025-02-07T12:14:45","guid":{"rendered":"https:\/\/dev.evasionauthentic.com\/preferencias-de-cookies\/"},"modified":"2026-02-20T16:29:01","modified_gmt":"2026-02-20T15:29:01","slug":"preferencias-de-cookies","status":"publish","type":"page","link":"https:\/\/evasionauthentic.com\/es\/preferencias-de-cookies\/","title":{"rendered":"Preferencias de cookies"},"content":{"rendered":"\t\t<div data-elementor-type=\"wp-page\" data-elementor-id=\"13394\" class=\"elementor elementor-13394 elementor-1522\" data-elementor-post-type=\"page\">\n\t\t\t\t<div class=\"elementor-element elementor-element-6025ad17 e-flex e-con-boxed e-con e-parent\" data-id=\"6025ad17\" data-element_type=\"container\" data-e-type=\"container\">\n\t\t\t\t\t<div class=\"e-con-inner\">\n\t\t<div class=\"elementor-element elementor-element-981d645 e-con-full e-flex e-con e-child\" data-id=\"981d645\" data-element_type=\"container\" data-e-type=\"container\">\n\t\t\t\t<div class=\"elementor-element elementor-element-04ee45b elementor-widget elementor-widget-heading\" data-id=\"04ee45b\" data-element_type=\"widget\" data-e-type=\"widget\" data-widget_type=\"heading.default\">\n\t\t\t\t<div class=\"elementor-widget-container\">\n\t\t\t\t\t<h1 class=\"elementor-heading-title elementor-size-default\">Pol\u00edtica de cookies<\/h1>\t\t\t\t<\/div>\n\t\t\t\t<\/div>\n\t\t\t\t<div class=\"elementor-element elementor-element-b700d6d elementor-widget elementor-widget-text-editor\" data-id=\"b700d6d\" data-element_type=\"widget\" data-e-type=\"widget\" data-widget_type=\"text-editor.default\">\n\t\t\t\t<div class=\"elementor-widget-container\">\n\t\t\t\t\t\t\t\t\t<p>Utilizamos cookies para facilitarle el uso de nuestro sitio web. Las cookies son peque\u00f1os archivos de datos que nos permiten comparar y comprender c\u00f3mo navegan nuestros usuarios por nuestro sitio web, de modo que podamos mejorar el proceso de navegaci\u00f3n en consecuencia. Las cookies que utilizamos no almacenan ning\u00fan dato personal ni ninguna informaci\u00f3n que pueda utilizarse para identificarle. Si no desea recibir cookies, configure su navegador de Internet para que las borre del disco duro de su ordenador, las bloquee o le avise en caso de instalaci\u00f3n de las mismas. Para continuar sin cambiar la configuraci\u00f3n de las cookies, simplemente contin\u00fae su visita al sitio. Puede encontrar m\u00e1s informaci\u00f3n sobre las cookies y su uso en la siguiente direcci\u00f3n: www.aboutcookies.org.     <\/p>\t\t\t\t\t\t\t\t<\/div>\n\t\t\t\t<\/div>\n\t\t\t\t<div class=\"elementor-element elementor-element-23c4c62 elementor-widget elementor-widget-n-accordion\" data-id=\"23c4c62\" data-element_type=\"widget\" data-e-type=\"widget\" data-settings=\"{&quot;default_state&quot;:&quot;expanded&quot;,&quot;max_items_expended&quot;:&quot;one&quot;,&quot;n_accordion_animation_duration&quot;:{&quot;unit&quot;:&quot;ms&quot;,&quot;size&quot;:400,&quot;sizes&quot;:[]}}\" data-widget_type=\"nested-accordion.default\">\n\t\t\t\t<div class=\"elementor-widget-container\">\n\t\t\t\t\t\t\t<div class=\"e-n-accordion\" aria-label=\"Accordion. Open links with Enter or Space, close with Escape, and navigate with Arrow Keys\">\n\t\t\t\t\t\t<details id=\"e-n-accordion-item-3750\" class=\"e-n-accordion-item\" open>\n\t\t\t\t<summary class=\"e-n-accordion-item-title\" data-accordion-index=\"1\" tabindex=\"0\" aria-expanded=\"true\" aria-controls=\"e-n-accordion-item-3750\" >\n\t\t\t\t\t<span class='e-n-accordion-item-title-header'><div class=\"e-n-accordion-item-title-text\"> Tipos de cookies que utilizamos <\/div><\/span>\n\t\t\t\t\t\t\t<span class='e-n-accordion-item-title-icon'>\n\t\t\t<span class='e-opened' ><i aria-hidden=\"true\" class=\"fas fa-minus\"><\/i><\/span>\n\t\t\t<span class='e-closed'><i aria-hidden=\"true\" class=\"fas fa-plus\"><\/i><\/span>\n\t\t<\/span>\n\n\t\t\t\t\t\t<\/summary>\n\t\t\t\t<div role=\"region\" aria-labelledby=\"e-n-accordion-item-3750\" class=\"elementor-element elementor-element-5d6c1bf e-con-full e-flex e-con e-child\" data-id=\"5d6c1bf\" data-element_type=\"container\" data-e-type=\"container\">\n\t\t<div role=\"region\" aria-labelledby=\"e-n-accordion-item-3750\" class=\"elementor-element elementor-element-d22fc1b e-flex e-con-boxed e-con e-child\" data-id=\"d22fc1b\" data-element_type=\"container\" data-e-type=\"container\">\n\t\t\t\t\t<div class=\"e-con-inner\">\n\t\t\t\t<div class=\"elementor-element elementor-element-12750cd elementor-widget elementor-widget-text-editor\" data-id=\"12750cd\" data-element_type=\"widget\" data-e-type=\"widget\" data-widget_type=\"text-editor.default\">\n\t\t\t\t<div class=\"elementor-widget-container\">\n\t\t\t\t\t\t\t\t\t<p><strong>Cookies estrictamente necesarias:<\/strong> Estas cookies son necesarias para el correcto uso de la web, permitiendo el acceso a secciones con filtros de seguridad. Sin estas cookies, muchos de los servicios disponibles no estar\u00edan operativos. <\/p><p><strong>Cookies de navigation :<\/strong><\/p><p>Estas cookies recopilan informaci\u00f3n sobre c\u00f3mo los visitantes utilizan el sitio web, por ejemplo, las p\u00e1ginas que visitan, los errores de carga, etc. Esta informaci\u00f3n es gen\u00e9rica y an\u00f3nima, y no incluye datos personales, ni recoge informaci\u00f3n que pueda identificar a los visitantes; el objetivo \u00faltimo es mejorar el funcionamiento del sitio web. <\/p><p><strong>Al visitar nuestro sitio web, usted acepta la instalaci\u00f3n de estas cookies en su dispositivo.<\/strong><\/p><p><strong>Cookies funcionales:<\/strong><\/p><p>Estas cookies nos permiten recordar informaci\u00f3n (como su nombre de usuario, idioma o regi\u00f3n) y caracter\u00edsticas m\u00e1s personales. Por ejemplo, la posibilidad de ofrecer contenidos personalizados basados en informaci\u00f3n y criterios que usted haya facilitado voluntariamente. Estas cookies tambi\u00e9n pueden utilizarse para recordar cambios en el tama\u00f1o del texto, fuentes y otras partes personalizables del sitio web. Tambi\u00e9n se utilizan para proporcionar determinados servicios solicitados, como ver un v\u00eddeo o comentar en un blog. La informaci\u00f3n recogida por estas cookies puede ser an\u00f3nima y su actividad no puede ser rastreada en otros sitios web.    <\/p><p><strong>Al visitar nuestro sitio web, usted acepta la instalaci\u00f3n de estas cookies en su dispositivo.<\/strong><\/p>\t\t\t\t\t\t\t\t<\/div>\n\t\t\t\t<\/div>\n\t\t\t\t\t<\/div>\n\t\t\t\t<\/div>\n\t\t\t\t<\/div>\n\t\t\t\t\t<\/details>\n\t\t\t\t\t\t<details id=\"e-n-accordion-item-3751\" class=\"e-n-accordion-item\" >\n\t\t\t\t<summary class=\"e-n-accordion-item-title\" data-accordion-index=\"2\" tabindex=\"-1\" aria-expanded=\"false\" aria-controls=\"e-n-accordion-item-3751\" >\n\t\t\t\t\t<span class='e-n-accordion-item-title-header'><div class=\"e-n-accordion-item-title-text\"> C\u00f3mo gestionar las cookies en los ordenadores <\/div><\/span>\n\t\t\t\t\t\t\t<span class='e-n-accordion-item-title-icon'>\n\t\t\t<span class='e-opened' ><i aria-hidden=\"true\" class=\"fas fa-minus\"><\/i><\/span>\n\t\t\t<span class='e-closed'><i aria-hidden=\"true\" class=\"fas fa-plus\"><\/i><\/span>\n\t\t<\/span>\n\n\t\t\t\t\t\t<\/summary>\n\t\t\t\t<div role=\"region\" aria-labelledby=\"e-n-accordion-item-3751\" class=\"elementor-element elementor-element-c469437 e-con-full e-flex e-con e-child\" data-id=\"c469437\" data-element_type=\"container\" data-e-type=\"container\">\n\t\t<div role=\"region\" aria-labelledby=\"e-n-accordion-item-3751\" class=\"elementor-element elementor-element-51de68a e-flex e-con-boxed e-con e-child\" data-id=\"51de68a\" data-element_type=\"container\" data-e-type=\"container\">\n\t\t\t\t\t<div class=\"e-con-inner\">\n\t\t\t\t<div class=\"elementor-element elementor-element-0becc89 elementor-widget elementor-widget-text-editor\" data-id=\"0becc89\" data-element_type=\"widget\" data-e-type=\"widget\" data-widget_type=\"text-editor.default\">\n\t\t\t\t<div class=\"elementor-widget-container\">\n\t\t\t\t\t\t\t\t\t<p>Si desea autorizar el uso de cookies en nuestro sitio web, siga las instrucciones que se indican a continuaci\u00f3n.<\/p><p><strong>Google Chrome<\/strong><\/p><ol><li>Cuando abras el navegador, haz clic en \u00abherramientas\u00bb en la parte superior y selecciona la pesta\u00f1a \u00abopciones\u00bb.<\/li><li>En \u00abopciones\u00bb, haz clic en \u00abprivacidad\u00bb.<\/li><li>Marque \u00abAutorizar la gesti\u00f3n de cookies\u00bb.<\/li><\/ol><p><strong>Microsoft Internet Explorer 6.0, 7.0, 8.0, 9.0 <\/strong><\/p><ol><li>Cuando abras el navegador, haz clic en \u00abherramientas\u00bb en la parte superior y selecciona la pesta\u00f1a \u00abopciones\u00bb.<\/li><li>Compruebe la pesta\u00f1a \u00abConfidencialidad\u00bb para asegurarse de que est\u00e1 ajustada a un nivel de seguridad medio o inferior.<\/li><li>Si la configuraci\u00f3n de Internet no est\u00e1 configurada en un nivel medio, las cookies se bloquear\u00e1n.<\/li><\/ol><p><strong>Mozilla Firefox<\/strong><\/p><ol><li>Cuando abras el navegador, haz clic en \u00abherramientas\u00bb en la parte superior y selecciona la pesta\u00f1a \u00abopciones\u00bb.<\/li><li>Seleccione el icono \u00abPrivacidad\u00bb.<\/li><li>Haga clic en cookies, y marque: \u00abautorizar la instalaci\u00f3n de cookies\u00bb.<\/li><\/ol><p><strong>Safari <\/strong><\/p><ol><li>Cuando abras el navegador, haz clic en \u00abherramientas\u00bb en la parte superior y selecciona la pesta\u00f1a \u00abopciones\u00bb.<\/li><li>Haga clic en la pesta\u00f1a \u00abSeguridad\u00bb y compruebe que la opci\u00f3n \u00abBloquear el acceso a las cookies de terceros\u00bb est\u00e1 marcada.<\/li><li>Haz clic en \u00abGuardar\u00bb.<\/li><\/ol>\t\t\t\t\t\t\t\t<\/div>\n\t\t\t\t<\/div>\n\t\t\t\t\t<\/div>\n\t\t\t\t<\/div>\n\t\t\t\t<\/div>\n\t\t\t\t\t<\/details>\n\t\t\t\t\t\t<details id=\"e-n-accordion-item-3752\" class=\"e-n-accordion-item\" >\n\t\t\t\t<summary class=\"e-n-accordion-item-title\" data-accordion-index=\"3\" tabindex=\"-1\" aria-expanded=\"false\" aria-controls=\"e-n-accordion-item-3752\" >\n\t\t\t\t\t<span class='e-n-accordion-item-title-header'><div class=\"e-n-accordion-item-title-text\"> Configuraci\u00f3n de cookies en el Mac <\/div><\/span>\n\t\t\t\t\t\t\t<span class='e-n-accordion-item-title-icon'>\n\t\t\t<span class='e-opened' ><i aria-hidden=\"true\" class=\"fas fa-minus\"><\/i><\/span>\n\t\t\t<span class='e-closed'><i aria-hidden=\"true\" class=\"fas fa-plus\"><\/i><\/span>\n\t\t<\/span>\n\n\t\t\t\t\t\t<\/summary>\n\t\t\t\t<div role=\"region\" aria-labelledby=\"e-n-accordion-item-3752\" class=\"elementor-element elementor-element-9aaa840 e-con-full e-flex e-con e-child\" data-id=\"9aaa840\" data-element_type=\"container\" data-e-type=\"container\">\n\t\t<div role=\"region\" aria-labelledby=\"e-n-accordion-item-3752\" class=\"elementor-element elementor-element-1389e91 e-flex e-con-boxed e-con e-child\" data-id=\"1389e91\" data-element_type=\"container\" data-e-type=\"container\">\n\t\t\t\t\t<div class=\"e-con-inner\">\n\t\t\t\t<div class=\"elementor-element elementor-element-6d135fa elementor-widget elementor-widget-text-editor\" data-id=\"6d135fa\" data-element_type=\"widget\" data-e-type=\"widget\" data-widget_type=\"text-editor.default\">\n\t\t\t\t<div class=\"elementor-widget-container\">\n\t\t\t\t\t\t\t\t\t<p>Si tiene un Mac y desea autorizar el acceso a nuestras cookies en su ordenador, siga las instrucciones que se indican a continuaci\u00f3n:<\/p><p><strong>Microsoft Internet Explorer 5.0 en OSX<\/strong><\/p><ol><li>Vaya a \u00abExplorador\u00bb y seleccione \u00abPreferencias\u00bb en la barra de navegaci\u00f3n.<\/li><li>Despl\u00e1cese hacia abajo hasta que vea \u00abCookies\u00bb justo debajo de \u00abArchivos recibidos\u00bb.<\/li><li>Marca la casilla \u00abNo volver a preguntar\u00bb.<\/li><\/ol><p><strong>Safari en OSX<\/strong><\/p><ol><li>Vaya a Safari y seleccione \u00abPreferencias\u00bb en la barra de navegaci\u00f3n.<\/li><li>Haga clic en la pesta\u00f1a \u00abSeguridad\u00bb y marque la opci\u00f3n \u00abAceptar cookies\u00bb.<\/li><li>Seleccione la opci\u00f3n: \u00abS\u00f3lo para el sitio por el que estoy navegando\u00bb.<\/li><\/ol><p><strong>Mozilla y Netscape en OSX<\/strong><\/p><ol><li>Vaya a \u00abMozilla\u00bb o \u00abNetscape\u00bb y, en la parte superior de su navegador, marque la opci\u00f3n \u00abPreferencias\u00bb.<\/li><li>Despl\u00e1cese hacia abajo hasta que vea \u00abCookies\u00bb justo debajo de \u00abConfidencialidad y seguridad\u00bb.<\/li><li>Marque la opci\u00f3n \u00abPermitir el acceso a las cookies s\u00f3lo del sitio actual\u00bb.<\/li><\/ol><p><strong> Opera<\/strong><\/p><ol><li>Vaya a \u00abOpera\u00bb y seleccione \u00abMen\u00fa\u00bb y \u00abConfiguraci\u00f3n\u00bb en la barra de navegaci\u00f3n.<\/li><li>Seleccione \u00abPreferencias\u00bb y haga clic en la pesta\u00f1a \u00abAvanzado\u00bb.<\/li><li>Marque la opci\u00f3n \u00abAceptar cookies\u00bb.<\/li><\/ol>\t\t\t\t\t\t\t\t<\/div>\n\t\t\t\t<\/div>\n\t\t\t\t\t<\/div>\n\t\t\t\t<\/div>\n\t\t\t\t<\/div>\n\t\t\t\t\t<\/details>\n\t\t\t\t\t<\/div>\n\t\t\t\t\t\t<\/div>\n\t\t\t\t<\/div>\n\t\t\t\t<div class=\"elementor-element elementor-element-6ffafb0 elementor-widget elementor-widget-text-editor\" data-id=\"6ffafb0\" data-element_type=\"widget\" data-e-type=\"widget\" data-widget_type=\"text-editor.default\">\n\t\t\t\t<div class=\"elementor-widget-container\">\n\t\t\t\t\t\t\t\t\t<div class=\"cky-audit-table-element\"\/>\t\t\t\t\t\t\t\t<\/div>\n\t\t\t\t<\/div>\n\t\t\t\t<\/div>\n\t\t\t\t\t<\/div>\n\t\t\t\t<\/div>\n\t\t\t\t<\/div>\n\t\t","protected":false},"excerpt":{"rendered":"<p>Pol\u00edtica de cookies Utilizamos cookies para facilitarle el uso de nuestro sitio web. Las cookies son peque\u00f1os archivos de datos que nos permiten comparar y comprender c\u00f3mo navegan nuestros usuarios por nuestro sitio web, de modo que podamos mejorar el proceso de navegaci\u00f3n en consecuencia. Las cookies que utilizamos no almacenan ning\u00fan dato personal ni [&hellip;]<\/p>\n","protected":false},"author":5,"featured_media":0,"parent":0,"menu_order":0,"comment_status":"closed","ping_status":"closed","template":"elementor_header_footer","meta":{"_acf_changed":false,"inline_featured_image":false,"footnotes":""},"class_list":["post-13394","page","type-page","status-publish","hentry"],"acf":[],"_links":{"self":[{"href":"https:\/\/evasionauthentic.com\/es\/wp-json\/wp\/v2\/pages\/13394","targetHints":{"allow":["GET"]}}],"collection":[{"href":"https:\/\/evasionauthentic.com\/es\/wp-json\/wp\/v2\/pages"}],"about":[{"href":"https:\/\/evasionauthentic.com\/es\/wp-json\/wp\/v2\/types\/page"}],"author":[{"embeddable":true,"href":"https:\/\/evasionauthentic.com\/es\/wp-json\/wp\/v2\/users\/5"}],"replies":[{"embeddable":true,"href":"https:\/\/evasionauthentic.com\/es\/wp-json\/wp\/v2\/comments?post=13394"}],"version-history":[{"count":4,"href":"https:\/\/evasionauthentic.com\/es\/wp-json\/wp\/v2\/pages\/13394\/revisions"}],"predecessor-version":[{"id":14532,"href":"https:\/\/evasionauthentic.com\/es\/wp-json\/wp\/v2\/pages\/13394\/revisions\/14532"}],"wp:attachment":[{"href":"https:\/\/evasionauthentic.com\/es\/wp-json\/wp\/v2\/media?parent=13394"}],"curies":[{"name":"wp","href":"https:\/\/api.w.org\/{rel}","templated":true}]}}