{"id":13396,"date":"2025-02-07T14:06:42","date_gmt":"2025-02-07T13:06:42","guid":{"rendered":"https:\/\/dev.evasionauthentic.com\/condiciones-generales-de-venta\/"},"modified":"2025-03-25T09:39:59","modified_gmt":"2025-03-25T08:39:59","slug":"condiciones-generales-de-venta","status":"publish","type":"page","link":"https:\/\/evasionauthentic.com\/es\/condiciones-generales-de-venta\/","title":{"rendered":"Condiciones generales de venta"},"content":{"rendered":"\t\t<div data-elementor-type=\"wp-page\" data-elementor-id=\"13396\" class=\"elementor elementor-13396 elementor-1629\" data-elementor-post-type=\"page\">\n\t\t\t\t<div class=\"elementor-element elementor-element-9ee1d43 e-flex e-con-boxed e-con e-parent\" data-id=\"9ee1d43\" data-element_type=\"container\" data-e-type=\"container\">\n\t\t\t\t\t<div class=\"e-con-inner\">\n\t\t<div class=\"elementor-element elementor-element-ffadc17 e-con-full e-flex e-con e-child\" data-id=\"ffadc17\" data-element_type=\"container\" data-e-type=\"container\">\n\t\t\t\t<div class=\"elementor-element elementor-element-39fe179 elementor-widget elementor-widget-heading\" data-id=\"39fe179\" data-element_type=\"widget\" data-e-type=\"widget\" data-widget_type=\"heading.default\">\n\t\t\t\t<div class=\"elementor-widget-container\">\n\t\t\t\t\t<h1 class=\"elementor-heading-title elementor-size-default\">Condiciones generales de venta<\/h1>\t\t\t\t<\/div>\n\t\t\t\t<\/div>\n\t\t\t\t<div class=\"elementor-element elementor-element-0eb2fc5 elementor-widget elementor-widget-n-accordion\" data-id=\"0eb2fc5\" data-element_type=\"widget\" data-e-type=\"widget\" data-settings=\"{&quot;default_state&quot;:&quot;expanded&quot;,&quot;max_items_expended&quot;:&quot;one&quot;,&quot;n_accordion_animation_duration&quot;:{&quot;unit&quot;:&quot;ms&quot;,&quot;size&quot;:400,&quot;sizes&quot;:[]}}\" data-widget_type=\"nested-accordion.default\">\n\t\t\t\t<div class=\"elementor-widget-container\">\n\t\t\t\t\t\t\t<div class=\"e-n-accordion\" aria-label=\"Accordion. Open links with Enter or Space, close with Escape, and navigate with Arrow Keys\">\n\t\t\t\t\t\t<details id=\"e-n-accordion-item-1540\" class=\"e-n-accordion-item\" open>\n\t\t\t\t<summary class=\"e-n-accordion-item-title\" data-accordion-index=\"1\" tabindex=\"0\" aria-expanded=\"true\" aria-controls=\"e-n-accordion-item-1540\" >\n\t\t\t\t\t<span class='e-n-accordion-item-title-header'><div class=\"e-n-accordion-item-title-text\"> 1. Introducci\u00f3n <\/div><\/span>\n\t\t\t\t\t\t\t<span class='e-n-accordion-item-title-icon'>\n\t\t\t<span class='e-opened' ><i aria-hidden=\"true\" class=\"fas fa-minus\"><\/i><\/span>\n\t\t\t<span class='e-closed'><i aria-hidden=\"true\" class=\"fas fa-plus\"><\/i><\/span>\n\t\t<\/span>\n\n\t\t\t\t\t\t<\/summary>\n\t\t\t\t<div role=\"region\" aria-labelledby=\"e-n-accordion-item-1540\" class=\"elementor-element elementor-element-1598a9c e-con-full e-flex e-con e-child\" data-id=\"1598a9c\" data-element_type=\"container\" data-e-type=\"container\">\n\t\t<div role=\"region\" aria-labelledby=\"e-n-accordion-item-1540\" class=\"elementor-element elementor-element-d81caa1 e-flex e-con-boxed e-con e-child\" data-id=\"d81caa1\" data-element_type=\"container\" data-e-type=\"container\">\n\t\t\t\t\t<div class=\"e-con-inner\">\n\t\t\t\t<div class=\"elementor-element elementor-element-dccc75d elementor-widget elementor-widget-text-editor\" data-id=\"dccc75d\" data-element_type=\"widget\" data-e-type=\"widget\" data-widget_type=\"text-editor.default\">\n\t\t\t\t<div class=\"elementor-widget-container\">\n\t\t\t\t\t\t\t\t\t<p>Las presentes condiciones generales de venta (en adelante \u00abCGV\u00bb) regulan la venta de excursiones, actividades y paquetes que incluyen estancias de hotel en Palma de Mallorca (en adelante \u00ablos Servicios\u00bb) ofrecidos por Evasion Authentic Consulting SL (en adelante \u00abla Empresa\u00bb). Al reservar un Servicio, usted acepta estos T&amp;Cs en su totalidad. <\/p>\t\t\t\t\t\t\t\t<\/div>\n\t\t\t\t<\/div>\n\t\t\t\t\t<\/div>\n\t\t\t\t<\/div>\n\t\t\t\t<\/div>\n\t\t\t\t\t<\/details>\n\t\t\t\t\t\t<details id=\"e-n-accordion-item-1541\" class=\"e-n-accordion-item\" >\n\t\t\t\t<summary class=\"e-n-accordion-item-title\" data-accordion-index=\"2\" tabindex=\"-1\" aria-expanded=\"false\" aria-controls=\"e-n-accordion-item-1541\" >\n\t\t\t\t\t<span class='e-n-accordion-item-title-header'><div class=\"e-n-accordion-item-title-text\"> 2. Reservas <\/div><\/span>\n\t\t\t\t\t\t\t<span class='e-n-accordion-item-title-icon'>\n\t\t\t<span class='e-opened' ><i aria-hidden=\"true\" class=\"fas fa-minus\"><\/i><\/span>\n\t\t\t<span class='e-closed'><i aria-hidden=\"true\" class=\"fas fa-plus\"><\/i><\/span>\n\t\t<\/span>\n\n\t\t\t\t\t\t<\/summary>\n\t\t\t\t<div role=\"region\" aria-labelledby=\"e-n-accordion-item-1541\" class=\"elementor-element elementor-element-c0fcfdb e-con-full e-flex e-con e-child\" data-id=\"c0fcfdb\" data-element_type=\"container\" data-e-type=\"container\">\n\t\t<div role=\"region\" aria-labelledby=\"e-n-accordion-item-1541\" class=\"elementor-element elementor-element-062079c e-flex e-con-boxed e-con e-child\" data-id=\"062079c\" data-element_type=\"container\" data-e-type=\"container\">\n\t\t\t\t\t<div class=\"e-con-inner\">\n\t\t\t\t<div class=\"elementor-element elementor-element-5611f99 elementor-widget elementor-widget-text-editor\" data-id=\"5611f99\" data-element_type=\"widget\" data-e-type=\"widget\" data-widget_type=\"text-editor.default\">\n\t\t\t\t<div class=\"elementor-widget-container\">\n\t\t\t\t\t\t\t\t\t<p>2.1. Las reservas pueden realizarse en l\u00ednea a trav\u00e9s de nuestra p\u00e1gina web: <a href=\"http:\/\/www.evasionauthentic.com\/es\">www.evasionauthentic.com<\/a>.<br>2.2. Se le enviar\u00e1 una confirmaci\u00f3n de reserva por correo electr\u00f3nico una vez que se haya validado su pago.<br>2.3. La v\u00edspera de la excursi\u00f3n o en el momento del check-in en el hotel, hacia las 18.00 h, se le informar\u00e1 por WhatsApp de la hora de recogida, de su gu\u00eda y de los detalles de su estancia.   <\/p>\t\t\t\t\t\t\t\t<\/div>\n\t\t\t\t<\/div>\n\t\t\t\t\t<\/div>\n\t\t\t\t<\/div>\n\t\t\t\t<\/div>\n\t\t\t\t\t<\/details>\n\t\t\t\t\t\t<details id=\"e-n-accordion-item-1542\" class=\"e-n-accordion-item\" >\n\t\t\t\t<summary class=\"e-n-accordion-item-title\" data-accordion-index=\"3\" tabindex=\"-1\" aria-expanded=\"false\" aria-controls=\"e-n-accordion-item-1542\" >\n\t\t\t\t\t<span class='e-n-accordion-item-title-header'><div class=\"e-n-accordion-item-title-text\"> 3. Precios y pagos <\/div><\/span>\n\t\t\t\t\t\t\t<span class='e-n-accordion-item-title-icon'>\n\t\t\t<span class='e-opened' ><i aria-hidden=\"true\" class=\"fas fa-minus\"><\/i><\/span>\n\t\t\t<span class='e-closed'><i aria-hidden=\"true\" class=\"fas fa-plus\"><\/i><\/span>\n\t\t<\/span>\n\n\t\t\t\t\t\t<\/summary>\n\t\t\t\t<div role=\"region\" aria-labelledby=\"e-n-accordion-item-1542\" class=\"elementor-element elementor-element-0c3d97b e-con-full e-flex e-con e-child\" data-id=\"0c3d97b\" data-element_type=\"container\" data-e-type=\"container\">\n\t\t<div role=\"region\" aria-labelledby=\"e-n-accordion-item-1542\" class=\"elementor-element elementor-element-228f592 e-flex e-con-boxed e-con e-child\" data-id=\"228f592\" data-element_type=\"container\" data-e-type=\"container\">\n\t\t\t\t\t<div class=\"e-con-inner\">\n\t\t\t\t<div class=\"elementor-element elementor-element-4a38511 elementor-widget elementor-widget-text-editor\" data-id=\"4a38511\" data-element_type=\"widget\" data-e-type=\"widget\" data-widget_type=\"text-editor.default\">\n\t\t\t\t<div class=\"elementor-widget-container\">\n\t\t\t\t\t\t\t\t\t<p>3.1. Los precios de los Servicios, incluidas las excursiones, actividades y paquetes de hotel, se indican en euros e incluyen todos los impuestos aplicables.<br>3.2. El pago debe efectuarse en el momento de la reserva mediante los m\u00e9todos de pago disponibles en nuestro sitio web.<br><strong>3.3. Precios de los hoteles :<\/strong> Los precios de los hoteles incluidos en los paquetes pueden variar en funci\u00f3n del \u00edndice de ocupaci\u00f3n y de la disponibilidad de habitaciones. Las tarifas indicadas en el momento de la reserva est\u00e1n garantizadas una vez confirmada la reserva. No obstante, si se solicita un cambio en la reserva, podr\u00e1n aplicarse las nuevas tarifas vigentes en funci\u00f3n del grado de ocupaci\u00f3n del hotel en la nueva fecha.    <\/p>\t\t\t\t\t\t\t\t<\/div>\n\t\t\t\t<\/div>\n\t\t\t\t\t<\/div>\n\t\t\t\t<\/div>\n\t\t\t\t<\/div>\n\t\t\t\t\t<\/details>\n\t\t\t\t\t\t<details id=\"e-n-accordion-item-1543\" class=\"e-n-accordion-item\" >\n\t\t\t\t<summary class=\"e-n-accordion-item-title\" data-accordion-index=\"4\" tabindex=\"-1\" aria-expanded=\"false\" aria-controls=\"e-n-accordion-item-1543\" >\n\t\t\t\t\t<span class='e-n-accordion-item-title-header'><div class=\"e-n-accordion-item-title-text\"> 4. Anulaci\u00f3n y modificaci\u00f3n <\/div><\/span>\n\t\t\t\t\t\t\t<span class='e-n-accordion-item-title-icon'>\n\t\t\t<span class='e-opened' ><i aria-hidden=\"true\" class=\"fas fa-minus\"><\/i><\/span>\n\t\t\t<span class='e-closed'><i aria-hidden=\"true\" class=\"fas fa-plus\"><\/i><\/span>\n\t\t<\/span>\n\n\t\t\t\t\t\t<\/summary>\n\t\t\t\t<div role=\"region\" aria-labelledby=\"e-n-accordion-item-1543\" class=\"elementor-element elementor-element-77a888d e-flex e-con-boxed e-con e-child\" data-id=\"77a888d\" data-element_type=\"container\" data-e-type=\"container\">\n\t\t\t\t\t<div class=\"e-con-inner\">\n\t\t<div role=\"region\" aria-labelledby=\"e-n-accordion-item-1543\" class=\"elementor-element elementor-element-16d1b8f e-con-full e-flex e-con e-child\" data-id=\"16d1b8f\" data-element_type=\"container\" data-e-type=\"container\">\n\t\t\t\t<div class=\"elementor-element elementor-element-ce90252 elementor-widget elementor-widget-text-editor\" data-id=\"ce90252\" data-element_type=\"widget\" data-e-type=\"widget\" data-widget_type=\"text-editor.default\">\n\t\t\t\t<div class=\"elementor-widget-container\">\n\t\t\t\t\t\t\t\t\t<p>4.1. Las solicitudes de cancelaci\u00f3n o modificaci\u00f3n de una reserva deber\u00e1n enviarse por correo electr\u00f3nico a <a href=\"mailto:reservas@evasionauthentic.com\">reservas@evasionauthentic.com<\/a>, indicando su n\u00famero de reserva.<br>4.2. Las cancelaciones efectuadas con m\u00e1s de 48 horas de antelaci\u00f3n a la fecha prevista de la excursi\u00f3n o del registro en el hotel son reembolsables, sujetas a gastos administrativos.<br>4.3. Las cancelaciones efectuadas con menos de 48 horas de antelaci\u00f3n a la fecha prevista de la excursi\u00f3n o del registro en el hotel no son reembolsables y se cobrar\u00e1 el 100% de los gastos.<br>4.4. Los cambios en la reserva est\u00e1n sujetos a disponibilidad y pueden conllevar cargos adicionales, incluidos ajustes de tarifas en funci\u00f3n de la ocupaci\u00f3n del hotel.<br>4.5. <strong>Pol\u00edtica de cancelaci\u00f3n espec\u00edfica del hotel: <\/strong>Las condiciones de cancelaci\u00f3n pueden variar seg\u00fan las ofertas de los hoteles. Estas condiciones espec\u00edficas se indicar\u00e1n claramente en el resumen de su reserva. Es importante consultar estas condiciones antes de finalizar su reserva.<br>4.6. Evasi\u00f3n Aut\u00e9ntica se reserva el derecho de modificar o cancelar una actividad o estancia en un hotel en caso de condiciones meteorol\u00f3gicas adversas o cualquier otro acontecimiento fuera de su control. En caso de cancelaci\u00f3n, el cliente recibir\u00e1 un reembolso completo.        <\/p>\t\t\t\t\t\t\t\t<\/div>\n\t\t\t\t<\/div>\n\t\t\t\t<\/div>\n\t\t\t\t\t<\/div>\n\t\t\t\t<\/div>\n\t\t\t\t\t<\/details>\n\t\t\t\t\t\t<details id=\"e-n-accordion-item-1544\" class=\"e-n-accordion-item\" >\n\t\t\t\t<summary class=\"e-n-accordion-item-title\" data-accordion-index=\"5\" tabindex=\"-1\" aria-expanded=\"false\" aria-controls=\"e-n-accordion-item-1544\" >\n\t\t\t\t\t<span class='e-n-accordion-item-title-header'><div class=\"e-n-accordion-item-title-text\"> 5. Responsabilidad <\/div><\/span>\n\t\t\t\t\t\t\t<span class='e-n-accordion-item-title-icon'>\n\t\t\t<span class='e-opened' ><i aria-hidden=\"true\" class=\"fas fa-minus\"><\/i><\/span>\n\t\t\t<span class='e-closed'><i aria-hidden=\"true\" class=\"fas fa-plus\"><\/i><\/span>\n\t\t<\/span>\n\n\t\t\t\t\t\t<\/summary>\n\t\t\t\t<div role=\"region\" aria-labelledby=\"e-n-accordion-item-1544\" class=\"elementor-element elementor-element-9227285 e-flex e-con-boxed e-con e-child\" data-id=\"9227285\" data-element_type=\"container\" data-e-type=\"container\">\n\t\t\t\t\t<div class=\"e-con-inner\">\n\t\t<div role=\"region\" aria-labelledby=\"e-n-accordion-item-1544\" class=\"elementor-element elementor-element-1d44a18 e-con-full e-flex e-con e-child\" data-id=\"1d44a18\" data-element_type=\"container\" data-e-type=\"container\">\n\t\t\t\t<div class=\"elementor-element elementor-element-f9ed9db elementor-widget elementor-widget-text-editor\" data-id=\"f9ed9db\" data-element_type=\"widget\" data-e-type=\"widget\" data-widget_type=\"text-editor.default\">\n\t\t\t\t<div class=\"elementor-widget-container\">\n\t\t\t\t\t\t\t\t\t<p>5.1. La Compa\u00f1\u00eda no se hace responsable de los retrasos o cancelaciones debidos a circunstancias ajenas a su control, como condiciones meteorol\u00f3gicas adversas, casos de fuerza mayor o incidentes relacionados con los proveedores de alojamiento.<br>5.2. Los participantes y clientes alojados deber\u00e1n respetar las instrucciones y normas de seguridad vigentes durante las excursiones, actividades y estancias. La Empresa no podr\u00e1 ser considerada responsable de los accidentes o incidentes derivados del incumplimiento de dichas instrucciones.   <\/p>\t\t\t\t\t\t\t\t<\/div>\n\t\t\t\t<\/div>\n\t\t\t\t<\/div>\n\t\t\t\t\t<\/div>\n\t\t\t\t<\/div>\n\t\t\t\t\t<\/details>\n\t\t\t\t\t\t<details id=\"e-n-accordion-item-1545\" class=\"e-n-accordion-item\" >\n\t\t\t\t<summary class=\"e-n-accordion-item-title\" data-accordion-index=\"6\" tabindex=\"-1\" aria-expanded=\"false\" aria-controls=\"e-n-accordion-item-1545\" >\n\t\t\t\t\t<span class='e-n-accordion-item-title-header'><div class=\"e-n-accordion-item-title-text\"> 6. Protecci\u00f3n de datos <\/div><\/span>\n\t\t\t\t\t\t\t<span class='e-n-accordion-item-title-icon'>\n\t\t\t<span class='e-opened' ><i aria-hidden=\"true\" class=\"fas fa-minus\"><\/i><\/span>\n\t\t\t<span class='e-closed'><i aria-hidden=\"true\" class=\"fas fa-plus\"><\/i><\/span>\n\t\t<\/span>\n\n\t\t\t\t\t\t<\/summary>\n\t\t\t\t<div role=\"region\" aria-labelledby=\"e-n-accordion-item-1545\" class=\"elementor-element elementor-element-0bb82d9 e-flex e-con-boxed e-con e-child\" data-id=\"0bb82d9\" data-element_type=\"container\" data-e-type=\"container\">\n\t\t\t\t\t<div class=\"e-con-inner\">\n\t\t<div role=\"region\" aria-labelledby=\"e-n-accordion-item-1545\" class=\"elementor-element elementor-element-b1bc9fc e-con-full e-flex e-con e-child\" data-id=\"b1bc9fc\" data-element_type=\"container\" data-e-type=\"container\">\n\t\t\t\t<div class=\"elementor-element elementor-element-eb98eb4 elementor-widget elementor-widget-text-editor\" data-id=\"eb98eb4\" data-element_type=\"widget\" data-e-type=\"widget\" data-widget_type=\"text-editor.default\">\n\t\t\t\t<div class=\"elementor-widget-container\">\n\t\t\t\t\t\t\t\t\t<p>6.1. Tiene derecho a acceder, rectificar y suprimir sus datos personales poni\u00e9ndose en contacto con nosotros en <a href=\"mailto:sav@evasionauthentic.com\">sav@evasionauthentic.com.<br><\/a>6.2. Los datos personales recogidos en el momento del pedido son necesarios para la tramitaci\u00f3n y gesti\u00f3n de las reservas. No se utilizar\u00e1n con fines comerciales sin el consentimiento del cliente.   <\/p>\t\t\t\t\t\t\t\t<\/div>\n\t\t\t\t<\/div>\n\t\t\t\t<\/div>\n\t\t\t\t\t<\/div>\n\t\t\t\t<\/div>\n\t\t\t\t\t<\/details>\n\t\t\t\t\t\t<details id=\"e-n-accordion-item-1546\" class=\"e-n-accordion-item\" >\n\t\t\t\t<summary class=\"e-n-accordion-item-title\" data-accordion-index=\"7\" tabindex=\"-1\" aria-expanded=\"false\" aria-controls=\"e-n-accordion-item-1546\" >\n\t\t\t\t\t<span class='e-n-accordion-item-title-header'><div class=\"e-n-accordion-item-title-text\"> 7. Legislaci\u00f3n y jurisdicci\u00f3n aplicables <\/div><\/span>\n\t\t\t\t\t\t\t<span class='e-n-accordion-item-title-icon'>\n\t\t\t<span class='e-opened' ><i aria-hidden=\"true\" class=\"fas fa-minus\"><\/i><\/span>\n\t\t\t<span class='e-closed'><i aria-hidden=\"true\" class=\"fas fa-plus\"><\/i><\/span>\n\t\t<\/span>\n\n\t\t\t\t\t\t<\/summary>\n\t\t\t\t<div role=\"region\" aria-labelledby=\"e-n-accordion-item-1546\" class=\"elementor-element elementor-element-ce7c2c7 e-flex e-con-boxed e-con e-child\" data-id=\"ce7c2c7\" data-element_type=\"container\" data-e-type=\"container\">\n\t\t\t\t\t<div class=\"e-con-inner\">\n\t\t<div role=\"region\" aria-labelledby=\"e-n-accordion-item-1546\" class=\"elementor-element elementor-element-b65363d e-con-full e-flex e-con e-child\" data-id=\"b65363d\" data-element_type=\"container\" data-e-type=\"container\">\n\t\t\t\t<div class=\"elementor-element elementor-element-0f86a8a elementor-widget elementor-widget-text-editor\" data-id=\"0f86a8a\" data-element_type=\"widget\" data-e-type=\"widget\" data-widget_type=\"text-editor.default\">\n\t\t\t\t<div class=\"elementor-widget-container\">\n\t\t\t\t\t\t\t\t\t<p>7.1. Las presentes CGV se rigen por la legislaci\u00f3n espa\u00f1ola.<br>7.2. Cualquier disputa relacionada con la venta de los Servicios estar\u00e1 sujeta a la jurisdicci\u00f3n exclusiva de los tribunales de Palma de Mallorca.  <\/p>\t\t\t\t\t\t\t\t<\/div>\n\t\t\t\t<\/div>\n\t\t\t\t<\/div>\n\t\t\t\t\t<\/div>\n\t\t\t\t<\/div>\n\t\t\t\t\t<\/details>\n\t\t\t\t\t\t<details id=\"e-n-accordion-item-1547\" class=\"e-n-accordion-item\" >\n\t\t\t\t<summary class=\"e-n-accordion-item-title\" data-accordion-index=\"8\" tabindex=\"-1\" aria-expanded=\"false\" aria-controls=\"e-n-accordion-item-1547\" >\n\t\t\t\t\t<span class='e-n-accordion-item-title-header'><div class=\"e-n-accordion-item-title-text\"> 8. No hay derecho de desistimiento <\/div><\/span>\n\t\t\t\t\t\t\t<span class='e-n-accordion-item-title-icon'>\n\t\t\t<span class='e-opened' ><i aria-hidden=\"true\" class=\"fas fa-minus\"><\/i><\/span>\n\t\t\t<span class='e-closed'><i aria-hidden=\"true\" class=\"fas fa-plus\"><\/i><\/span>\n\t\t<\/span>\n\n\t\t\t\t\t\t<\/summary>\n\t\t\t\t<div role=\"region\" aria-labelledby=\"e-n-accordion-item-1547\" class=\"elementor-element elementor-element-d17b333 e-flex e-con-boxed e-con e-child\" data-id=\"d17b333\" data-element_type=\"container\" data-e-type=\"container\">\n\t\t\t\t\t<div class=\"e-con-inner\">\n\t\t<div role=\"region\" aria-labelledby=\"e-n-accordion-item-1547\" class=\"elementor-element elementor-element-10e1135 e-con-full e-flex e-con e-child\" data-id=\"10e1135\" data-element_type=\"container\" data-e-type=\"container\">\n\t\t\t\t<div class=\"elementor-element elementor-element-32ac0c5 elementor-widget elementor-widget-text-editor\" data-id=\"32ac0c5\" data-element_type=\"widget\" data-e-type=\"widget\" data-widget_type=\"text-editor.default\">\n\t\t\t\t<div class=\"elementor-widget-container\">\n\t\t\t\t\t\t\t\t\t<p>De conformidad con la normativa vigente, las reservas hoteleras realizadas a trav\u00e9s de nuestro sitio web no se benefician del derecho de desistimiento. Por consiguiente, todas las reservas de hotel son firmes y definitivas una vez confirmadas, sujetas a las condiciones de cancelaci\u00f3n especificadas en el art\u00edculo 4 de las presentes CGC. <\/p>\t\t\t\t\t\t\t\t<\/div>\n\t\t\t\t<\/div>\n\t\t\t\t<\/div>\n\t\t\t\t\t<\/div>\n\t\t\t\t<\/div>\n\t\t\t\t\t<\/details>\n\t\t\t\t\t\t<details id=\"e-n-accordion-item-1548\" class=\"e-n-accordion-item\" >\n\t\t\t\t<summary class=\"e-n-accordion-item-title\" data-accordion-index=\"9\" tabindex=\"-1\" aria-expanded=\"false\" aria-controls=\"e-n-accordion-item-1548\" >\n\t\t\t\t\t<span class='e-n-accordion-item-title-header'><div class=\"e-n-accordion-item-title-text\"> 9. Contacto <\/div><\/span>\n\t\t\t\t\t\t\t<span class='e-n-accordion-item-title-icon'>\n\t\t\t<span class='e-opened' ><i aria-hidden=\"true\" class=\"fas fa-minus\"><\/i><\/span>\n\t\t\t<span class='e-closed'><i aria-hidden=\"true\" class=\"fas fa-plus\"><\/i><\/span>\n\t\t<\/span>\n\n\t\t\t\t\t\t<\/summary>\n\t\t\t\t<div role=\"region\" aria-labelledby=\"e-n-accordion-item-1548\" class=\"elementor-element elementor-element-596a406 e-flex e-con-boxed e-con e-child\" data-id=\"596a406\" data-element_type=\"container\" data-e-type=\"container\">\n\t\t\t\t\t<div class=\"e-con-inner\">\n\t\t<div role=\"region\" aria-labelledby=\"e-n-accordion-item-1548\" class=\"elementor-element elementor-element-e288bb8 e-con-full e-flex e-con e-child\" data-id=\"e288bb8\" data-element_type=\"container\" data-e-type=\"container\">\n\t\t\t\t<div class=\"elementor-element elementor-element-5602b90 elementor-widget elementor-widget-text-editor\" data-id=\"5602b90\" data-element_type=\"widget\" data-e-type=\"widget\" data-widget_type=\"text-editor.default\">\n\t\t\t\t<div class=\"elementor-widget-container\">\n\t\t\t\t\t\t\t\t\tSi tiene alguna pregunta sobre estas CGV, puede ponerse en contacto con nosotros en <a href=\"mailto:sav@evasionauthentic.com\" style=\"color:#000000;\">sav@evasionauthentic.com<\/a> o por tel\u00e9fono en el <a href=\"tel:3497183199797\" style=\"color:#000000;\">+34 971 83 19 97 97<\/a> | <a href=\"tel:34623243830\" style=\"color:#000000;\">+34 623 24 38 30<\/a>.\t\t\t\t\t\t\t\t<\/div>\n\t\t\t\t<\/div>\n\t\t\t\t<\/div>\n\t\t\t\t\t<\/div>\n\t\t\t\t<\/div>\n\t\t\t\t\t<\/details>\n\t\t\t\t\t\t<details id=\"e-n-accordion-item-1549\" class=\"e-n-accordion-item\" >\n\t\t\t\t<summary class=\"e-n-accordion-item-title\" data-accordion-index=\"10\" tabindex=\"-1\" aria-expanded=\"false\" aria-controls=\"e-n-accordion-item-1549\" >\n\t\t\t\t\t<span class='e-n-accordion-item-title-header'><div class=\"e-n-accordion-item-title-text\"> 10. Aceptaci\u00f3n del GTCS <\/div><\/span>\n\t\t\t\t\t\t\t<span class='e-n-accordion-item-title-icon'>\n\t\t\t<span class='e-opened' ><i aria-hidden=\"true\" class=\"fas fa-minus\"><\/i><\/span>\n\t\t\t<span class='e-closed'><i aria-hidden=\"true\" class=\"fas fa-plus\"><\/i><\/span>\n\t\t<\/span>\n\n\t\t\t\t\t\t<\/summary>\n\t\t\t\t<div role=\"region\" aria-labelledby=\"e-n-accordion-item-1549\" class=\"elementor-element elementor-element-ef5fc51 e-flex e-con-boxed e-con e-child\" data-id=\"ef5fc51\" data-element_type=\"container\" data-e-type=\"container\">\n\t\t\t\t\t<div class=\"e-con-inner\">\n\t\t<div role=\"region\" aria-labelledby=\"e-n-accordion-item-1549\" class=\"elementor-element elementor-element-17296db e-con-full e-flex e-con e-child\" data-id=\"17296db\" data-element_type=\"container\" data-e-type=\"container\">\n\t\t\t\t<div class=\"elementor-element elementor-element-150f6fd elementor-widget elementor-widget-text-editor\" data-id=\"150f6fd\" data-element_type=\"widget\" data-e-type=\"widget\" data-widget_type=\"text-editor.default\">\n\t\t\t\t<div class=\"elementor-widget-container\">\n\t\t\t\t\t\t\t\t\t<p>Al reservar un Servicio en nuestro sitio web, usted reconoce haber le\u00eddo las presentes Condiciones Generales y las acepta sin reservas.<\/p>\t\t\t\t\t\t\t\t<\/div>\n\t\t\t\t<\/div>\n\t\t\t\t<\/div>\n\t\t\t\t\t<\/div>\n\t\t\t\t<\/div>\n\t\t\t\t\t<\/details>\n\t\t\t\t\t<\/div>\n\t\t\t\t\t\t<\/div>\n\t\t\t\t<\/div>\n\t\t\t\t<\/div>\n\t\t\t\t\t<\/div>\n\t\t\t\t<\/div>\n\t\t\t\t<\/div>\n\t\t","protected":false},"excerpt":{"rendered":"<p>Condiciones generales de venta 1. Introducci\u00f3n Las presentes condiciones generales de venta (en adelante \u00ab\u00a0CGV\u00a0\u00bb) regulan la venta de excursiones, actividades y paquetes que incluyen estancias de hotel en Palma de Mallorca (en adelante \u00ab\u00a0los Servicios\u00a0\u00bb) ofrecidos por Evasion Authentic Consulting SL (en adelante \u00ab\u00a0la Empresa\u00a0\u00bb). Al reservar un Servicio, usted acepta estos T&amp;Cs en [&hellip;]<\/p>\n","protected":false},"author":5,"featured_media":0,"parent":0,"menu_order":0,"comment_status":"closed","ping_status":"closed","template":"elementor_header_footer","meta":{"_acf_changed":false,"inline_featured_image":false,"footnotes":""},"class_list":["post-13396","page","type-page","status-publish","hentry"],"acf":[],"_links":{"self":[{"href":"https:\/\/evasionauthentic.com\/es\/wp-json\/wp\/v2\/pages\/13396","targetHints":{"allow":["GET"]}}],"collection":[{"href":"https:\/\/evasionauthentic.com\/es\/wp-json\/wp\/v2\/pages"}],"about":[{"href":"https:\/\/evasionauthentic.com\/es\/wp-json\/wp\/v2\/types\/page"}],"author":[{"embeddable":true,"href":"https:\/\/evasionauthentic.com\/es\/wp-json\/wp\/v2\/users\/5"}],"replies":[{"embeddable":true,"href":"https:\/\/evasionauthentic.com\/es\/wp-json\/wp\/v2\/comments?post=13396"}],"version-history":[{"count":1,"href":"https:\/\/evasionauthentic.com\/es\/wp-json\/wp\/v2\/pages\/13396\/revisions"}],"predecessor-version":[{"id":13397,"href":"https:\/\/evasionauthentic.com\/es\/wp-json\/wp\/v2\/pages\/13396\/revisions\/13397"}],"wp:attachment":[{"href":"https:\/\/evasionauthentic.com\/es\/wp-json\/wp\/v2\/media?parent=13396"}],"curies":[{"name":"wp","href":"https:\/\/api.w.org\/{rel}","templated":true}]}}