{"id":18344,"date":"2025-12-30T23:19:18","date_gmt":"2025-12-30T22:19:18","guid":{"rendered":"https:\/\/evasionauthentic.com\/carrito\/"},"modified":"2026-02-20T16:27:48","modified_gmt":"2026-02-20T15:27:48","slug":"carrito","status":"publish","type":"page","link":"https:\/\/evasionauthentic.com\/es\/carrito\/","title":{"rendered":"Carrito"},"content":{"rendered":"\n<div data-block-name=\"woocommerce\/cart\" class=\"wp-block-woocommerce-cart alignwide is-loading\">\n<div data-block-name=\"woocommerce\/filled-cart-block\" class=\"wp-block-woocommerce-filled-cart-block\">\n<div data-block-name=\"woocommerce\/cart-items-block\" class=\"wp-block-woocommerce-cart-items-block\">\n<div data-block-name=\"woocommerce\/cart-line-items-block\" data-translated-with-w-p-m-l-t-m=\"1\" class=\"wp-block-woocommerce-cart-line-items-block\"\/>\n\n\n<\/div>\n\n\n\n<div data-block-name=\"woocommerce\/cart-totals-block\" class=\"wp-block-woocommerce-cart-totals-block\">\n<div data-block-name=\"woocommerce\/cart-order-summary-block\" class=\"wp-block-woocommerce-cart-order-summary-block\">\n<div data-block-name=\"woocommerce\/cart-order-summary-heading-block\" data-content=\"Total cesta\" class=\"wp-block-woocommerce-cart-order-summary-heading-block\"><\/div>\n\n\n\n<div data-block-name=\"woocommerce\/cart-order-summary-coupon-form-block\" data-translated-with-w-p-m-l-t-m=\"1\" class=\"wp-block-woocommerce-cart-order-summary-coupon-form-block\"\/>\n\n\n\n<div data-block-name=\"woocommerce\/cart-order-summary-totals-block\" class=\"wp-block-woocommerce-cart-order-summary-totals-block\">\n<div data-block-name=\"woocommerce\/cart-order-summary-subtotal-block\" data-translated-with-w-p-m-l-t-m=\"1\" class=\"wp-block-woocommerce-cart-order-summary-subtotal-block\"\/>\n\n\n\n<div data-block-name=\"woocommerce\/cart-order-summary-fee-block\" data-translated-with-w-p-m-l-t-m=\"1\" class=\"wp-block-woocommerce-cart-order-summary-fee-block\"\/>\n\n\n\n<div data-block-name=\"woocommerce\/cart-order-summary-discount-block\" data-translated-with-w-p-m-l-t-m=\"1\" class=\"wp-block-woocommerce-cart-order-summary-discount-block\"\/>\n\n\n\n<div data-block-name=\"woocommerce\/cart-order-summary-shipping-block\" data-translated-with-w-p-m-l-t-m=\"1\" class=\"wp-block-woocommerce-cart-order-summary-shipping-block\"\/>\n\n\n\n<div data-block-name=\"woocommerce\/cart-order-summary-taxes-block\" data-translated-with-w-p-m-l-t-m=\"1\" class=\"wp-block-woocommerce-cart-order-summary-taxes-block\"\/>\n<\/div>\n<\/div>\n\n\n\n<div data-block-name=\"woocommerce\/cart-express-payment-block\" data-translated-with-w-p-m-l-t-m=\"1\" class=\"wp-block-woocommerce-cart-express-payment-block\"\/>\n\n\n\n<div data-block-name=\"woocommerce\/proceed-to-checkout-block\" class=\"wp-block-woocommerce-proceed-to-checkout-block\"><\/div>\n\n\n\n<div data-block-name=\"woocommerce\/cart-accepted-payment-methods-block\" data-translated-with-w-p-m-l-t-m=\"1\" class=\"wp-block-woocommerce-cart-accepted-payment-methods-block\"\/>\n<\/div>\n<\/div>\n\n\n\n<div data-block-name=\"woocommerce\/empty-cart-block\" class=\"wp-block-woocommerce-empty-cart-block\">\n<h2 class=\"wp-block-heading has-text-align-center with-empty-cart-icon wc-block-cart__empty-cart__title\">\u00a1Tu cesta est\u00e1 vac\u00eda!<\/h2>\n\n\n\n<hr class=\"wp-block-separator has-alpha-channel-opacity is-style-dots\"\/>\n\n\n\n<h2 class=\"wp-block-heading has-text-align-center\">Nuevo en la tienda<\/h2>\n\n\n<div data-block-name=\"woocommerce\/product-new\" data-columns=\"4\" data-rows=\"1\" class=\"wc-block-grid wp-block-product-new wp-block-woocommerce-product-new wc-block-product-new has-4-columns\"><ul class=\"wc-block-grid__products\"><li class=\"wc-block-grid__product\">\n\t\t\t\t<a href=\"https:\/\/evasionauthentic.com\/es\/experiencia\/balade-trottinette-electrique-en-famille\/\" class=\"wc-block-grid__product-link\">\n\t\t\t\t\t\n\t\t\t\t\t<div class=\"wc-block-grid__product-image\"><img fetchpriority=\"high\" decoding=\"async\" width=\"400\" height=\"400\" src=\"https:\/\/evasionauthentic.com\/wp-content\/uploads\/2026\/03\/Trottinette-electrique-en-famille-a-Majorque-03-400x400.jpg\" class=\"attachment-woocommerce_thumbnail size-woocommerce_thumbnail\" alt=\"Trottinette \u00c9lectrique en famille \u00c0 Majorque\" srcset=\"https:\/\/evasionauthentic.com\/wp-content\/uploads\/2026\/03\/Trottinette-electrique-en-famille-a-Majorque-03-400x400.jpg 400w, https:\/\/evasionauthentic.com\/wp-content\/uploads\/2026\/03\/Trottinette-electrique-en-famille-a-Majorque-03-150x150.jpg 150w, https:\/\/evasionauthentic.com\/wp-content\/uploads\/2026\/03\/Trottinette-electrique-en-famille-a-Majorque-03-636x636.jpg 636w, https:\/\/evasionauthentic.com\/wp-content\/uploads\/2026\/03\/Trottinette-electrique-en-famille-a-Majorque-03-306x306.jpg 306w, https:\/\/evasionauthentic.com\/wp-content\/uploads\/2026\/03\/Trottinette-electrique-en-famille-a-Majorque-03-100x100.jpg 100w\" sizes=\"(max-width: 400px) 100vw, 400px\" \/><\/div>\n\t\t\t\t\t<div class=\"wc-block-grid__product-title\">Paseo en Scooter el\u00e9ctrico en familia<\/div>\n\t\t\t\t<\/a>\n\t\t\t\t<div class=\"wc-block-grid__product-price price\"><span class=\"woocommerce-Price-amount amount\">45,00&nbsp;<span class=\"woocommerce-Price-currencySymbol\">&euro;<\/span><\/span><\/div>\n\t\t\t\t\n\t\t\t\t<div class=\"wp-block-button wc-block-grid__product-add-to-cart\"><a href=\"\/es\/wp-json\/wp\/v2\/pages\/18344?add-to-cart=19330\" aria-label=\"A\u00f1adir al carrito: &ldquo;Paseo en Scooter el\u00e9ctrico en familia&rdquo;\" data-quantity=\"1\" data-product_id=\"19330\" data-product_sku=\"ACTMAJ05\" data-price=\"45\" rel=\"nofollow\" class=\"wp-block-button__link  add_to_cart_button ajax_add_to_cart\">A\u00f1adir al carrito<\/a><\/div>\n\t\t\t<\/li><li class=\"wc-block-grid__product\">\n\t\t\t\t<a href=\"https:\/\/evasionauthentic.com\/es\/experiencia\/llaut-menorquin-con-traslado\/\" class=\"wc-block-grid__product-link\">\n\t\t\t\t\t\n\t\t\t\t\t<div class=\"wc-block-grid__product-image\"><img decoding=\"async\" width=\"400\" height=\"400\" src=\"https:\/\/evasionauthentic.com\/wp-content\/uploads\/2026\/02\/Llaut-Menorquin-04-400x400.jpg\" class=\"attachment-woocommerce_thumbnail size-woocommerce_thumbnail\" alt=\"Sortie en llaut Minorque\" srcset=\"https:\/\/evasionauthentic.com\/wp-content\/uploads\/2026\/02\/Llaut-Menorquin-04-400x400.jpg 400w, https:\/\/evasionauthentic.com\/wp-content\/uploads\/2026\/02\/Llaut-Menorquin-04-150x150.jpg 150w, https:\/\/evasionauthentic.com\/wp-content\/uploads\/2026\/02\/Llaut-Menorquin-04-636x636.jpg 636w, https:\/\/evasionauthentic.com\/wp-content\/uploads\/2026\/02\/Llaut-Menorquin-04-306x306.jpg 306w, https:\/\/evasionauthentic.com\/wp-content\/uploads\/2026\/02\/Llaut-Menorquin-04-100x100.jpg 100w\" sizes=\"(max-width: 400px) 100vw, 400px\" \/><\/div>\n\t\t\t\t\t<div class=\"wc-block-grid__product-title\">Excursi\u00f3n en Llaut Menorqu\u00edn Tradicional (traslado incluido)<\/div>\n\t\t\t\t<\/a>\n\t\t\t\t<div class=\"wc-block-grid__product-price price\"><span class=\"woocommerce-Price-amount amount\">120,00&nbsp;<span class=\"woocommerce-Price-currencySymbol\">&euro;<\/span><\/span><\/div>\n\t\t\t\t\n\t\t\t\t<div class=\"wp-block-button wc-block-grid__product-add-to-cart\"><a href=\"\/es\/wp-json\/wp\/v2\/pages\/18344?add-to-cart=19015\" aria-label=\"A\u00f1adir al carrito: &ldquo;Excursi\u00f3n en Llaut Menorqu\u00edn Tradicional (traslado incluido)&rdquo;\" data-quantity=\"1\" data-product_id=\"19015\" data-product_sku=\"MINORCLASS04\" data-price=\"120\" rel=\"nofollow\" class=\"wp-block-button__link  add_to_cart_button ajax_add_to_cart\">A\u00f1adir al carrito<\/a><\/div>\n\t\t\t<\/li><li class=\"wc-block-grid__product\">\n\t\t\t\t<a href=\"https:\/\/evasionauthentic.com\/es\/experiencia\/dragonera-sant-elm-travesia-y-kayak\/\" class=\"wc-block-grid__product-link\">\n\t\t\t\t\t\n\t\t\t\t\t<div class=\"wc-block-grid__product-image\"><img decoding=\"async\" width=\"400\" height=\"400\" src=\"https:\/\/evasionauthentic.com\/wp-content\/uploads\/2026\/02\/Dragonera-et-Sant-Elm-05-400x400.jpg\" class=\"attachment-woocommerce_thumbnail size-woocommerce_thumbnail\" alt=\"Dragonera et Sant Elm Dragonera en Libert\u00e9 : Travers\u00e9e &amp; Kayak dans un Parc Naturel Sauvage\" srcset=\"https:\/\/evasionauthentic.com\/wp-content\/uploads\/2026\/02\/Dragonera-et-Sant-Elm-05-400x400.jpg 400w, https:\/\/evasionauthentic.com\/wp-content\/uploads\/2026\/02\/Dragonera-et-Sant-Elm-05-150x150.jpg 150w, https:\/\/evasionauthentic.com\/wp-content\/uploads\/2026\/02\/Dragonera-et-Sant-Elm-05-636x636.jpg 636w, https:\/\/evasionauthentic.com\/wp-content\/uploads\/2026\/02\/Dragonera-et-Sant-Elm-05-306x306.jpg 306w, https:\/\/evasionauthentic.com\/wp-content\/uploads\/2026\/02\/Dragonera-et-Sant-Elm-05-100x100.jpg 100w\" sizes=\"(max-width: 400px) 100vw, 400px\" \/><\/div>\n\t\t\t\t\t<div class=\"wc-block-grid__product-title\">Dragonera &amp; Sant Elm &#8211; traves\u00eda y kayak<\/div>\n\t\t\t\t<\/a>\n\t\t\t\t<div class=\"wc-block-grid__product-price price\"><span class=\"woocommerce-Price-amount amount\">55,00&nbsp;<span class=\"woocommerce-Price-currencySymbol\">&euro;<\/span><\/span><\/div>\n\t\t\t\t\n\t\t\t\t<div class=\"wp-block-button wc-block-grid__product-add-to-cart\"><a href=\"\/es\/wp-json\/wp\/v2\/pages\/18344?add-to-cart=18261\" aria-label=\"A\u00f1adir al carrito: &ldquo;Dragonera &amp; Sant Elm - traves\u00eda y kayak&rdquo;\" data-quantity=\"1\" data-product_id=\"18261\" data-product_sku=\"LIBERTE08\" data-price=\"55\" rel=\"nofollow\" class=\"wp-block-button__link  add_to_cart_button ajax_add_to_cart\">A\u00f1adir al carrito<\/a><\/div>\n\t\t\t<\/li><li class=\"wc-block-grid__product\">\n\t\t\t\t<a href=\"https:\/\/evasionauthentic.com\/es\/experiencia\/vall-de-boquer-cuevas-de-campanet\/\" class=\"wc-block-grid__product-link\">\n\t\t\t\t\t\n\t\t\t\t\t<div class=\"wc-block-grid__product-image\"><img loading=\"lazy\" decoding=\"async\" width=\"400\" height=\"400\" src=\"https:\/\/evasionauthentic.com\/wp-content\/uploads\/2026\/02\/Vall-de-Boquer-et-Grottes-de-Campanet-05-400x400.jpg\" class=\"attachment-woocommerce_thumbnail size-woocommerce_thumbnail\" alt=\"Nord Sauvage : Grottes de Campanet &amp; Vall de Boquer\" srcset=\"https:\/\/evasionauthentic.com\/wp-content\/uploads\/2026\/02\/Vall-de-Boquer-et-Grottes-de-Campanet-05-400x400.jpg 400w, https:\/\/evasionauthentic.com\/wp-content\/uploads\/2026\/02\/Vall-de-Boquer-et-Grottes-de-Campanet-05-150x150.jpg 150w, https:\/\/evasionauthentic.com\/wp-content\/uploads\/2026\/02\/Vall-de-Boquer-et-Grottes-de-Campanet-05-636x636.jpg 636w, https:\/\/evasionauthentic.com\/wp-content\/uploads\/2026\/02\/Vall-de-Boquer-et-Grottes-de-Campanet-05-306x306.jpg 306w, https:\/\/evasionauthentic.com\/wp-content\/uploads\/2026\/02\/Vall-de-Boquer-et-Grottes-de-Campanet-05-100x100.jpg 100w\" sizes=\"(max-width: 400px) 100vw, 400px\" \/><\/div>\n\t\t\t\t\t<div class=\"wc-block-grid__product-title\">Vall de Boquer y Cuevas de Campanet<\/div>\n\t\t\t\t<\/a>\n\t\t\t\t<div class=\"wc-block-grid__product-price price\"><span class=\"woocommerce-Price-amount amount\">65,00&nbsp;<span class=\"woocommerce-Price-currencySymbol\">&euro;<\/span><\/span><\/div>\n\t\t\t\t\n\t\t\t\t<div class=\"wp-block-button wc-block-grid__product-add-to-cart\"><a href=\"\/es\/wp-json\/wp\/v2\/pages\/18344?add-to-cart=18258\" aria-label=\"A\u00f1adir al carrito: &ldquo;Vall de Boquer y Cuevas de Campanet&rdquo;\" data-quantity=\"1\" data-product_id=\"18258\" data-product_sku=\"LIBERTE09\" data-price=\"65\" rel=\"nofollow\" class=\"wp-block-button__link  add_to_cart_button ajax_add_to_cart\">A\u00f1adir al carrito<\/a><\/div>\n\t\t\t<\/li><\/ul><\/div><\/div>\n<\/div>\n","protected":false},"excerpt":{"rendered":"","protected":false},"author":5,"featured_media":0,"parent":0,"menu_order":0,"comment_status":"closed","ping_status":"closed","template":"","meta":{"_acf_changed":false,"inline_featured_image":false,"footnotes":""},"class_list":["post-18344","page","type-page","status-publish","hentry"],"acf":[],"_links":{"self":[{"href":"https:\/\/evasionauthentic.com\/es\/wp-json\/wp\/v2\/pages\/18344","targetHints":{"allow":["GET"]}}],"collection":[{"href":"https:\/\/evasionauthentic.com\/es\/wp-json\/wp\/v2\/pages"}],"about":[{"href":"https:\/\/evasionauthentic.com\/es\/wp-json\/wp\/v2\/types\/page"}],"author":[{"embeddable":true,"href":"https:\/\/evasionauthentic.com\/es\/wp-json\/wp\/v2\/users\/5"}],"replies":[{"embeddable":true,"href":"https:\/\/evasionauthentic.com\/es\/wp-json\/wp\/v2\/comments?post=18344"}],"version-history":[{"count":2,"href":"https:\/\/evasionauthentic.com\/es\/wp-json\/wp\/v2\/pages\/18344\/revisions"}],"predecessor-version":[{"id":18757,"href":"https:\/\/evasionauthentic.com\/es\/wp-json\/wp\/v2\/pages\/18344\/revisions\/18757"}],"wp:attachment":[{"href":"https:\/\/evasionauthentic.com\/es\/wp-json\/wp\/v2\/media?parent=18344"}],"curies":[{"name":"wp","href":"https:\/\/api.w.org\/{rel}","templated":true}]}}