{"id":13516,"date":"2025-03-14T18:05:13","date_gmt":"2025-03-14T17:05:13","guid":{"rendered":"https:\/\/dev.evasionauthentic.com\/experience\/valldemossa-belle-route\/"},"modified":"2026-02-13T16:52:32","modified_gmt":"2026-02-13T15:52:32","slug":"valldemossa-ruta","status":"publish","type":"product","link":"https:\/\/evasionauthentic.com\/es\/experiencia\/valldemossa-ruta\/","title":{"rendered":"Valldemossa, la ruta m\u00e1s espectacular de la Tramuntana"},"content":{"rendered":"<h2><strong>Excursi\u00f3n Valldemossa en Mallorca: \u00bfpor qu\u00e9 es tan famosa la ruta de la Tramuntana?<\/strong><\/h2>\n<p>Situada en el coraz\u00f3n de la <strong>Serra de Tramuntana<\/strong>, declarada Patrimonio Mundial por la UNESCO, <strong>Valldemossa en Mallorca<\/strong> combina naturaleza espectacular y patrimonio cultural.<\/p>\n<p>La carretera panor\u00e1mica que conduce al pueblo atraviesa paisajes de bancales, olivares centenarios y acantilados que se precipitan hacia el Mediterr\u00e1neo. Se realizan paradas fotogr\u00e1ficas para disfrutar plenamente de los miradores m\u00e1s impresionantes.<\/p>\n<p>En Valldemossa descubrir\u00e1s un pueblo emblem\u00e1tico de casas de piedra, calles adornadas con flores y una atm\u00f3sfera atemporal. Caminar\u00e1s tras los pasos de <strong>George Sand y Fr\u00e9d\u00e9ric Chopin<\/strong>, as\u00ed como de <strong>Santa Catalina Tom\u00e0s<\/strong>, la \u00fanica santa nacida en Mallorca.<\/p>\n<p>La jornada incluye un almuerzo t\u00edpico mallorqu\u00edn en un antiguo molino cargado de historia y tiempo libre para disfrutar del encanto del pueblo.<\/p>\n<p>Una experiencia cultural y paisaj\u00edstica imprescindible en Mallorca.<\/p>\n","protected":false},"excerpt":{"rendered":"<blockquote><p><strong>Excursi\u00f3n Valldemossa en Mallorca &#8211; carretera panor\u00e1mica por la Serra de Tramuntana y descubrimiento de un pueblo m\u00edtico.<\/strong><\/p><\/blockquote>\n<p>Una jornada completa en grupo reducido para explorar Valldemossa, sus calles floridas, su legado cultural y los paisajes de la Serra de Tramuntana, Patrimonio Mundial de la UNESCO.<\/p>\n","protected":false},"featured_media":10980,"comment_status":"closed","ping_status":"closed","template":"","meta":{"_acf_changed":false,"inline_featured_image":false,"vled_child_price":"","vled_infant_price":"","vled_child_age":""},"product_brand":[],"product_cat":[750,648,716,649,718,720,693,721,697,695,700,701,724,651,726,728,729,703,731,706,734,708,654,656,673,752,736,790,679,774,775,658,681,842,841,737,660,684,662,793,784,791,686,664,665,754,687,755,670,757,668,740,712,710,759,742,745,744,671,677,762,690,785,646,676,692,714,748],"product_tag":[839],"class_list":{"0":"post-13516","1":"product","2":"type-product","3":"status-publish","4":"has-post-thumbnail","6":"product_cat-alcudia-zona-5","7":"product_cat-andratx-zona-1","8":"product_cat-arta-zona-4","9":"product_cat-bendinat-zona-1","10":"product_cat-betlem-zona-4","11":"product_cat-cala-agulla-zona-4","12":"product_cat-cala-barca-zona-3","13":"product_cat-cala-bona-zone-4-es","14":"product_cat-cala-dor-zona-3","15":"product_cat-cala-domingos-zona-3","16":"product_cat-cala-figuera-zona-3","17":"product_cat-cala-llombars-zona-3","18":"product_cat-cala-magrana-zona-4-es","19":"product_cat-cala-major-zona-1","20":"product_cat-cala-mandia-zona-4","21":"product_cat-cala-mesquida-zona-4","22":"product_cat-cala-millor-zona-4","23":"product_cat-cala-murada-zona-3","24":"product_cat-cala-ratjada-zona-4","25":"product_cat-cala-santanyi-zona-3","26":"product_cat-cala-tropicana-zona-4","27":"product_cat-calas-de-mallorca-zona-3","28":"product_cat-calvia-zona-1","29":"product_cat-camp-de-mar-zona-1","30":"product_cat-can-pastilla-zona-2","31":"product_cat-can-picafort-zona-5","32":"product_cat-capdepera-zona-4","33":"product_cat-ciudad-en-mallorca","34":"product_cat-colonia-de-sant-jordi-zona-2","35":"product_cat-con-ninos","36":"product_cat-con-traslado","37":"product_cat-costa-de-la-calma-zona-1","38":"product_cat-el-arenal-zona-2","39":"product_cat-experiencias-clasicas-mallorca","40":"product_cat-experiencias-en-mallorca","41":"product_cat-font-de-sa-cala-zona-4","42":"product_cat-illetas-zona-1","43":"product_cat-llucmajor-zona-2","44":"product_cat-magaluf-zona-1","45":"product_cat-mallorca-es","46":"product_cat-naturaleza-aventura","47":"product_cat-no-lo-se-todavia","48":"product_cat-palma-zona-2","49":"product_cat-palmanova-zona-1","50":"product_cat-peguera-zona-1","51":"product_cat-playa-de-muro-zona-5","52":"product_cat-playa-de-palma-zona-2","53":"product_cat-pollenca-zona-5","54":"product_cat-port-dandratx-zona-1","55":"product_cat-port-de-pollenca-zona-5","56":"product_cat-portals-nous-zona-1","57":"product_cat-porto-cristo-zona-4","58":"product_cat-porto-petro-zona-3","59":"product_cat-portocolom-zona-3","60":"product_cat-puerto-alcudia-zona-5","61":"product_cat-romantica-zona-4","62":"product_cat-sillot-zona-4","63":"product_cat-sa-coma-zona-4","64":"product_cat-sant-elm-zona-1","65":"product_cat-santa-ponca-zona-1","66":"product_cat-son-serra-zona-5","67":"product_cat-son-veri-nou-zona-2","68":"product_cat-todas-las-experiencias","69":"product_cat-zona-1","70":"product_cat-zona-2","71":"product_cat-zona-3","72":"product_cat-zona-4","73":"product_cat-zona-5","74":"product_tag-calendario","76":"first","77":"instock","78":"featured","79":"virtual","80":"purchasable","81":"product-type-simple"},"acf":[],"_links":{"self":[{"href":"https:\/\/evasionauthentic.com\/es\/wp-json\/wp\/v2\/product\/13516","targetHints":{"allow":["GET"]}}],"collection":[{"href":"https:\/\/evasionauthentic.com\/es\/wp-json\/wp\/v2\/product"}],"about":[{"href":"https:\/\/evasionauthentic.com\/es\/wp-json\/wp\/v2\/types\/product"}],"replies":[{"embeddable":true,"href":"https:\/\/evasionauthentic.com\/es\/wp-json\/wp\/v2\/comments?post=13516"}],"version-history":[{"count":8,"href":"https:\/\/evasionauthentic.com\/es\/wp-json\/wp\/v2\/product\/13516\/revisions"}],"predecessor-version":[{"id":18011,"href":"https:\/\/evasionauthentic.com\/es\/wp-json\/wp\/v2\/product\/13516\/revisions\/18011"}],"wp:featuredmedia":[{"embeddable":true,"href":"https:\/\/evasionauthentic.com\/es\/wp-json\/wp\/v2\/media\/10980"}],"wp:attachment":[{"href":"https:\/\/evasionauthentic.com\/es\/wp-json\/wp\/v2\/media?parent=13516"}],"wp:term":[{"taxonomy":"product_brand","embeddable":true,"href":"https:\/\/evasionauthentic.com\/es\/wp-json\/wp\/v2\/product_brand?post=13516"},{"taxonomy":"product_cat","embeddable":true,"href":"https:\/\/evasionauthentic.com\/es\/wp-json\/wp\/v2\/product_cat?post=13516"},{"taxonomy":"product_tag","embeddable":true,"href":"https:\/\/evasionauthentic.com\/es\/wp-json\/wp\/v2\/product_tag?post=13516"}],"curies":[{"name":"wp","href":"https:\/\/api.w.org\/{rel}","templated":true}]}}