{"id":13561,"date":"2025-03-14T18:39:27","date_gmt":"2025-03-14T17:39:27","guid":{"rendered":"https:\/\/dev.evasionauthentic.com\/experience\/soiree-majorquine\/"},"modified":"2026-02-14T10:42:04","modified_gmt":"2026-02-14T09:42:04","slug":"noche-mallorquina","status":"publish","type":"product","link":"https:\/\/evasionauthentic.com\/es\/experiencia\/noche-mallorquina\/","title":{"rendered":"Una noche a la mallorquina"},"content":{"rendered":"<h2><strong>Velada gastron\u00f3mica en Mallorca &#8211; Experiencia culinaria Signature<\/strong><\/h2>\n<p>La <strong>Velada gastron\u00f3mica en Mallorca \u2013 Experiencia culinaria Signature<\/strong> te sumerge en las tradiciones gastron\u00f3micas de la isla a trav\u00e9s de sabores aut\u00e9nticos y momentos compartidos.<\/p>\n<p>Acompa\u00f1ado por un Amigo apasionado por la cultura y el vino, descubrir\u00e1s las regiones vitivin\u00edcolas de Mallorca mientras degustas vinos locales seleccionados en un enclave con vistas espectaculares a la Serra de Tramuntana.<\/p>\n<p>La noche contin\u00faa en un restaurante confidencial frecuentado principalmente por locales, donde disfrutar\u00e1s de una cena mallorquina t\u00edpica elaborada con productos regionales.<\/p>\n<p>Esta experiencia Signature, limitada a 8 personas, celebra el aut\u00e9ntico arte de vivir mallorqu\u00edn en un ambiente \u00edntimo y elegante.<\/p>\n","protected":false},"excerpt":{"rendered":"<blockquote><p><strong>Velada gastron\u00f3mica en Mallorca &#8211; Sabores, vinos mallorquines y tradiciones en un entorno encantador.<\/strong><\/p><\/blockquote>\n<p>Vive una inmersi\u00f3n exclusiva en el arte de vivir mallorqu\u00edn: degustaci\u00f3n de vinos locales, cena t\u00edpica en un lugar confidencial y panor\u00e1mica espectacular sobre la Serra de Tramuntana.<\/p>\n","protected":false},"featured_media":11073,"comment_status":"closed","ping_status":"closed","template":"","meta":{"_acf_changed":false,"inline_featured_image":false,"vled_child_price":"","vled_infant_price":"","vled_child_age":""},"product_brand":[],"product_cat":[648,649,693,697,695,700,701,651,703,706,708,654,656,673,790,679,775,658,781,681,841,844,783,660,684,662,793,791,686,664,665,687,782,670,668,712,710,671,677,776,690,785,646,676,692],"product_tag":[839],"class_list":{"0":"post-13561","1":"product","2":"type-product","3":"status-publish","4":"has-post-thumbnail","6":"product_cat-andratx-zona-1","7":"product_cat-bendinat-zona-1","8":"product_cat-cala-barca-zona-3","9":"product_cat-cala-dor-zona-3","10":"product_cat-cala-domingos-zona-3","11":"product_cat-cala-figuera-zona-3","12":"product_cat-cala-llombars-zona-3","13":"product_cat-cala-major-zona-1","14":"product_cat-cala-murada-zona-3","15":"product_cat-cala-santanyi-zona-3","16":"product_cat-calas-de-mallorca-zona-3","17":"product_cat-calvia-zona-1","18":"product_cat-camp-de-mar-zona-1","19":"product_cat-can-pastilla-zona-2","20":"product_cat-ciudad-en-mallorca","21":"product_cat-colonia-de-sant-jordi-zona-2","22":"product_cat-con-traslado","23":"product_cat-costa-de-la-calma-zona-1","24":"product_cat-cultura-tradicion","25":"product_cat-el-arenal-zona-2","26":"product_cat-experiencias-en-mallorca","27":"product_cat-experiencias-signature-mallorca","28":"product_cat-gastronomia","29":"product_cat-illetas-zona-1","30":"product_cat-llucmajor-zona-2","31":"product_cat-magaluf-zona-1","32":"product_cat-mallorca-es","33":"product_cat-no-lo-se-todavia","34":"product_cat-palma-zona-2","35":"product_cat-palmanova-zona-1","36":"product_cat-peguera-zona-1","37":"product_cat-playa-de-palma-zona-2","38":"product_cat-por-la-noche","39":"product_cat-port-dandratx-zona-1","40":"product_cat-portals-nous-zona-1","41":"product_cat-porto-petro-zona-3","42":"product_cat-portocolom-zona-3","43":"product_cat-sant-elm-zona-1","44":"product_cat-santa-ponca-zona-1","45":"product_cat-sin-ninos","46":"product_cat-son-veri-nou-zona-2","47":"product_cat-todas-las-experiencias","48":"product_cat-zona-1","49":"product_cat-zona-2","50":"product_cat-zona-3","51":"product_tag-calendario","53":"first","54":"instock","55":"featured","56":"virtual","57":"purchasable","58":"product-type-simple"},"acf":[],"_links":{"self":[{"href":"https:\/\/evasionauthentic.com\/es\/wp-json\/wp\/v2\/product\/13561","targetHints":{"allow":["GET"]}}],"collection":[{"href":"https:\/\/evasionauthentic.com\/es\/wp-json\/wp\/v2\/product"}],"about":[{"href":"https:\/\/evasionauthentic.com\/es\/wp-json\/wp\/v2\/types\/product"}],"replies":[{"embeddable":true,"href":"https:\/\/evasionauthentic.com\/es\/wp-json\/wp\/v2\/comments?post=13561"}],"version-history":[{"count":7,"href":"https:\/\/evasionauthentic.com\/es\/wp-json\/wp\/v2\/product\/13561\/revisions"}],"predecessor-version":[{"id":18058,"href":"https:\/\/evasionauthentic.com\/es\/wp-json\/wp\/v2\/product\/13561\/revisions\/18058"}],"wp:featuredmedia":[{"embeddable":true,"href":"https:\/\/evasionauthentic.com\/es\/wp-json\/wp\/v2\/media\/11073"}],"wp:attachment":[{"href":"https:\/\/evasionauthentic.com\/es\/wp-json\/wp\/v2\/media?parent=13561"}],"wp:term":[{"taxonomy":"product_brand","embeddable":true,"href":"https:\/\/evasionauthentic.com\/es\/wp-json\/wp\/v2\/product_brand?post=13561"},{"taxonomy":"product_cat","embeddable":true,"href":"https:\/\/evasionauthentic.com\/es\/wp-json\/wp\/v2\/product_cat?post=13561"},{"taxonomy":"product_tag","embeddable":true,"href":"https:\/\/evasionauthentic.com\/es\/wp-json\/wp\/v2\/product_tag?post=13561"}],"curies":[{"name":"wp","href":"https:\/\/api.w.org\/{rel}","templated":true}]}}