{"id":13616,"date":"2025-10-30T10:37:23","date_gmt":"2025-10-30T09:37:23","guid":{"rendered":"https:\/\/dev.evasionauthentic.com\/experience\/cap-blanc-tortues\/"},"modified":"2026-02-13T16:53:42","modified_gmt":"2026-02-13T15:53:42","slug":"cap-blanc-tortugas","status":"publish","type":"product","link":"https:\/\/evasionauthentic.com\/es\/experiencia\/cap-blanc-tortugas\/","title":{"rendered":"Cap Blanc, acantilados vertiginosos y tortugas"},"content":{"rendered":"<h2><strong>Excursi\u00f3n Cap Blanc en Mallorca: \u00bfqu\u00e9 descubrir entre acantilados y naturaleza salvaje?<\/strong><\/h2>\n<p>Situado en el sur de la isla, <strong>Cap Blanc en Mallorca<\/strong> es un enclave natural impresionante donde el mar se encuentra con enormes acantilados blancos con vistas al archipi\u00e9lago de Cabrera.<\/p>\n<p>Esta experiencia te lleva al coraz\u00f3n de un entorno protegido, combinando panor\u00e1micas espectaculares y el descubrimiento de un ecosistema \u00fanico. Recorrer\u00e1s la garriga mediterr\u00e1nea, h\u00e1bitat natural de las tortugas aut\u00f3ctonas y peque\u00f1os mam\u00edferos, mientras tu Amigo comparte explicaciones sobre la fauna y flora local.<\/p>\n<p>La jornada incluye tambi\u00e9n un paseo por los acantilados de Cap Blanc, la visita a la torre de vigilancia del siglo XVI, un picnic mallorqu\u00edn con productos locales y tiempo para ba\u00f1arte y practicar snorkel en una cala frecuentada por residentes.<\/p>\n<p>Una excursi\u00f3n inmersiva y natural, ideal para quienes buscan paisajes grandiosos y autenticidad en Mallorca.<\/p>\n","protected":false},"excerpt":{"rendered":"<blockquote><p><strong>Excursi\u00f3n Cap Blanc en Mallorca &#8211; acantilados impresionantes, naturaleza salvaje y encuentro con tortugas aut\u00f3ctonas.<\/strong><\/p><\/blockquote>\n<p>Descubre uno de los paisajes m\u00e1s espectaculares del sur de Mallorca en una jornada completa en grupo reducido, entre panor\u00e1micas inolvidables, paseo costero y snorkel en aguas cristalinas.<\/p>\n<p>\u26a0\ufe0f <strong>Nota importante:<\/strong> Durante el verano, la excursi\u00f3n a Cap Blanc no est\u00e1 disponible para proteger a las tortugas en su per\u00edodo de nidificaci\u00f3n. Gracias por apoyar la preservaci\u00f3n de este ecosistema fr\u00e1gil.<\/p>\n","protected":false},"featured_media":11227,"comment_status":"closed","ping_status":"closed","template":"","meta":{"_acf_changed":false,"inline_featured_image":false,"vled_child_price":"","vled_infant_price":"","vled_child_age":""},"product_brand":[],"product_cat":[648,649,693,697,695,700,701,651,703,706,708,654,656,673,790,679,774,775,658,681,842,841,660,684,662,793,784,791,686,664,665,687,670,668,712,710,671,677,690,785,646,676,692],"product_tag":[839],"class_list":{"0":"post-13616","1":"product","2":"type-product","3":"status-publish","4":"has-post-thumbnail","6":"product_cat-andratx-zona-1","7":"product_cat-bendinat-zona-1","8":"product_cat-cala-barca-zona-3","9":"product_cat-cala-dor-zona-3","10":"product_cat-cala-domingos-zona-3","11":"product_cat-cala-figuera-zona-3","12":"product_cat-cala-llombars-zona-3","13":"product_cat-cala-major-zona-1","14":"product_cat-cala-murada-zona-3","15":"product_cat-cala-santanyi-zona-3","16":"product_cat-calas-de-mallorca-zona-3","17":"product_cat-calvia-zona-1","18":"product_cat-camp-de-mar-zona-1","19":"product_cat-can-pastilla-zona-2","20":"product_cat-ciudad-en-mallorca","21":"product_cat-colonia-de-sant-jordi-zona-2","22":"product_cat-con-ninos","23":"product_cat-con-traslado","24":"product_cat-costa-de-la-calma-zona-1","25":"product_cat-el-arenal-zona-2","26":"product_cat-experiencias-clasicas-mallorca","27":"product_cat-experiencias-en-mallorca","28":"product_cat-illetas-zona-1","29":"product_cat-llucmajor-zona-2","30":"product_cat-magaluf-zona-1","31":"product_cat-mallorca-es","32":"product_cat-naturaleza-aventura","33":"product_cat-no-lo-se-todavia","34":"product_cat-palma-zona-2","35":"product_cat-palmanova-zona-1","36":"product_cat-peguera-zona-1","37":"product_cat-playa-de-palma-zona-2","38":"product_cat-port-dandratx-zona-1","39":"product_cat-portals-nous-zona-1","40":"product_cat-porto-petro-zona-3","41":"product_cat-portocolom-zona-3","42":"product_cat-sant-elm-zona-1","43":"product_cat-santa-ponca-zona-1","44":"product_cat-son-veri-nou-zona-2","45":"product_cat-todas-las-experiencias","46":"product_cat-zona-1","47":"product_cat-zona-2","48":"product_cat-zona-3","49":"product_tag-calendario","51":"first","52":"instock","53":"featured","54":"virtual","55":"purchasable","56":"product-type-simple"},"acf":[],"_links":{"self":[{"href":"https:\/\/evasionauthentic.com\/es\/wp-json\/wp\/v2\/product\/13616","targetHints":{"allow":["GET"]}}],"collection":[{"href":"https:\/\/evasionauthentic.com\/es\/wp-json\/wp\/v2\/product"}],"about":[{"href":"https:\/\/evasionauthentic.com\/es\/wp-json\/wp\/v2\/types\/product"}],"replies":[{"embeddable":true,"href":"https:\/\/evasionauthentic.com\/es\/wp-json\/wp\/v2\/comments?post=13616"}],"version-history":[{"count":9,"href":"https:\/\/evasionauthentic.com\/es\/wp-json\/wp\/v2\/product\/13616\/revisions"}],"predecessor-version":[{"id":17998,"href":"https:\/\/evasionauthentic.com\/es\/wp-json\/wp\/v2\/product\/13616\/revisions\/17998"}],"wp:featuredmedia":[{"embeddable":true,"href":"https:\/\/evasionauthentic.com\/es\/wp-json\/wp\/v2\/media\/11227"}],"wp:attachment":[{"href":"https:\/\/evasionauthentic.com\/es\/wp-json\/wp\/v2\/media?parent=13616"}],"wp:term":[{"taxonomy":"product_brand","embeddable":true,"href":"https:\/\/evasionauthentic.com\/es\/wp-json\/wp\/v2\/product_brand?post=13616"},{"taxonomy":"product_cat","embeddable":true,"href":"https:\/\/evasionauthentic.com\/es\/wp-json\/wp\/v2\/product_cat?post=13616"},{"taxonomy":"product_tag","embeddable":true,"href":"https:\/\/evasionauthentic.com\/es\/wp-json\/wp\/v2\/product_tag?post=13616"}],"curies":[{"name":"wp","href":"https:\/\/api.w.org\/{rel}","templated":true}]}}