{"id":13630,"date":"2025-06-17T10:52:47","date_gmt":"2025-06-17T08:52:47","guid":{"rendered":"https:\/\/dev.evasionauthentic.com\/experience\/salines-sable-mallorca\/"},"modified":"2026-02-13T16:53:30","modified_gmt":"2026-02-13T15:53:30","slug":"salines-arena-mallorca","status":"publish","type":"product","link":"https:\/\/evasionauthentic.com\/es\/experiencia\/salines-arena-mallorca\/","title":{"rendered":"Salinas y Mondrag\u00f3 : Naturaleza y playas paradis\u00edacas en Mallorca"},"content":{"rendered":"<h2><strong>Excursi\u00f3n Salinas de Es Trenc y Mondrag\u00f3 en Mallorca: \u00bfqu\u00e9 ver entre naturaleza y playas?<\/strong><\/h2>\n<p>Las <strong>Salinas de Es Trenc en Mallorca<\/strong> son uno de los espacios naturales m\u00e1s representativos de la isla, conocidas por su producci\u00f3n de sal marina de alta calidad y sus paisajes \u00fanicos.<\/p>\n<p>Esta experiencia te lleva al coraz\u00f3n de una Mallorca preservada, entre salinas de reflejos cambiantes, entorno protegido y playas cuidadosamente seleccionadas por su belleza.<\/p>\n<p>Acompa\u00f1ado por tu Amigo, descubrir\u00e1s la atm\u00f3sfera tranquila de este lugar donde se unen naturaleza, tradici\u00f3n y gastronom\u00eda local.<\/p>\n<p>La jornada incluye un almuerzo t\u00edpico en Ses Salines, en un restaurante familiar que pone en valor productos frescos de la isla.<\/p>\n<p>Una experiencia equilibrada entre cultura, paisaje y relax en el sureste de Mallorca.<\/p>\n","protected":false},"excerpt":{"rendered":"<blockquote><p><strong>Excursi\u00f3n Salinas de Es Trenc y Mondrag\u00f3 en Mallorca &#8211; inmersi\u00f3n natural entre sal, parque protegido y playas de arena blanca.<\/strong><\/p><\/blockquote>\n<p>Descubre los paisajes m\u00e1s emblem\u00e1ticos del sureste de Mallorca en una jornada completa en grupo reducido, combinando visita a las salinas, Parque Natural de Mondrag\u00f3 y almuerzo t\u00edpico mallorqu\u00edn.<\/p>\n","protected":false},"featured_media":11249,"comment_status":"closed","ping_status":"closed","template":"","meta":{"_acf_changed":false,"inline_featured_image":false,"vled_child_price":"","vled_infant_price":"","vled_child_age":""},"product_brand":[],"product_cat":[750,648,649,693,697,695,700,701,651,703,706,708,654,656,673,752,790,679,774,775,658,681,842,841,660,684,662,793,784,791,686,664,665,754,687,755,670,757,668,712,710,759,671,677,762,690,785,646,676,692,748],"product_tag":[839],"class_list":{"0":"post-13630","1":"product","2":"type-product","3":"status-publish","4":"has-post-thumbnail","6":"product_cat-alcudia-zona-5","7":"product_cat-andratx-zona-1","8":"product_cat-bendinat-zona-1","9":"product_cat-cala-barca-zona-3","10":"product_cat-cala-dor-zona-3","11":"product_cat-cala-domingos-zona-3","12":"product_cat-cala-figuera-zona-3","13":"product_cat-cala-llombars-zona-3","14":"product_cat-cala-major-zona-1","15":"product_cat-cala-murada-zona-3","16":"product_cat-cala-santanyi-zona-3","17":"product_cat-calas-de-mallorca-zona-3","18":"product_cat-calvia-zona-1","19":"product_cat-camp-de-mar-zona-1","20":"product_cat-can-pastilla-zona-2","21":"product_cat-can-picafort-zona-5","22":"product_cat-ciudad-en-mallorca","23":"product_cat-colonia-de-sant-jordi-zona-2","24":"product_cat-con-ninos","25":"product_cat-con-traslado","26":"product_cat-costa-de-la-calma-zona-1","27":"product_cat-el-arenal-zona-2","28":"product_cat-experiencias-clasicas-mallorca","29":"product_cat-experiencias-en-mallorca","30":"product_cat-illetas-zona-1","31":"product_cat-llucmajor-zona-2","32":"product_cat-magaluf-zona-1","33":"product_cat-mallorca-es","34":"product_cat-naturaleza-aventura","35":"product_cat-no-lo-se-todavia","36":"product_cat-palma-zona-2","37":"product_cat-palmanova-zona-1","38":"product_cat-peguera-zona-1","39":"product_cat-playa-de-muro-zona-5","40":"product_cat-playa-de-palma-zona-2","41":"product_cat-pollenca-zona-5","42":"product_cat-port-dandratx-zona-1","43":"product_cat-port-de-pollenca-zona-5","44":"product_cat-portals-nous-zona-1","45":"product_cat-porto-petro-zona-3","46":"product_cat-portocolom-zona-3","47":"product_cat-puerto-alcudia-zona-5","48":"product_cat-sant-elm-zona-1","49":"product_cat-santa-ponca-zona-1","50":"product_cat-son-serra-zona-5","51":"product_cat-son-veri-nou-zona-2","52":"product_cat-todas-las-experiencias","53":"product_cat-zona-1","54":"product_cat-zona-2","55":"product_cat-zona-3","56":"product_cat-zona-5","57":"product_tag-calendario","59":"first","60":"instock","61":"featured","62":"virtual","63":"purchasable","64":"product-type-simple"},"acf":[],"_links":{"self":[{"href":"https:\/\/evasionauthentic.com\/es\/wp-json\/wp\/v2\/product\/13630","targetHints":{"allow":["GET"]}}],"collection":[{"href":"https:\/\/evasionauthentic.com\/es\/wp-json\/wp\/v2\/product"}],"about":[{"href":"https:\/\/evasionauthentic.com\/es\/wp-json\/wp\/v2\/types\/product"}],"replies":[{"embeddable":true,"href":"https:\/\/evasionauthentic.com\/es\/wp-json\/wp\/v2\/comments?post=13630"}],"version-history":[{"count":6,"href":"https:\/\/evasionauthentic.com\/es\/wp-json\/wp\/v2\/product\/13630\/revisions"}],"predecessor-version":[{"id":18000,"href":"https:\/\/evasionauthentic.com\/es\/wp-json\/wp\/v2\/product\/13630\/revisions\/18000"}],"wp:featuredmedia":[{"embeddable":true,"href":"https:\/\/evasionauthentic.com\/es\/wp-json\/wp\/v2\/media\/11249"}],"wp:attachment":[{"href":"https:\/\/evasionauthentic.com\/es\/wp-json\/wp\/v2\/media?parent=13630"}],"wp:term":[{"taxonomy":"product_brand","embeddable":true,"href":"https:\/\/evasionauthentic.com\/es\/wp-json\/wp\/v2\/product_brand?post=13630"},{"taxonomy":"product_cat","embeddable":true,"href":"https:\/\/evasionauthentic.com\/es\/wp-json\/wp\/v2\/product_cat?post=13630"},{"taxonomy":"product_tag","embeddable":true,"href":"https:\/\/evasionauthentic.com\/es\/wp-json\/wp\/v2\/product_tag?post=13630"}],"curies":[{"name":"wp","href":"https:\/\/api.w.org\/{rel}","templated":true}]}}