{"id":13633,"date":"2025-03-17T11:05:30","date_gmt":"2025-03-17T10:05:30","guid":{"rendered":"https:\/\/dev.evasionauthentic.com\/experience\/ile-lezards-la-dragonera\/"},"modified":"2026-02-14T11:11:19","modified_gmt":"2026-02-14T10:11:19","slug":"mil-lagartos-la-dragonera","status":"publish","type":"product","link":"https:\/\/evasionauthentic.com\/es\/experiencia\/mil-lagartos-la-dragonera\/","title":{"rendered":"La Isla de los Mil Lagartos: Dragonera"},"content":{"rendered":"<h2><strong>Isla de la Dragonera Mallorca &#8211; Experiencia Signature en un Parque Natural Protegido<\/strong><\/h2>\n<p>La <strong>Isla de la Dragonera Mallorca \u2013 Experiencia Signature en un Parque Natural Protegido<\/strong> es una invitaci\u00f3n a descubrir uno de los entornos m\u00e1s salvajes del suroeste de la isla.<\/p>\n<p>Con su silueta que recuerda a un drag\u00f3n dormido frente al Mediterr\u00e1neo, la Dragonera es un parque natural protegido accesible \u00fanicamente en barco desde Sant Elm.<\/p>\n<p>La traves\u00eda de aproximadamente 20 minutos ofrece vistas espectaculares del litoral y de los relieves abruptos de la isla.<\/p>\n<p>Una vez en tierra, una peque\u00f1a ruta de senderismo permite explorar paisajes preservados y panor\u00e1micas impresionantes.<\/p>\n<p>Durante el recorrido, podr\u00e1s observar los famosos lagartos end\u00e9micos de la Dragonera, s\u00edmbolo del parque natural.<\/p>\n<p>La experiencia contin\u00faa con un picnic t\u00edpico mallorqu\u00edn compartido frente al mar, en un entorno natural excepcional.<\/p>\n<p>Tras el regreso en barco, se dispone de tiempo libre en el pintoresco pueblo de Sant Elm para pasear y disfrutar de su ambiente costero.<\/p>\n","protected":false},"excerpt":{"rendered":"<blockquote><p><strong>Isla de la Dragonera Mallorca &#8211; Traves\u00eda en barco e inmersi\u00f3n en un parque natural protegido.<\/strong><\/p><\/blockquote>\n<p>Vive una experiencia Signature en grupo reducido combinando mar y senderismo, descubriendo los lagartos end\u00e9micos y los paisajes espectaculares de la Dragonera.<\/p>\n","protected":false},"featured_media":11275,"comment_status":"closed","ping_status":"closed","template":"","meta":{"_acf_changed":false,"inline_featured_image":false,"vled_child_price":"","vled_infant_price":"","vled_child_age":""},"product_brand":[],"product_cat":[648,649,651,654,656,673,790,679,774,775,658,681,841,844,660,684,662,793,784,791,686,664,665,687,670,668,671,677,690,785,646,676],"product_tag":[839],"class_list":{"0":"post-13633","1":"product","2":"type-product","3":"status-publish","4":"has-post-thumbnail","6":"product_cat-andratx-zona-1","7":"product_cat-bendinat-zona-1","8":"product_cat-cala-major-zona-1","9":"product_cat-calvia-zona-1","10":"product_cat-camp-de-mar-zona-1","11":"product_cat-can-pastilla-zona-2","12":"product_cat-ciudad-en-mallorca","13":"product_cat-colonia-de-sant-jordi-zona-2","14":"product_cat-con-ninos","15":"product_cat-con-traslado","16":"product_cat-costa-de-la-calma-zona-1","17":"product_cat-el-arenal-zona-2","18":"product_cat-experiencias-en-mallorca","19":"product_cat-experiencias-signature-mallorca","20":"product_cat-illetas-zona-1","21":"product_cat-llucmajor-zona-2","22":"product_cat-magaluf-zona-1","23":"product_cat-mallorca-es","24":"product_cat-naturaleza-aventura","25":"product_cat-no-lo-se-todavia","26":"product_cat-palma-zona-2","27":"product_cat-palmanova-zona-1","28":"product_cat-peguera-zona-1","29":"product_cat-playa-de-palma-zona-2","30":"product_cat-port-dandratx-zona-1","31":"product_cat-portals-nous-zona-1","32":"product_cat-sant-elm-zona-1","33":"product_cat-santa-ponca-zona-1","34":"product_cat-son-veri-nou-zona-2","35":"product_cat-todas-las-experiencias","36":"product_cat-zona-1","37":"product_cat-zona-2","38":"product_tag-calendario","40":"first","41":"instock","42":"featured","43":"virtual","44":"purchasable","45":"product-type-simple"},"acf":[],"_links":{"self":[{"href":"https:\/\/evasionauthentic.com\/es\/wp-json\/wp\/v2\/product\/13633","targetHints":{"allow":["GET"]}}],"collection":[{"href":"https:\/\/evasionauthentic.com\/es\/wp-json\/wp\/v2\/product"}],"about":[{"href":"https:\/\/evasionauthentic.com\/es\/wp-json\/wp\/v2\/types\/product"}],"replies":[{"embeddable":true,"href":"https:\/\/evasionauthentic.com\/es\/wp-json\/wp\/v2\/comments?post=13633"}],"version-history":[{"count":7,"href":"https:\/\/evasionauthentic.com\/es\/wp-json\/wp\/v2\/product\/13633\/revisions"}],"predecessor-version":[{"id":18063,"href":"https:\/\/evasionauthentic.com\/es\/wp-json\/wp\/v2\/product\/13633\/revisions\/18063"}],"wp:featuredmedia":[{"embeddable":true,"href":"https:\/\/evasionauthentic.com\/es\/wp-json\/wp\/v2\/media\/11275"}],"wp:attachment":[{"href":"https:\/\/evasionauthentic.com\/es\/wp-json\/wp\/v2\/media?parent=13633"}],"wp:term":[{"taxonomy":"product_brand","embeddable":true,"href":"https:\/\/evasionauthentic.com\/es\/wp-json\/wp\/v2\/product_brand?post=13633"},{"taxonomy":"product_cat","embeddable":true,"href":"https:\/\/evasionauthentic.com\/es\/wp-json\/wp\/v2\/product_cat?post=13633"},{"taxonomy":"product_tag","embeddable":true,"href":"https:\/\/evasionauthentic.com\/es\/wp-json\/wp\/v2\/product_tag?post=13633"}],"curies":[{"name":"wp","href":"https:\/\/api.w.org\/{rel}","templated":true}]}}