{"id":13650,"date":"2025-03-17T11:53:18","date_gmt":"2025-03-17T10:53:18","guid":{"rendered":"https:\/\/dev.evasionauthentic.com\/experience\/sa-calobra\/"},"modified":"2026-02-13T16:53:20","modified_gmt":"2026-02-13T15:53:20","slug":"sa-calobra","status":"publish","type":"product","link":"https:\/\/evasionauthentic.com\/es\/experiencia\/sa-calobra\/","title":{"rendered":"Sa Calobra &#8211; Torrent monumental y carretera panor\u00e1mica"},"content":{"rendered":"<h2><strong>Excursi\u00f3n Sa Calobra en Mallorca: \u00bfqu\u00e9 ver entre monta\u00f1a y mar?<\/strong><\/h2>\n<p>Ubicada en el coraz\u00f3n de la <strong>Serra de Tramuntana<\/strong>, declarada Patrimonio Mundial por la UNESCO, <strong>Sa Calobra en Mallorca<\/strong> es uno de los enclaves naturales m\u00e1s impactantes de la isla.<\/p>\n<p>Esta experiencia te lleva a descubrir el espectacular <strong>Torrent de Pareis<\/strong>, un ca\u00f1\u00f3n esculpido por la naturaleza donde acantilados monumentales y formaciones rocosas crean un paisaje \u00fanico. Un lugar imprescindible para amantes de la fotograf\u00eda y de los grandes paisajes.<\/p>\n<p>La jornada incluye tambi\u00e9n la visita al <strong>Monasterio de Lluc<\/strong>, referente espiritual e hist\u00f3rico rodeado de naturaleza, as\u00ed como un almuerzo t\u00edpico mallorqu\u00edn en un restaurante reconocido por su calidad y entorno.<\/p>\n<p>Todo ello acompa\u00f1ado por la legendaria carretera panor\u00e1mica de Sa Calobra, que serpentea junto al Puig Major, el punto m\u00e1s alto de Mallorca.<\/p>\n<p>Una excursi\u00f3n imprescindible para descubrir la Mallorca m\u00e1s impresionante y aut\u00e9ntica.<\/p>\n","protected":false},"excerpt":{"rendered":"<blockquote><p><strong>Excursi\u00f3n Sa Calobra en Mallorca &#8211; Torrent de Pareis, carretera panor\u00e1mica y paisajes espectaculares en la Serra de Tramuntana.<\/strong><\/p><\/blockquote>\n<p>Una jornada completa en grupo reducido para descubrir el impresionante Torrent de Pareis, el Monasterio de Lluc y una de las carreteras m\u00e1s emblem\u00e1ticas de Espa\u00f1a.<\/p>\n","protected":false},"featured_media":11395,"comment_status":"closed","ping_status":"closed","template":"","meta":{"_acf_changed":false,"inline_featured_image":false,"vled_child_price":"","vled_infant_price":"","vled_child_age":""},"product_brand":[],"product_cat":[750,648,649,651,654,656,673,752,790,679,774,775,658,781,681,842,841,660,684,662,793,791,686,664,665,754,687,755,670,757,668,759,671,677,762,690,785,646,676,748],"product_tag":[839],"class_list":{"0":"post-13650","1":"product","2":"type-product","3":"status-publish","4":"has-post-thumbnail","6":"product_cat-alcudia-zona-5","7":"product_cat-andratx-zona-1","8":"product_cat-bendinat-zona-1","9":"product_cat-cala-major-zona-1","10":"product_cat-calvia-zona-1","11":"product_cat-camp-de-mar-zona-1","12":"product_cat-can-pastilla-zona-2","13":"product_cat-can-picafort-zona-5","14":"product_cat-ciudad-en-mallorca","15":"product_cat-colonia-de-sant-jordi-zona-2","16":"product_cat-con-ninos","17":"product_cat-con-traslado","18":"product_cat-costa-de-la-calma-zona-1","19":"product_cat-cultura-tradicion","20":"product_cat-el-arenal-zona-2","21":"product_cat-experiencias-clasicas-mallorca","22":"product_cat-experiencias-en-mallorca","23":"product_cat-illetas-zona-1","24":"product_cat-llucmajor-zona-2","25":"product_cat-magaluf-zona-1","26":"product_cat-mallorca-es","27":"product_cat-no-lo-se-todavia","28":"product_cat-palma-zona-2","29":"product_cat-palmanova-zona-1","30":"product_cat-peguera-zona-1","31":"product_cat-playa-de-muro-zona-5","32":"product_cat-playa-de-palma-zona-2","33":"product_cat-pollenca-zona-5","34":"product_cat-port-dandratx-zona-1","35":"product_cat-port-de-pollenca-zona-5","36":"product_cat-portals-nous-zona-1","37":"product_cat-puerto-alcudia-zona-5","38":"product_cat-sant-elm-zona-1","39":"product_cat-santa-ponca-zona-1","40":"product_cat-son-serra-zona-5","41":"product_cat-son-veri-nou-zona-2","42":"product_cat-todas-las-experiencias","43":"product_cat-zona-1","44":"product_cat-zona-2","45":"product_cat-zona-5","46":"product_tag-calendario","48":"first","49":"instock","50":"featured","51":"virtual","52":"purchasable","53":"product-type-simple"},"acf":[],"_links":{"self":[{"href":"https:\/\/evasionauthentic.com\/es\/wp-json\/wp\/v2\/product\/13650","targetHints":{"allow":["GET"]}}],"collection":[{"href":"https:\/\/evasionauthentic.com\/es\/wp-json\/wp\/v2\/product"}],"about":[{"href":"https:\/\/evasionauthentic.com\/es\/wp-json\/wp\/v2\/types\/product"}],"replies":[{"embeddable":true,"href":"https:\/\/evasionauthentic.com\/es\/wp-json\/wp\/v2\/comments?post=13650"}],"version-history":[{"count":7,"href":"https:\/\/evasionauthentic.com\/es\/wp-json\/wp\/v2\/product\/13650\/revisions"}],"predecessor-version":[{"id":18001,"href":"https:\/\/evasionauthentic.com\/es\/wp-json\/wp\/v2\/product\/13650\/revisions\/18001"}],"wp:featuredmedia":[{"embeddable":true,"href":"https:\/\/evasionauthentic.com\/es\/wp-json\/wp\/v2\/media\/11395"}],"wp:attachment":[{"href":"https:\/\/evasionauthentic.com\/es\/wp-json\/wp\/v2\/media?parent=13650"}],"wp:term":[{"taxonomy":"product_brand","embeddable":true,"href":"https:\/\/evasionauthentic.com\/es\/wp-json\/wp\/v2\/product_brand?post=13650"},{"taxonomy":"product_cat","embeddable":true,"href":"https:\/\/evasionauthentic.com\/es\/wp-json\/wp\/v2\/product_cat?post=13650"},{"taxonomy":"product_tag","embeddable":true,"href":"https:\/\/evasionauthentic.com\/es\/wp-json\/wp\/v2\/product_tag?post=13650"}],"curies":[{"name":"wp","href":"https:\/\/api.w.org\/{rel}","templated":true}]}}