{"id":13656,"date":"2025-03-17T12:08:03","date_gmt":"2025-03-17T11:08:03","guid":{"rendered":"https:\/\/dev.evasionauthentic.com\/experience\/majorque-gastronomie-et-artisanat\/"},"modified":"2026-02-14T10:35:07","modified_gmt":"2026-02-14T09:35:07","slug":"mallorca-gastronomia-y-artesania","status":"publish","type":"product","link":"https:\/\/evasionauthentic.com\/es\/experiencia\/mallorca-gastronomia-y-artesania\/","title":{"rendered":"Coraz\u00f3n tradicional de Mallorca &#8211; Gastronom\u00eda y Artesan\u00eda"},"content":{"rendered":"<h2><strong>Coraz\u00f3n tradicional de Mallorca &#8211; Experiencia de gastronom\u00eda y artesan\u00eda<\/strong><\/h2>\n<p>El <strong>Coraz\u00f3n tradicional de Mallorca \u2013 Experiencia de gastronom\u00eda y artesan\u00eda<\/strong> te invita a descubrir la esencia cultural de la isla a trav\u00e9s de sus sabores y tradiciones.<\/p>\n<p>Durante la jornada recorres pueblos del interior, preservados y alejados de las zonas m\u00e1s tur\u00edsticas, donde la vida mallorquina conserva su autenticidad.<\/p>\n<p>La experiencia comienza con una cata de vinos en Binissalem, la capital vitivin\u00edcola de Mallorca. En una bodega tradicional degustar\u00e1s variedades locales mientras conoces la historia vin\u00edcola de la isla.<\/p>\n<p>A continuaci\u00f3n, disfrutar\u00e1s de un almuerzo mallorqu\u00edn t\u00edpico en un restaurante local que pone en valor los productos frescos y recetas tradicionales.<\/p>\n<p>La inmersi\u00f3n contin\u00faa con la visita a la cristaler\u00eda Lafiore, donde observar\u00e1s el delicado arte del soplado de vidrio, s\u00edmbolo del saber hacer artesanal mallorqu\u00edn.<\/p>\n<p>El d\u00eda finaliza en Caimari con una cata de aceite de oliva a los pies de la Serra de Tramuntana, descubriendo la cultura ole\u00edcola de la isla.<\/p>\n","protected":false},"excerpt":{"rendered":"<blockquote><p><strong>Tradiciones mallorquinas &#8211; Una inmersi\u00f3n Signature entre gastronom\u00eda y artesan\u00eda en el coraz\u00f3n de la isla.<\/strong><\/p><\/blockquote>\n<p>Descubre el centro aut\u00e9ntico de Mallorca en una jornada exclusiva con cata de vinos en Binissalem, saber hacer artesanal y especialidades locales a las puertas de la Serra de Tramuntana.<\/p>\n","protected":false},"featured_media":11410,"comment_status":"closed","ping_status":"closed","template":"","meta":{"_acf_changed":false,"inline_featured_image":false,"vled_child_price":"","vled_infant_price":"","vled_child_age":""},"product_brand":[],"product_cat":[750,648,716,649,718,720,693,721,697,695,700,701,724,651,726,728,729,703,731,706,734,708,654,656,673,752,736,790,679,774,775,658,781,681,841,844,737,783,660,684,662,793,791,686,664,665,754,687,755,670,757,668,740,712,710,759,742,745,744,671,677,762,690,785,646,676,692,714,748],"product_tag":[839],"class_list":{"0":"post-13656","1":"product","2":"type-product","3":"status-publish","4":"has-post-thumbnail","6":"product_cat-alcudia-zona-5","7":"product_cat-andratx-zona-1","8":"product_cat-arta-zona-4","9":"product_cat-bendinat-zona-1","10":"product_cat-betlem-zona-4","11":"product_cat-cala-agulla-zona-4","12":"product_cat-cala-barca-zona-3","13":"product_cat-cala-bona-zone-4-es","14":"product_cat-cala-dor-zona-3","15":"product_cat-cala-domingos-zona-3","16":"product_cat-cala-figuera-zona-3","17":"product_cat-cala-llombars-zona-3","18":"product_cat-cala-magrana-zona-4-es","19":"product_cat-cala-major-zona-1","20":"product_cat-cala-mandia-zona-4","21":"product_cat-cala-mesquida-zona-4","22":"product_cat-cala-millor-zona-4","23":"product_cat-cala-murada-zona-3","24":"product_cat-cala-ratjada-zona-4","25":"product_cat-cala-santanyi-zona-3","26":"product_cat-cala-tropicana-zona-4","27":"product_cat-calas-de-mallorca-zona-3","28":"product_cat-calvia-zona-1","29":"product_cat-camp-de-mar-zona-1","30":"product_cat-can-pastilla-zona-2","31":"product_cat-can-picafort-zona-5","32":"product_cat-capdepera-zona-4","33":"product_cat-ciudad-en-mallorca","34":"product_cat-colonia-de-sant-jordi-zona-2","35":"product_cat-con-ninos","36":"product_cat-con-traslado","37":"product_cat-costa-de-la-calma-zona-1","38":"product_cat-cultura-tradicion","39":"product_cat-el-arenal-zona-2","40":"product_cat-experiencias-en-mallorca","41":"product_cat-experiencias-signature-mallorca","42":"product_cat-font-de-sa-cala-zona-4","43":"product_cat-gastronomia","44":"product_cat-illetas-zona-1","45":"product_cat-llucmajor-zona-2","46":"product_cat-magaluf-zona-1","47":"product_cat-mallorca-es","48":"product_cat-no-lo-se-todavia","49":"product_cat-palma-zona-2","50":"product_cat-palmanova-zona-1","51":"product_cat-peguera-zona-1","52":"product_cat-playa-de-muro-zona-5","53":"product_cat-playa-de-palma-zona-2","54":"product_cat-pollenca-zona-5","55":"product_cat-port-dandratx-zona-1","56":"product_cat-port-de-pollenca-zona-5","57":"product_cat-portals-nous-zona-1","58":"product_cat-porto-cristo-zona-4","59":"product_cat-porto-petro-zona-3","60":"product_cat-portocolom-zona-3","61":"product_cat-puerto-alcudia-zona-5","62":"product_cat-romantica-zona-4","63":"product_cat-sillot-zona-4","64":"product_cat-sa-coma-zona-4","65":"product_cat-sant-elm-zona-1","66":"product_cat-santa-ponca-zona-1","67":"product_cat-son-serra-zona-5","68":"product_cat-son-veri-nou-zona-2","69":"product_cat-todas-las-experiencias","70":"product_cat-zona-1","71":"product_cat-zona-2","72":"product_cat-zona-3","73":"product_cat-zona-4","74":"product_cat-zona-5","75":"product_tag-calendario","77":"first","78":"instock","79":"featured","80":"virtual","81":"purchasable","82":"product-type-simple"},"acf":[],"_links":{"self":[{"href":"https:\/\/evasionauthentic.com\/es\/wp-json\/wp\/v2\/product\/13656","targetHints":{"allow":["GET"]}}],"collection":[{"href":"https:\/\/evasionauthentic.com\/es\/wp-json\/wp\/v2\/product"}],"about":[{"href":"https:\/\/evasionauthentic.com\/es\/wp-json\/wp\/v2\/types\/product"}],"replies":[{"embeddable":true,"href":"https:\/\/evasionauthentic.com\/es\/wp-json\/wp\/v2\/comments?post=13656"}],"version-history":[{"count":7,"href":"https:\/\/evasionauthentic.com\/es\/wp-json\/wp\/v2\/product\/13656\/revisions"}],"predecessor-version":[{"id":18054,"href":"https:\/\/evasionauthentic.com\/es\/wp-json\/wp\/v2\/product\/13656\/revisions\/18054"}],"wp:featuredmedia":[{"embeddable":true,"href":"https:\/\/evasionauthentic.com\/es\/wp-json\/wp\/v2\/media\/11410"}],"wp:attachment":[{"href":"https:\/\/evasionauthentic.com\/es\/wp-json\/wp\/v2\/media?parent=13656"}],"wp:term":[{"taxonomy":"product_brand","embeddable":true,"href":"https:\/\/evasionauthentic.com\/es\/wp-json\/wp\/v2\/product_brand?post=13656"},{"taxonomy":"product_cat","embeddable":true,"href":"https:\/\/evasionauthentic.com\/es\/wp-json\/wp\/v2\/product_cat?post=13656"},{"taxonomy":"product_tag","embeddable":true,"href":"https:\/\/evasionauthentic.com\/es\/wp-json\/wp\/v2\/product_tag?post=13656"}],"curies":[{"name":"wp","href":"https:\/\/api.w.org\/{rel}","templated":true}]}}