{"id":13735,"date":"2025-03-17T13:10:55","date_gmt":"2025-03-17T12:10:55","guid":{"rendered":"https:\/\/dev.evasionauthentic.com\/experience\/palma-by-night\/"},"modified":"2026-02-13T16:52:27","modified_gmt":"2026-02-13T15:52:27","slug":"palma-by-night","status":"publish","type":"product","link":"https:\/\/evasionauthentic.com\/es\/experiencia\/palma-by-night\/","title":{"rendered":"Palma by Night"},"content":{"rendered":"<h2><strong>Palma by Night en Mallorca: \u00bfqu\u00e9 hacer en Palma por la noche?<\/strong><\/h2>\n<p>Cuando el calor disminuye y las luces se encienden, <strong>Palma by Night en Mallorca<\/strong> revela una cara diferente y fascinante de la capital.<\/p>\n<p>Esta experiencia te sumerge en el ambiente nocturno del casco antiguo, entre callejuelas medievales, arquitectura de influencias \u00e1rabes y cristianas y una atm\u00f3sfera vibrante t\u00edpicamente espa\u00f1ola.<\/p>\n<p>Disfrutar\u00e1s de una cena de tapas en un restaurante singular del centro hist\u00f3rico y, posteriormente, de un c\u00f3ctel en un bar m\u00edtico y discreto, frecuentado principalmente por locales.<\/p>\n<p>La velada culmina con una vista panor\u00e1mica de la <strong>Catedral de Palma iluminada<\/strong>, desde una explanada con vistas espectaculares sobre el Mediterr\u00e1neo.<\/p>\n<p>Una experiencia elegante y acogedora para vivir Palma de Mallorca de una forma diferente.<\/p>\n","protected":false},"excerpt":{"rendered":"<blockquote><p><strong>Palma by Night en Mallorca &#8211; tapas locales, c\u00f3ctel secreto y Catedral iluminada en el coraz\u00f3n de la ciudad.<\/strong><\/p><\/blockquote>\n<p>Descubre Palma de Mallorca al caer la noche en una experiencia en grupo reducido que combina patrimonio, gastronom\u00eda y ambiente mediterr\u00e1neo.<\/p>\n","protected":false},"featured_media":11534,"comment_status":"closed","ping_status":"closed","template":"","meta":{"_acf_changed":false,"inline_featured_image":false,"vled_child_price":"","vled_infant_price":"","vled_child_age":""},"product_brand":[],"product_cat":[648,649,651,654,656,673,790,679,775,658,781,681,842,841,660,684,662,793,791,686,664,665,687,782,670,668,671,677,776,690,785,646,676],"product_tag":[839],"class_list":{"0":"post-13735","1":"product","2":"type-product","3":"status-publish","4":"has-post-thumbnail","6":"product_cat-andratx-zona-1","7":"product_cat-bendinat-zona-1","8":"product_cat-cala-major-zona-1","9":"product_cat-calvia-zona-1","10":"product_cat-camp-de-mar-zona-1","11":"product_cat-can-pastilla-zona-2","12":"product_cat-ciudad-en-mallorca","13":"product_cat-colonia-de-sant-jordi-zona-2","14":"product_cat-con-traslado","15":"product_cat-costa-de-la-calma-zona-1","16":"product_cat-cultura-tradicion","17":"product_cat-el-arenal-zona-2","18":"product_cat-experiencias-clasicas-mallorca","19":"product_cat-experiencias-en-mallorca","20":"product_cat-illetas-zona-1","21":"product_cat-llucmajor-zona-2","22":"product_cat-magaluf-zona-1","23":"product_cat-mallorca-es","24":"product_cat-no-lo-se-todavia","25":"product_cat-palma-zona-2","26":"product_cat-palmanova-zona-1","27":"product_cat-peguera-zona-1","28":"product_cat-playa-de-palma-zona-2","29":"product_cat-por-la-noche","30":"product_cat-port-dandratx-zona-1","31":"product_cat-portals-nous-zona-1","32":"product_cat-sant-elm-zona-1","33":"product_cat-santa-ponca-zona-1","34":"product_cat-sin-ninos","35":"product_cat-son-veri-nou-zona-2","36":"product_cat-todas-las-experiencias","37":"product_cat-zona-1","38":"product_cat-zona-2","39":"product_tag-calendario","41":"first","42":"instock","43":"featured","44":"virtual","45":"purchasable","46":"product-type-simple"},"acf":[],"_links":{"self":[{"href":"https:\/\/evasionauthentic.com\/es\/wp-json\/wp\/v2\/product\/13735","targetHints":{"allow":["GET"]}}],"collection":[{"href":"https:\/\/evasionauthentic.com\/es\/wp-json\/wp\/v2\/product"}],"about":[{"href":"https:\/\/evasionauthentic.com\/es\/wp-json\/wp\/v2\/types\/product"}],"replies":[{"embeddable":true,"href":"https:\/\/evasionauthentic.com\/es\/wp-json\/wp\/v2\/comments?post=13735"}],"version-history":[{"count":5,"href":"https:\/\/evasionauthentic.com\/es\/wp-json\/wp\/v2\/product\/13735\/revisions"}],"predecessor-version":[{"id":18012,"href":"https:\/\/evasionauthentic.com\/es\/wp-json\/wp\/v2\/product\/13735\/revisions\/18012"}],"wp:featuredmedia":[{"embeddable":true,"href":"https:\/\/evasionauthentic.com\/es\/wp-json\/wp\/v2\/media\/11534"}],"wp:attachment":[{"href":"https:\/\/evasionauthentic.com\/es\/wp-json\/wp\/v2\/media?parent=13735"}],"wp:term":[{"taxonomy":"product_brand","embeddable":true,"href":"https:\/\/evasionauthentic.com\/es\/wp-json\/wp\/v2\/product_brand?post=13735"},{"taxonomy":"product_cat","embeddable":true,"href":"https:\/\/evasionauthentic.com\/es\/wp-json\/wp\/v2\/product_cat?post=13735"},{"taxonomy":"product_tag","embeddable":true,"href":"https:\/\/evasionauthentic.com\/es\/wp-json\/wp\/v2\/product_tag?post=13735"}],"curies":[{"name":"wp","href":"https:\/\/api.w.org\/{rel}","templated":true}]}}