{"id":13743,"date":"2025-06-17T13:47:08","date_gmt":"2025-06-17T11:47:08","guid":{"rendered":"https:\/\/dev.evasionauthentic.com\/experience\/voilier-au-coucher-du-soleil\/"},"modified":"2025-12-18T13:27:41","modified_gmt":"2025-12-18T12:27:41","slug":"velero-al-atardecer","status":"publish","type":"product","link":"https:\/\/evasionauthentic.com\/es\/experiencia\/velero-al-atardecer\/","title":{"rendered":"Crucero en velero al atardecer con aperitivo"},"content":{"rendered":"<h2>D\u00e9jate seducir por el encanto del velero al atardecer<\/h2>\n<p>Disfruta de <strong>una experiencia \u00fanica en el mar<\/strong> y descubre Mallorca en velero al atardecer, <strong>un momento m\u00e1gico donde cielo y mar se funden<\/strong> en tonos dorados y rosados. Una experiencia inolvidable entre navegaci\u00f3n, ba\u00f1o y degustaci\u00f3n de especialidades locales.<\/p>\n","protected":false},"excerpt":{"rendered":"<blockquote><p>Emb\u00e1rcate en un <strong>velero al atardecer<\/strong> con nuestro capit\u00e1n, que conoce los rincones perfectos donde echar el ancla.<\/p><\/blockquote>\n","protected":false},"featured_media":11578,"comment_status":"closed","ping_status":"closed","template":"","meta":{"_acf_changed":false,"inline_featured_image":false,"vled_child_price":"","vled_infant_price":"","vled_child_age":""},"product_brand":[],"product_cat":[648,780,649,651,654,656,673,790,679,775,658,681,841,844,660,684,662,793,791,686,664,665,687,782,670,668,671,677,776,690,785,646,676],"product_tag":[839],"class_list":{"0":"post-13743","1":"product","2":"type-product","3":"status-publish","4":"has-post-thumbnail","6":"product_cat-andratx-zona-1","7":"product_cat-aventura-en-el-mar","8":"product_cat-bendinat-zona-1","9":"product_cat-cala-major-zona-1","10":"product_cat-calvia-zona-1","11":"product_cat-camp-de-mar-zona-1","12":"product_cat-can-pastilla-zona-2","13":"product_cat-ciudad-en-mallorca","14":"product_cat-colonia-de-sant-jordi-zona-2","15":"product_cat-con-traslado","16":"product_cat-costa-de-la-calma-zona-1","17":"product_cat-el-arenal-zona-2","18":"product_cat-experiencias-en-mallorca","19":"product_cat-experiencias-signature-mallorca","20":"product_cat-illetas-zona-1","21":"product_cat-llucmajor-zona-2","22":"product_cat-magaluf-zona-1","23":"product_cat-mallorca-es","24":"product_cat-no-lo-se-todavia","25":"product_cat-palma-zona-2","26":"product_cat-palmanova-zona-1","27":"product_cat-peguera-zona-1","28":"product_cat-playa-de-palma-zona-2","29":"product_cat-por-la-noche","30":"product_cat-port-dandratx-zona-1","31":"product_cat-portals-nous-zona-1","32":"product_cat-sant-elm-zona-1","33":"product_cat-santa-ponca-zona-1","34":"product_cat-sin-ninos","35":"product_cat-son-veri-nou-zona-2","36":"product_cat-todas-las-experiencias","37":"product_cat-zona-1","38":"product_cat-zona-2","39":"product_tag-calendario","41":"first","42":"instock","43":"featured","44":"virtual","45":"purchasable","46":"product-type-simple"},"acf":[],"_links":{"self":[{"href":"https:\/\/evasionauthentic.com\/es\/wp-json\/wp\/v2\/product\/13743","targetHints":{"allow":["GET"]}}],"collection":[{"href":"https:\/\/evasionauthentic.com\/es\/wp-json\/wp\/v2\/product"}],"about":[{"href":"https:\/\/evasionauthentic.com\/es\/wp-json\/wp\/v2\/types\/product"}],"replies":[{"embeddable":true,"href":"https:\/\/evasionauthentic.com\/es\/wp-json\/wp\/v2\/comments?post=13743"}],"version-history":[{"count":5,"href":"https:\/\/evasionauthentic.com\/es\/wp-json\/wp\/v2\/product\/13743\/revisions"}],"predecessor-version":[{"id":17278,"href":"https:\/\/evasionauthentic.com\/es\/wp-json\/wp\/v2\/product\/13743\/revisions\/17278"}],"wp:featuredmedia":[{"embeddable":true,"href":"https:\/\/evasionauthentic.com\/es\/wp-json\/wp\/v2\/media\/11578"}],"wp:attachment":[{"href":"https:\/\/evasionauthentic.com\/es\/wp-json\/wp\/v2\/media?parent=13743"}],"wp:term":[{"taxonomy":"product_brand","embeddable":true,"href":"https:\/\/evasionauthentic.com\/es\/wp-json\/wp\/v2\/product_brand?post=13743"},{"taxonomy":"product_cat","embeddable":true,"href":"https:\/\/evasionauthentic.com\/es\/wp-json\/wp\/v2\/product_cat?post=13743"},{"taxonomy":"product_tag","embeddable":true,"href":"https:\/\/evasionauthentic.com\/es\/wp-json\/wp\/v2\/product_tag?post=13743"}],"curies":[{"name":"wp","href":"https:\/\/api.w.org\/{rel}","templated":true}]}}