{"id":13774,"date":"2025-03-17T16:12:22","date_gmt":"2025-03-17T15:12:22","guid":{"rendered":"https:\/\/dev.evasionauthentic.com\/experience\/nature-ambiance-hippie\/"},"modified":"2026-02-16T15:34:04","modified_gmt":"2026-02-16T14:34:04","slug":"naturaleza-ambiente-hippie","status":"publish","type":"product","link":"https:\/\/evasionauthentic.com\/es\/experiencia\/naturaleza-ambiente-hippie\/","title":{"rendered":"Entre naturaleza y ambiente hippie"},"content":{"rendered":"<h2><strong>Mercado Hippie Las Dalias Ibiza: entre naturaleza y cultura bohemia<\/strong><\/h2>\n<p>Esta experiencia Signature revela una Ibiza aut\u00e9ntica y contrastada, lejos de los clich\u00e9s festivos.<\/p>\n<p>La jornada comienza con una inmersi\u00f3n en <strong>Bibo Park Ibiza<\/strong>, un entorno natural protegido con miradores panor\u00e1micos y descubrimiento de la flora y fauna local.<\/p>\n<p>A continuaci\u00f3n, visita a <strong>Santa Gertrudis Ibiza<\/strong>, pueblo art\u00edstico emblem\u00e1tico donde galer\u00edas, tiendas artesanales y ambiente mediterr\u00e1neo reflejan el esp\u00edritu creativo de la isla.<\/p>\n<p>El momento central es la visita al famoso <strong>Mercado Hippie Las Dalias Ibiza<\/strong>, un espacio ic\u00f3nico donde artesan\u00eda, creaciones locales y ambiente musical encarnan la esencia libre de Ibiza.<\/p>\n<p>Tras un almuerzo mediterr\u00e1neo con sabores locales, la experiencia contin\u00faa hacia el <strong>Mirador de Punta Grossa<\/strong>, con vistas espectaculares sobre el mar y el litoral.<\/p>\n<p>El d\u00eda finaliza en una playa virgen del norte, ideal para un ba\u00f1o relajante en aguas cristalinas.<\/p>\n","protected":false},"excerpt":{"rendered":"<blockquote><p><strong>Mercado Hippie Las Dalias Ibiza \u2013 Naturaleza y cultura bohemia aut\u00e9ntica<\/strong><\/p><\/blockquote>\n<p>Descubre el alma aut\u00e9ntica de Ibiza en una jornada Signature que combina naturaleza en Bibo Park, el pueblo art\u00edstico de Santa Gertrudis, el emblem\u00e1tico Mercado Hippie Las Dalias Ibiza y ba\u00f1o en una cala virgen del norte.<\/p>\n","protected":false},"featured_media":11716,"comment_status":"closed","ping_status":"closed","template":"","meta":{"_acf_changed":false,"inline_featured_image":false,"vled_child_price":"","vled_infant_price":"","vled_child_age":""},"product_brand":[],"product_cat":[774,775,845,848,792,784,785],"product_tag":[839],"class_list":{"0":"post-13774","1":"product","2":"type-product","3":"status-publish","4":"has-post-thumbnail","6":"product_cat-con-ninos","7":"product_cat-con-traslado","8":"product_cat-experiencias-en-ibiza","9":"product_cat-experiencias-signature-ibiza","10":"product_cat-ibiza-y-formentera","11":"product_cat-naturaleza-aventura","12":"product_cat-todas-las-experiencias","13":"product_tag-calendario","15":"first","16":"instock","17":"featured","18":"virtual","19":"purchasable","20":"product-type-simple"},"acf":[],"_links":{"self":[{"href":"https:\/\/evasionauthentic.com\/es\/wp-json\/wp\/v2\/product\/13774","targetHints":{"allow":["GET"]}}],"collection":[{"href":"https:\/\/evasionauthentic.com\/es\/wp-json\/wp\/v2\/product"}],"about":[{"href":"https:\/\/evasionauthentic.com\/es\/wp-json\/wp\/v2\/types\/product"}],"replies":[{"embeddable":true,"href":"https:\/\/evasionauthentic.com\/es\/wp-json\/wp\/v2\/comments?post=13774"}],"version-history":[{"count":7,"href":"https:\/\/evasionauthentic.com\/es\/wp-json\/wp\/v2\/product\/13774\/revisions"}],"predecessor-version":[{"id":18432,"href":"https:\/\/evasionauthentic.com\/es\/wp-json\/wp\/v2\/product\/13774\/revisions\/18432"}],"wp:featuredmedia":[{"embeddable":true,"href":"https:\/\/evasionauthentic.com\/es\/wp-json\/wp\/v2\/media\/11716"}],"wp:attachment":[{"href":"https:\/\/evasionauthentic.com\/es\/wp-json\/wp\/v2\/media?parent=13774"}],"wp:term":[{"taxonomy":"product_brand","embeddable":true,"href":"https:\/\/evasionauthentic.com\/es\/wp-json\/wp\/v2\/product_brand?post=13774"},{"taxonomy":"product_cat","embeddable":true,"href":"https:\/\/evasionauthentic.com\/es\/wp-json\/wp\/v2\/product_cat?post=13774"},{"taxonomy":"product_tag","embeddable":true,"href":"https:\/\/evasionauthentic.com\/es\/wp-json\/wp\/v2\/product_tag?post=13774"}],"curies":[{"name":"wp","href":"https:\/\/api.w.org\/{rel}","templated":true}]}}