{"id":13778,"date":"2025-03-18T09:01:16","date_gmt":"2025-03-18T08:01:16","guid":{"rendered":"https:\/\/dev.evasionauthentic.com\/experience\/excursion-privee-sur-mesure-majorque-4h\/"},"modified":"2025-12-18T15:55:30","modified_gmt":"2025-12-18T14:55:30","slug":"excursion-privada-a-medida-en-mallorca-4h","status":"publish","type":"product","link":"https:\/\/evasionauthentic.com\/es\/experiencia\/excursion-privada-a-medida-en-mallorca-4h\/","title":{"rendered":"Excursi\u00f3n privada a medida en Mallorca \u2013 4 horas"},"content":{"rendered":"<h2>\u00a1Una excursi\u00f3n privada y a medida solo para ti, donde quieras, como lo sue\u00f1es!<\/h2>\n<p><strong>Disponible para grupos de 2 a 4 personas y de 5 a 8 personas.<\/strong><br \/>\nEn Evasion Authentic, te invitamos a <strong>descubrir Mallorca con pasi\u00f3n y espontaneidad<\/strong>. Toma decisiones en tiempo real sobre tu recorrido: <strong>d\u00e9jate llevar por tus emociones y adapta el itinerario seg\u00fan el momento<\/strong>. Acorta una parada para alargar otra\u2026 y fluye con el viaje.<\/p>\n<p>Tu \u201cAmigo\u201d personal, te ayudar\u00e1 a dise\u00f1ar una excursi\u00f3n que despierte tus sentidos y responda a tus deseos. Ya sea que te atraiga la cultura, la naturaleza o la gastronom\u00eda, cada detalle se personaliza para crear <strong>una experiencia inolvidable<\/strong>, en perfecta sinton\u00eda con tu estado de \u00e1nimo y curiosidad del d\u00eda.<\/p>\n<h3>\u00a1Recogida en cualquier parte de la isla!<\/h3>\n<p>Para esta excursi\u00f3n privada a medida, te recogemos donde est\u00e9s en Mallorca. No importa tu lugar de alojamiento, <strong>nos adaptamos para que disfrutes sin preocuparte por nada<\/strong>.<\/p>\n","protected":false},"excerpt":{"rendered":"<blockquote><p>Descubre Mallorca a tu ritmo con una <strong>excursi\u00f3n privada \u00fanica y hecha a tu medida<\/strong>.<\/p><\/blockquote>\n","protected":false},"featured_media":11450,"comment_status":"closed","ping_status":"closed","template":"","meta":{"_acf_changed":false,"inline_featured_image":false,"vled_child_price":"","vled_infant_price":"","vled_child_age":""},"product_brand":[],"product_cat":[774,775,781,841,844,793,784,785],"product_tag":[],"class_list":{"0":"post-13778","1":"product","2":"type-product","3":"status-publish","4":"has-post-thumbnail","6":"product_cat-con-ninos","7":"product_cat-con-traslado","8":"product_cat-cultura-tradicion","9":"product_cat-experiencias-en-mallorca","10":"product_cat-experiencias-signature-mallorca","11":"product_cat-mallorca-es","12":"product_cat-naturaleza-aventura","13":"product_cat-todas-las-experiencias","15":"first","16":"instock","17":"featured","18":"virtual","19":"purchasable","20":"product-type-simple"},"acf":[],"_links":{"self":[{"href":"https:\/\/evasionauthentic.com\/es\/wp-json\/wp\/v2\/product\/13778","targetHints":{"allow":["GET"]}}],"collection":[{"href":"https:\/\/evasionauthentic.com\/es\/wp-json\/wp\/v2\/product"}],"about":[{"href":"https:\/\/evasionauthentic.com\/es\/wp-json\/wp\/v2\/types\/product"}],"replies":[{"embeddable":true,"href":"https:\/\/evasionauthentic.com\/es\/wp-json\/wp\/v2\/comments?post=13778"}],"version-history":[{"count":8,"href":"https:\/\/evasionauthentic.com\/es\/wp-json\/wp\/v2\/product\/13778\/revisions"}],"predecessor-version":[{"id":17351,"href":"https:\/\/evasionauthentic.com\/es\/wp-json\/wp\/v2\/product\/13778\/revisions\/17351"}],"wp:featuredmedia":[{"embeddable":true,"href":"https:\/\/evasionauthentic.com\/es\/wp-json\/wp\/v2\/media\/11450"}],"wp:attachment":[{"href":"https:\/\/evasionauthentic.com\/es\/wp-json\/wp\/v2\/media?parent=13778"}],"wp:term":[{"taxonomy":"product_brand","embeddable":true,"href":"https:\/\/evasionauthentic.com\/es\/wp-json\/wp\/v2\/product_brand?post=13778"},{"taxonomy":"product_cat","embeddable":true,"href":"https:\/\/evasionauthentic.com\/es\/wp-json\/wp\/v2\/product_cat?post=13778"},{"taxonomy":"product_tag","embeddable":true,"href":"https:\/\/evasionauthentic.com\/es\/wp-json\/wp\/v2\/product_tag?post=13778"}],"curies":[{"name":"wp","href":"https:\/\/api.w.org\/{rel}","templated":true}]}}