{"id":13786,"date":"2025-03-18T11:22:04","date_gmt":"2025-03-18T10:22:04","guid":{"rendered":"https:\/\/dev.evasionauthentic.com\/experience\/excursion-privee-sur-mesure-majorque-8h\/"},"modified":"2025-12-18T16:00:18","modified_gmt":"2025-12-18T15:00:18","slug":"excursion-privada-a-medida-en-mallorca-8h","status":"publish","type":"product","link":"https:\/\/evasionauthentic.com\/es\/experiencia\/excursion-privada-a-medida-en-mallorca-8h\/","title":{"rendered":"Excursi\u00f3n privada a medida en Mallorca \u2013 8 horas"},"content":{"rendered":"<h2>Vive Mallorca a tu ritmo con una excursi\u00f3n privada exclusiva<\/h2>\n<p><strong>Excursi\u00f3n privada disponible para grupos de 2 a 4 personas y de 5 a 8 personas.<\/strong><br \/>\nEn Evasion Authentic, te invitamos a descubrir Mallorca con <strong>pasi\u00f3n y espontaneidad<\/strong>.<br \/>\n<strong>Toma decisiones en tiempo real sobre tu ruta:<\/strong> d\u00e9jate llevar por tus emociones, acorta una parada para alargar otra, y fluye con tu \u201cAmigo\u201d.<\/p>\n<p>Tu \u201cAmigo\u201d personal, que habla tu idioma, te ayudar\u00e1 a crear <strong>una excursi\u00f3n dise\u00f1ada a medida para despertar tus sentidos<\/strong> y adaptarse a tus intereses. Cultura, naturaleza o gastronom\u00eda: todo se personaliza para que vivas una experiencia inolvidable, en perfecta armon\u00eda con tu estado de \u00e1nimo y tu curiosidad.<\/p>\n<h3><strong>\u00a1Recogida en toda la isla!<\/strong><\/h3>\n<p>Para esta excursi\u00f3n privada, pasamos a recogerte est\u00e9s donde est\u00e9s en Mallorca. Tu \u00fanica misi\u00f3n: disfrutar al m\u00e1ximo sin preocuparte por nada.<\/p>\n","protected":false},"excerpt":{"rendered":"<blockquote><p>Tu excursi\u00f3n privada es <strong>100 % personalizable<\/strong> seg\u00fan tus deseos.<\/p><\/blockquote>\n","protected":false},"featured_media":12502,"comment_status":"closed","ping_status":"closed","template":"","meta":{"_acf_changed":false,"inline_featured_image":false,"vled_child_price":"","vled_infant_price":"","vled_child_age":""},"product_brand":[],"product_cat":[774,775,781,841,844,793,784,785],"product_tag":[],"class_list":{"0":"post-13786","1":"product","2":"type-product","3":"status-publish","4":"has-post-thumbnail","6":"product_cat-con-ninos","7":"product_cat-con-traslado","8":"product_cat-cultura-tradicion","9":"product_cat-experiencias-en-mallorca","10":"product_cat-experiencias-signature-mallorca","11":"product_cat-mallorca-es","12":"product_cat-naturaleza-aventura","13":"product_cat-todas-las-experiencias","15":"first","16":"instock","17":"featured","18":"virtual","19":"purchasable","20":"product-type-simple"},"acf":[],"_links":{"self":[{"href":"https:\/\/evasionauthentic.com\/es\/wp-json\/wp\/v2\/product\/13786","targetHints":{"allow":["GET"]}}],"collection":[{"href":"https:\/\/evasionauthentic.com\/es\/wp-json\/wp\/v2\/product"}],"about":[{"href":"https:\/\/evasionauthentic.com\/es\/wp-json\/wp\/v2\/types\/product"}],"replies":[{"embeddable":true,"href":"https:\/\/evasionauthentic.com\/es\/wp-json\/wp\/v2\/comments?post=13786"}],"version-history":[{"count":8,"href":"https:\/\/evasionauthentic.com\/es\/wp-json\/wp\/v2\/product\/13786\/revisions"}],"predecessor-version":[{"id":17354,"href":"https:\/\/evasionauthentic.com\/es\/wp-json\/wp\/v2\/product\/13786\/revisions\/17354"}],"wp:featuredmedia":[{"embeddable":true,"href":"https:\/\/evasionauthentic.com\/es\/wp-json\/wp\/v2\/media\/12502"}],"wp:attachment":[{"href":"https:\/\/evasionauthentic.com\/es\/wp-json\/wp\/v2\/media?parent=13786"}],"wp:term":[{"taxonomy":"product_brand","embeddable":true,"href":"https:\/\/evasionauthentic.com\/es\/wp-json\/wp\/v2\/product_brand?post=13786"},{"taxonomy":"product_cat","embeddable":true,"href":"https:\/\/evasionauthentic.com\/es\/wp-json\/wp\/v2\/product_cat?post=13786"},{"taxonomy":"product_tag","embeddable":true,"href":"https:\/\/evasionauthentic.com\/es\/wp-json\/wp\/v2\/product_tag?post=13786"}],"curies":[{"name":"wp","href":"https:\/\/api.w.org\/{rel}","templated":true}]}}