{"id":13790,"date":"2025-03-18T12:22:12","date_gmt":"2025-03-18T11:22:12","guid":{"rendered":"https:\/\/dev.evasionauthentic.com\/experience\/excursion-en-kayak\/"},"modified":"2025-03-27T20:27:42","modified_gmt":"2025-03-27T19:27:42","slug":"excursion-en-kayak","status":"publish","type":"product","link":"https:\/\/evasionauthentic.com\/es\/experiencia\/excursion-en-kayak\/","title":{"rendered":"Excursi\u00f3n en kayak \u2013 3h"},"content":{"rendered":"<h2>Descubre la costa mallorquina con una excursi\u00f3n en kayak<\/h2>\n<p><strong>Las excursiones se realizan de lunes a s\u00e1bado con salida a las 10:30 h (llegar 30 minutos antes para prepararse).<\/strong><br \/>\nEmb\u00e1rcate en una <strong>excursi\u00f3n en kayak inolvidable<\/strong>, ideal para explorar la costa de Mallorca de una manera activa, cercana y completamente diferente. Acompa\u00f1ado por un gu\u00eda experto, navegar\u00e1s por <strong>aguas cristalinas<\/strong> y descubrir\u00e1s <strong>paisajes espectaculares accesibles solo por mar<\/strong>.<\/p>\n<p>Durante el recorrido, tendr\u00e1s la oportunidad de visitar <strong>cuevas marinas secretas<\/strong>, cruzar calas escondidas y admirar los acantilados y formaciones naturales esculpidas por el mar.<\/p>\n<p><strong>\u2794 Ba\u00f1o y snorkeling:<\/strong> Haz una pausa refrescante con una sesi\u00f3n de snorkeling en aguas claras, llenas de vida marina.<\/p>\n<p><strong>\u2794 Para todos los niveles:<\/strong> Tanto si eres principiante como experimentado, esta excursi\u00f3n se adapta a tu ritmo para una experiencia c\u00f3moda y accesible para todos.<\/p>\n","protected":false},"excerpt":{"rendered":"<blockquote><p><strong>Una excursi\u00f3n en kayak y una aventura inolvidable entre deporte, descubrimiento y relax,<\/strong> en el coraz\u00f3n de los paisajes encantadores de Mallorca.<\/p><\/blockquote>\n","protected":false},"featured_media":11831,"comment_status":"closed","ping_status":"closed","template":"","meta":{"_acf_changed":false,"inline_featured_image":false,"vled_child_price":"","vled_infant_price":"","vled_child_age":""},"product_brand":[],"product_cat":[786,780,649,654,774,658,660,662,793,791,664,668,677,785,778,646],"product_tag":[839],"class_list":{"0":"post-13790","1":"product","2":"type-product","3":"status-publish","4":"has-post-thumbnail","6":"product_cat-actividades","7":"product_cat-aventura-en-el-mar","8":"product_cat-bendinat-zona-1","9":"product_cat-calvia-zona-1","10":"product_cat-con-ninos","11":"product_cat-costa-de-la-calma-zona-1","12":"product_cat-illetas-zona-1","13":"product_cat-magaluf-zona-1","14":"product_cat-mallorca-es","15":"product_cat-no-lo-se-todavia","16":"product_cat-palmanova-zona-1","17":"product_cat-portals-nous-zona-1","18":"product_cat-santa-ponca-zona-1","19":"product_cat-todas-las-experiencias","20":"product_cat-traslado-opcional","21":"product_cat-zona-1","22":"product_tag-calendario","24":"first","25":"instock","26":"shipping-taxable","27":"purchasable","28":"product-type-ovabrw_car_rental"},"acf":[],"_links":{"self":[{"href":"https:\/\/evasionauthentic.com\/es\/wp-json\/wp\/v2\/product\/13790","targetHints":{"allow":["GET"]}}],"collection":[{"href":"https:\/\/evasionauthentic.com\/es\/wp-json\/wp\/v2\/product"}],"about":[{"href":"https:\/\/evasionauthentic.com\/es\/wp-json\/wp\/v2\/types\/product"}],"replies":[{"embeddable":true,"href":"https:\/\/evasionauthentic.com\/es\/wp-json\/wp\/v2\/comments?post=13790"}],"version-history":[{"count":4,"href":"https:\/\/evasionauthentic.com\/es\/wp-json\/wp\/v2\/product\/13790\/revisions"}],"predecessor-version":[{"id":14460,"href":"https:\/\/evasionauthentic.com\/es\/wp-json\/wp\/v2\/product\/13790\/revisions\/14460"}],"wp:featuredmedia":[{"embeddable":true,"href":"https:\/\/evasionauthentic.com\/es\/wp-json\/wp\/v2\/media\/11831"}],"wp:attachment":[{"href":"https:\/\/evasionauthentic.com\/es\/wp-json\/wp\/v2\/media?parent=13790"}],"wp:term":[{"taxonomy":"product_brand","embeddable":true,"href":"https:\/\/evasionauthentic.com\/es\/wp-json\/wp\/v2\/product_brand?post=13790"},{"taxonomy":"product_cat","embeddable":true,"href":"https:\/\/evasionauthentic.com\/es\/wp-json\/wp\/v2\/product_cat?post=13790"},{"taxonomy":"product_tag","embeddable":true,"href":"https:\/\/evasionauthentic.com\/es\/wp-json\/wp\/v2\/product_tag?post=13790"}],"curies":[{"name":"wp","href":"https:\/\/api.w.org\/{rel}","templated":true}]}}