{"id":13796,"date":"2025-03-18T12:57:09","date_gmt":"2025-03-18T11:57:09","guid":{"rendered":"https:\/\/dev.evasionauthentic.com\/experience\/plongee-sous-marine-santa-ponsa\/"},"modified":"2025-03-27T20:27:04","modified_gmt":"2025-03-27T19:27:04","slug":"buceo-en-santa-ponsa","status":"publish","type":"product","link":"https:\/\/evasionauthentic.com\/es\/experiencia\/buceo-en-santa-ponsa\/","title":{"rendered":"Buceo en Santa Ponsa"},"content":{"rendered":"<h2>\u00a1Reserva ya tu experiencia de buceo!<\/h2>\n<p>Tanto si tienes curiosidad por iniciarte, si te encanta el snorkeling o ya eres buceador certificado, <strong>esta experiencia te dejar\u00e1 recuerdos inolvidables en las aguas turquesas de Mallorca<\/strong>.<br \/>\nSum\u00e9rgete en <strong>un universo submarino fascinante<\/strong> y descubre la sensaci\u00f3n \u00fanica de respirar bajo el agua. Tanto si eres <strong>principiante como avanzado<\/strong>, esta es una oportunidad perfecta para <strong>admirar la riqueza marina de Mallorca<\/strong>, ya sea con un bautismo de buceo o con una inmersi\u00f3n guiada.<\/p>\n<h3>Experiencias disponibles<\/h3>\n<p><strong>Bautismo de buceo \u2013 Iniciaci\u00f3n al submarinismo (110\u20ac \/ persona)<\/strong><\/p>\n<ul>\n<li>Ideal para principiantes, \u00a1no se requiere certificaci\u00f3n!<\/li>\n<li>Breve introducci\u00f3n sobre el uso del equipo y normas de seguridad.<\/li>\n<li>Inmersi\u00f3n acompa\u00f1ada por un instructor profesional.<\/li>\n<li>Exploraci\u00f3n hasta 6 metros de profundidad: nivel perfecto para observar la fauna y flora marina.<\/li>\n<\/ul>\n<p><strong>Buceador certificado \u2013 1 inmersi\u00f3n (80\u20ac \/ persona)<\/strong><\/p>\n<ul>\n<li>Para buceadores ya certificados.<\/li>\n<li>Inmersi\u00f3n en uno de los mejores puntos de buceo de Mallorca.<\/li>\n<li>Acompa\u00f1amiento por un gu\u00eda experto para mejorar tus t\u00e9cnicas y disfrutar con total seguridad.<\/li>\n<\/ul>\n<p>&nbsp;<\/p>\n","protected":false},"excerpt":{"rendered":"<blockquote><p><strong>Explora los fondos marinos de Mallorca<\/strong> con una experiencia de buceo inolvidable.<\/p><\/blockquote>\n","protected":false},"featured_media":11847,"comment_status":"closed","ping_status":"closed","template":"","meta":{"_acf_changed":false,"inline_featured_image":false,"vled_child_price":"","vled_infant_price":"","vled_child_age":""},"product_brand":[],"product_cat":[786,780,649,654,774,658,660,662,793,791,664,668,677,785,778,646],"product_tag":[839],"class_list":{"0":"post-13796","1":"product","2":"type-product","3":"status-publish","4":"has-post-thumbnail","6":"product_cat-actividades","7":"product_cat-aventura-en-el-mar","8":"product_cat-bendinat-zona-1","9":"product_cat-calvia-zona-1","10":"product_cat-con-ninos","11":"product_cat-costa-de-la-calma-zona-1","12":"product_cat-illetas-zona-1","13":"product_cat-magaluf-zona-1","14":"product_cat-mallorca-es","15":"product_cat-no-lo-se-todavia","16":"product_cat-palmanova-zona-1","17":"product_cat-portals-nous-zona-1","18":"product_cat-santa-ponca-zona-1","19":"product_cat-todas-las-experiencias","20":"product_cat-traslado-opcional","21":"product_cat-zona-1","22":"product_tag-calendario","24":"first","25":"instock","26":"shipping-taxable","27":"purchasable","28":"product-type-ovabrw_car_rental"},"acf":[],"_links":{"self":[{"href":"https:\/\/evasionauthentic.com\/es\/wp-json\/wp\/v2\/product\/13796","targetHints":{"allow":["GET"]}}],"collection":[{"href":"https:\/\/evasionauthentic.com\/es\/wp-json\/wp\/v2\/product"}],"about":[{"href":"https:\/\/evasionauthentic.com\/es\/wp-json\/wp\/v2\/types\/product"}],"replies":[{"embeddable":true,"href":"https:\/\/evasionauthentic.com\/es\/wp-json\/wp\/v2\/comments?post=13796"}],"version-history":[{"count":5,"href":"https:\/\/evasionauthentic.com\/es\/wp-json\/wp\/v2\/product\/13796\/revisions"}],"predecessor-version":[{"id":14459,"href":"https:\/\/evasionauthentic.com\/es\/wp-json\/wp\/v2\/product\/13796\/revisions\/14459"}],"wp:featuredmedia":[{"embeddable":true,"href":"https:\/\/evasionauthentic.com\/es\/wp-json\/wp\/v2\/media\/11847"}],"wp:attachment":[{"href":"https:\/\/evasionauthentic.com\/es\/wp-json\/wp\/v2\/media?parent=13796"}],"wp:term":[{"taxonomy":"product_brand","embeddable":true,"href":"https:\/\/evasionauthentic.com\/es\/wp-json\/wp\/v2\/product_brand?post=13796"},{"taxonomy":"product_cat","embeddable":true,"href":"https:\/\/evasionauthentic.com\/es\/wp-json\/wp\/v2\/product_cat?post=13796"},{"taxonomy":"product_tag","embeddable":true,"href":"https:\/\/evasionauthentic.com\/es\/wp-json\/wp\/v2\/product_tag?post=13796"}],"curies":[{"name":"wp","href":"https:\/\/api.w.org\/{rel}","templated":true}]}}