{"id":13824,"date":"2025-03-18T14:33:52","date_gmt":"2025-03-18T13:33:52","guid":{"rendered":"https:\/\/dev.evasionauthentic.com\/experience\/speleologie-marine\/"},"modified":"2025-03-27T20:43:14","modified_gmt":"2025-03-27T19:43:14","slug":"espeleologia-marina","status":"publish","type":"product","link":"https:\/\/evasionauthentic.com\/es\/experiencia\/espeleologia-marina\/","title":{"rendered":"Espeleolog\u00eda marina: al centro de la Tierra"},"content":{"rendered":"<h2>\u00a1Explora las profundidades ocultas de las cuevas submarinas de Mallorca!<\/h2>\n<p>La espeleolog\u00eda marina te lleva a <strong>las profundidades de las cuevas marinas, un mundo subterr\u00e1neo fascinante<\/strong> donde se mezclan formaciones rocosas milenarias y lagos subterr\u00e1neos de aguas cristalinas.<br \/>\nAntes de sumergirte en este misterioso universo, recibir\u00e1s <strong>una formaci\u00f3n completa sobre las t\u00e9cnicas de espeleolog\u00eda y las normas de seguridad esenciales<\/strong>. Una vez equipado con tu traje y tu material, estar\u00e1s listo para vivir una aventura \u00fanica entre tierra y mar. La experiencia comienza con una caminata a lo largo de un sendero costero que ofrece <strong>vistas impresionantes hacia el horizonte<\/strong>, antes de llegar a una playa aislada donde te espera un primer ba\u00f1o refrescante.<\/p>\n<p>La verdadera exploraci\u00f3n comienza cuando <strong>entras en las cuevas marinas<\/strong>. Esculpidas por las olas a lo largo de los milenios, revelan <strong>un decorado fascinante de t\u00faneles naturales, estalactitas y estalagmitas<\/strong> con formas espectaculares. La luz de tu linterna ilumina lagos subterr\u00e1neos de reflejos m\u00e1gicos, ofreciendo un espect\u00e1culo impactante bajo el agua. <strong>Dise\u00f1ada para ser accesible a partir de los 12 a\u00f1os<\/strong>, la espeleolog\u00eda marina no requiere experiencia previa: tu gu\u00eda experto te acompa\u00f1ar\u00e1 a tu ritmo para una inmersi\u00f3n segura e inolvidable.<\/p>\n","protected":false},"excerpt":{"rendered":"<blockquote><p>Una experiencia inolvidable de <strong>espeleolog\u00eda marina<\/strong>, guiada por un experto.<\/p><\/blockquote>\n","protected":false},"featured_media":11944,"comment_status":"closed","ping_status":"closed","template":"","meta":{"_acf_changed":false,"inline_featured_image":false,"vled_child_price":"","vled_infant_price":"","vled_child_age":""},"product_brand":[],"product_cat":[786,750,780,721,697,695,726,729,731,708,673,752,679,774,681,684,793,784,791,686,754,687,755,757,740,710,759,762,690,785,778,676,692,714,748],"product_tag":[839],"class_list":{"0":"post-13824","1":"product","2":"type-product","3":"status-publish","4":"has-post-thumbnail","6":"product_cat-actividades","7":"product_cat-alcudia-zona-5","8":"product_cat-aventura-en-el-mar","9":"product_cat-cala-bona-zone-4-es","10":"product_cat-cala-dor-zona-3","11":"product_cat-cala-domingos-zona-3","12":"product_cat-cala-mandia-zona-4","13":"product_cat-cala-millor-zona-4","14":"product_cat-cala-ratjada-zona-4","15":"product_cat-calas-de-mallorca-zona-3","16":"product_cat-can-pastilla-zona-2","17":"product_cat-can-picafort-zona-5","18":"product_cat-colonia-de-sant-jordi-zona-2","19":"product_cat-con-ninos","20":"product_cat-el-arenal-zona-2","21":"product_cat-llucmajor-zona-2","22":"product_cat-mallorca-es","23":"product_cat-naturaleza-aventura","24":"product_cat-no-lo-se-todavia","25":"product_cat-palma-zona-2","26":"product_cat-playa-de-muro-zona-5","27":"product_cat-playa-de-palma-zona-2","28":"product_cat-pollenca-zona-5","29":"product_cat-port-de-pollenca-zona-5","30":"product_cat-porto-cristo-zona-4","31":"product_cat-portocolom-zona-3","32":"product_cat-puerto-alcudia-zona-5","33":"product_cat-son-serra-zona-5","34":"product_cat-son-veri-nou-zona-2","35":"product_cat-todas-las-experiencias","36":"product_cat-traslado-opcional","37":"product_cat-zona-2","38":"product_cat-zona-3","39":"product_cat-zona-4","40":"product_cat-zona-5","41":"product_tag-calendario","43":"first","44":"instock","45":"shipping-taxable","46":"purchasable","47":"product-type-ovabrw_car_rental"},"acf":[],"_links":{"self":[{"href":"https:\/\/evasionauthentic.com\/es\/wp-json\/wp\/v2\/product\/13824","targetHints":{"allow":["GET"]}}],"collection":[{"href":"https:\/\/evasionauthentic.com\/es\/wp-json\/wp\/v2\/product"}],"about":[{"href":"https:\/\/evasionauthentic.com\/es\/wp-json\/wp\/v2\/types\/product"}],"replies":[{"embeddable":true,"href":"https:\/\/evasionauthentic.com\/es\/wp-json\/wp\/v2\/comments?post=13824"}],"version-history":[{"count":5,"href":"https:\/\/evasionauthentic.com\/es\/wp-json\/wp\/v2\/product\/13824\/revisions"}],"predecessor-version":[{"id":14456,"href":"https:\/\/evasionauthentic.com\/es\/wp-json\/wp\/v2\/product\/13824\/revisions\/14456"}],"wp:featuredmedia":[{"embeddable":true,"href":"https:\/\/evasionauthentic.com\/es\/wp-json\/wp\/v2\/media\/11944"}],"wp:attachment":[{"href":"https:\/\/evasionauthentic.com\/es\/wp-json\/wp\/v2\/media?parent=13824"}],"wp:term":[{"taxonomy":"product_brand","embeddable":true,"href":"https:\/\/evasionauthentic.com\/es\/wp-json\/wp\/v2\/product_brand?post=13824"},{"taxonomy":"product_cat","embeddable":true,"href":"https:\/\/evasionauthentic.com\/es\/wp-json\/wp\/v2\/product_cat?post=13824"},{"taxonomy":"product_tag","embeddable":true,"href":"https:\/\/evasionauthentic.com\/es\/wp-json\/wp\/v2\/product_tag?post=13824"}],"curies":[{"name":"wp","href":"https:\/\/api.w.org\/{rel}","templated":true}]}}