{"id":13830,"date":"2025-03-18T14:55:47","date_gmt":"2025-03-18T13:55:47","guid":{"rendered":"https:\/\/dev.evasionauthentic.com\/experience\/coasteering\/"},"modified":"2026-03-18T12:09:26","modified_gmt":"2026-03-18T11:09:26","slug":"coasteering","status":"publish","type":"product","link":"https:\/\/evasionauthentic.com\/es\/experiencia\/coasteering\/","title":{"rendered":"Coasteering: \u00a1adrenalina entre mar y acantilados!"},"content":{"rendered":"<h2><strong>Coasteering en Mallorca: una aventura entre mar y acantilados<\/strong><\/h2>\n<p>El coasteering en Mallorca es una actividad \u00fanica que combina varias disciplinas en plena naturaleza: nataci\u00f3n, escalada, saltos y rappel.<\/p>\n<p>Acompa\u00f1ado por gu\u00edas profesionales, recorrer\u00e1s el litoral mallorqu\u00edn a trav\u00e9s de paisajes espectaculares. Una inmersi\u00f3n total entre adrenalina y descubrimiento.<\/p>\n<h3><strong>Una actividad accesible y adaptable<\/strong><\/h3>\n<p>Tanto si eres principiante como si buscas emociones fuertes, la actividad se adapta a tu nivel.<br \/>\nPuedes elegir la intensidad de tu aventura, con saltos que van de 3 a 12 metros.<\/p>\n<h3><strong>Diferentes ubicaciones en Mallorca<\/strong><\/h3>\n<p>Se proponen varios puntos seg\u00fan tu ubicaci\u00f3n y nivel:<\/p>\n<ul>\n<li>Paguera: ideal para iniciarse o en familia<\/li>\n<li>Cala Rom\u00e1ntica: recorrido t\u00e9cnico con cuevas y rappel<\/li>\n<li>Cala Ratjada: adrenalina y paisajes espectaculares<\/li>\n<li>Alc\u00fadia: actividad l\u00fadica con cueva original y saltos variados<\/li>\n<\/ul>\n<p>Cada lugar ofrece una experiencia diferente, siempre en contacto con la naturaleza.<\/p>\n<h3><strong>Una experiencia completa e inmersiva<\/strong><\/h3>\n<p>Durante la actividad, combinar\u00e1s distintas experiencias:<\/p>\n<ul>\n<li>nataci\u00f3n en el mar<\/li>\n<li>exploraci\u00f3n de cuevas<\/li>\n<li>escalada en roca natural<\/li>\n<li>rappel o tirolina<\/li>\n<\/ul>\n<p>Una aventura din\u00e1mica para descubrir Mallorca de forma diferente.<\/p>\n<h3><strong>Supervisi\u00f3n y seguridad<\/strong><\/h3>\n<p>La actividad est\u00e1 supervisada por gu\u00edas profesionales que garantizan tu seguridad en todo momento.<br \/>\nCada etapa est\u00e1 adaptada para ofrecer una experiencia accesible y segura.<\/p>\n<p><strong>Qu\u00e9 incluye :\u00a0<\/strong><\/p>\n<ul>\n<li>Coordinaci\u00f3n de traslados ida y vuelta desde tu zona de alojamiento<\/li>\n<li>Actividad de coasteering guiada<\/li>\n<li>Gu\u00eda profesional<\/li>\n<li>Acceso a diferentes spots seg\u00fan nivel<\/li>\n<li>Material necesario<\/li>\n<\/ul>\n","protected":false},"excerpt":{"rendered":"<blockquote><p>Vive una aventura completa de coasteering en Mallorca combinando saltos, nataci\u00f3n, escalada y exploraci\u00f3n de cuevas, con gu\u00eda profesional y traslado incluido.<\/p><\/blockquote>\n","protected":false},"featured_media":11960,"comment_status":"closed","ping_status":"closed","template":"","meta":{"_acf_changed":false,"inline_featured_image":false,"vled_child_price":"","vled_infant_price":"","vled_child_age":""},"product_brand":[],"product_cat":[858,750,648,716,780,649,718,720,693,721,697,695,700,701,724,651,726,728,729,703,706,734,708,654,656,673,752,736,679,774,775,658,681,737,660,684,662,793,791,686,664,665,754,687,755,670,757,668,740,712,710,759,742,745,744,671,677,762,690,785,646,676,692,714,748],"product_tag":[839],"class_list":{"0":"post-13830","1":"product","2":"type-product","3":"status-publish","4":"has-post-thumbnail","6":"product_cat-actividades-en-mallorca","7":"product_cat-alcudia-zona-5","8":"product_cat-andratx-zona-1","9":"product_cat-arta-zona-4","10":"product_cat-aventura-en-el-mar","11":"product_cat-bendinat-zona-1","12":"product_cat-betlem-zona-4","13":"product_cat-cala-agulla-zona-4","14":"product_cat-cala-barca-zona-3","15":"product_cat-cala-bona-zone-4-es","16":"product_cat-cala-dor-zona-3","17":"product_cat-cala-domingos-zona-3","18":"product_cat-cala-figuera-zona-3","19":"product_cat-cala-llombars-zona-3","20":"product_cat-cala-magrana-zona-4-es","21":"product_cat-cala-major-zona-1","22":"product_cat-cala-mandia-zona-4","23":"product_cat-cala-mesquida-zona-4","24":"product_cat-cala-millor-zona-4","25":"product_cat-cala-murada-zona-3","26":"product_cat-cala-santanyi-zona-3","27":"product_cat-cala-tropicana-zona-4","28":"product_cat-calas-de-mallorca-zona-3","29":"product_cat-calvia-zona-1","30":"product_cat-camp-de-mar-zona-1","31":"product_cat-can-pastilla-zona-2","32":"product_cat-can-picafort-zona-5","33":"product_cat-capdepera-zona-4","34":"product_cat-colonia-de-sant-jordi-zona-2","35":"product_cat-con-ninos","36":"product_cat-con-traslado","37":"product_cat-costa-de-la-calma-zona-1","38":"product_cat-el-arenal-zona-2","39":"product_cat-font-de-sa-cala-zona-4","40":"product_cat-illetas-zona-1","41":"product_cat-llucmajor-zona-2","42":"product_cat-magaluf-zona-1","43":"product_cat-mallorca-es","44":"product_cat-no-lo-se-todavia","45":"product_cat-palma-zona-2","46":"product_cat-palmanova-zona-1","47":"product_cat-peguera-zona-1","48":"product_cat-playa-de-muro-zona-5","49":"product_cat-playa-de-palma-zona-2","50":"product_cat-pollenca-zona-5","51":"product_cat-port-dandratx-zona-1","52":"product_cat-port-de-pollenca-zona-5","53":"product_cat-portals-nous-zona-1","54":"product_cat-porto-cristo-zona-4","55":"product_cat-porto-petro-zona-3","56":"product_cat-portocolom-zona-3","57":"product_cat-puerto-alcudia-zona-5","58":"product_cat-romantica-zona-4","59":"product_cat-sillot-zona-4","60":"product_cat-sa-coma-zona-4","61":"product_cat-sant-elm-zona-1","62":"product_cat-santa-ponca-zona-1","63":"product_cat-son-serra-zona-5","64":"product_cat-son-veri-nou-zona-2","65":"product_cat-todas-las-experiencias","66":"product_cat-zona-1","67":"product_cat-zona-2","68":"product_cat-zona-3","69":"product_cat-zona-4","70":"product_cat-zona-5","71":"product_tag-calendario","73":"first","74":"instock","75":"shipping-taxable","76":"purchasable","77":"product-type-simple"},"acf":[],"_links":{"self":[{"href":"https:\/\/evasionauthentic.com\/es\/wp-json\/wp\/v2\/product\/13830","targetHints":{"allow":["GET"]}}],"collection":[{"href":"https:\/\/evasionauthentic.com\/es\/wp-json\/wp\/v2\/product"}],"about":[{"href":"https:\/\/evasionauthentic.com\/es\/wp-json\/wp\/v2\/types\/product"}],"replies":[{"embeddable":true,"href":"https:\/\/evasionauthentic.com\/es\/wp-json\/wp\/v2\/comments?post=13830"}],"version-history":[{"count":4,"href":"https:\/\/evasionauthentic.com\/es\/wp-json\/wp\/v2\/product\/13830\/revisions"}],"predecessor-version":[{"id":19177,"href":"https:\/\/evasionauthentic.com\/es\/wp-json\/wp\/v2\/product\/13830\/revisions\/19177"}],"wp:featuredmedia":[{"embeddable":true,"href":"https:\/\/evasionauthentic.com\/es\/wp-json\/wp\/v2\/media\/11960"}],"wp:attachment":[{"href":"https:\/\/evasionauthentic.com\/es\/wp-json\/wp\/v2\/media?parent=13830"}],"wp:term":[{"taxonomy":"product_brand","embeddable":true,"href":"https:\/\/evasionauthentic.com\/es\/wp-json\/wp\/v2\/product_brand?post=13830"},{"taxonomy":"product_cat","embeddable":true,"href":"https:\/\/evasionauthentic.com\/es\/wp-json\/wp\/v2\/product_cat?post=13830"},{"taxonomy":"product_tag","embeddable":true,"href":"https:\/\/evasionauthentic.com\/es\/wp-json\/wp\/v2\/product_tag?post=13830"}],"curies":[{"name":"wp","href":"https:\/\/api.w.org\/{rel}","templated":true}]}}