{"id":13893,"date":"2025-03-18T15:35:09","date_gmt":"2025-03-18T14:35:09","guid":{"rendered":"https:\/\/dev.evasionauthentic.com\/experience\/vol-en-montgolfiere\/"},"modified":"2026-03-18T12:14:22","modified_gmt":"2026-03-18T11:14:22","slug":"vuelo-en-globo-aerostatico","status":"publish","type":"product","link":"https:\/\/evasionauthentic.com\/es\/experiencia\/vuelo-en-globo-aerostatico\/","title":{"rendered":"Vuelo en globo aerost\u00e1tico"},"content":{"rendered":"<h2><strong>Vuelo en globo en Mallorca: una experiencia a\u00e9rea inolvidable al amanecer<\/strong><\/h2>\n<p>El <strong>vuelo en globo en Mallorca<\/strong> comienza al amanecer, cuando la luz dorada transforma los paisajes de la isla. A tu llegada al punto de despegue, presencias el impresionante inflado del globo. Ver c\u00f3mo la envoltura se eleva majestuosamente frente al cielo naciente ya anticipa un momento fuera del tiempo.<\/p>\n<p>A medida que asciendes, Mallorca se revela desde una perspectiva completamente nueva. Desde la cesta, admira un panorama excepcional: monta\u00f1as onduladas, valles verdes, acantilados escarpados, playas de arena fina y el litoral mediterr\u00e1neo formando un escenario natural grandioso.<\/p>\n<p>El silencio del vuelo \u2014 solo interrumpido por el sonido del quemador \u2014 intensifica esa sensaci\u00f3n \u00fanica de libertad y serenidad. El <strong>vuelo en globo en Mallorca<\/strong> es una experiencia contemplativa, ideal para celebrar un momento especial o simplemente descubrir la isla de otra manera.<\/p>\n<p>Para inmortalizar este instante irrepetible, se incluye un reportaje fotogr\u00e1fico profesional. Te llevar\u00e1s im\u00e1genes impactantes de tu experiencia a\u00e9rea, recuerdo perfecto de un momento suspendido sobre la isla.<\/p>\n<p>Tras aproximadamente 60 minutos de vuelo, el piloto inicia un descenso suave. De vuelta en tierra firme, la emoci\u00f3n sigue presente y compartir impresiones con los dem\u00e1s pasajeros prolonga esta vivencia excepcional.<\/p>\n","protected":false},"excerpt":{"rendered":"<blockquote><p><strong>Vuelo en globo en Mallorca &#8211; Experiencia Signature al amanecer<\/strong><\/p><\/blockquote>\n<p>Eleva tu mirada y descubre <strong>Mallorca desde el cielo<\/strong> durante un <strong>vuelo en globo en Mallorca<\/strong> al amanecer.<br \/>\nUna experiencia Signature \u00fanica que combina contemplaci\u00f3n, emoci\u00f3n y panor\u00e1micas espectaculares.<\/p>\n","protected":false},"featured_media":12021,"comment_status":"closed","ping_status":"closed","template":"","meta":{"_acf_changed":false,"inline_featured_image":false,"vled_child_price":"","vled_infant_price":"","vled_child_age":""},"product_brand":[],"product_cat":[750,697,729,731,708,656,752,774,841,844,660,793,784,791,686,754,687,755,757,710,759,762,785,778,646,676,692,714,748],"product_tag":[839],"class_list":{"0":"post-13893","1":"product","2":"type-product","3":"status-publish","4":"has-post-thumbnail","6":"product_cat-alcudia-zona-5","7":"product_cat-cala-dor-zona-3","8":"product_cat-cala-millor-zona-4","9":"product_cat-cala-ratjada-zona-4","10":"product_cat-calas-de-mallorca-zona-3","11":"product_cat-camp-de-mar-zona-1","12":"product_cat-can-picafort-zona-5","13":"product_cat-con-ninos","14":"product_cat-experiencias-en-mallorca","15":"product_cat-experiencias-signature-mallorca","16":"product_cat-illetas-zona-1","17":"product_cat-mallorca-es","18":"product_cat-naturaleza-aventura","19":"product_cat-no-lo-se-todavia","20":"product_cat-palma-zona-2","21":"product_cat-playa-de-muro-zona-5","22":"product_cat-playa-de-palma-zona-2","23":"product_cat-pollenca-zona-5","24":"product_cat-port-de-pollenca-zona-5","25":"product_cat-portocolom-zona-3","26":"product_cat-puerto-alcudia-zona-5","27":"product_cat-son-serra-zona-5","28":"product_cat-todas-las-experiencias","29":"product_cat-traslado-opcional","30":"product_cat-zona-1","31":"product_cat-zona-2","32":"product_cat-zona-3","33":"product_cat-zona-4","34":"product_cat-zona-5","35":"product_tag-calendario","37":"first","38":"instock","39":"virtual","40":"purchasable","41":"product-type-simple"},"acf":[],"_links":{"self":[{"href":"https:\/\/evasionauthentic.com\/es\/wp-json\/wp\/v2\/product\/13893","targetHints":{"allow":["GET"]}}],"collection":[{"href":"https:\/\/evasionauthentic.com\/es\/wp-json\/wp\/v2\/product"}],"about":[{"href":"https:\/\/evasionauthentic.com\/es\/wp-json\/wp\/v2\/types\/product"}],"replies":[{"embeddable":true,"href":"https:\/\/evasionauthentic.com\/es\/wp-json\/wp\/v2\/comments?post=13893"}],"version-history":[{"count":6,"href":"https:\/\/evasionauthentic.com\/es\/wp-json\/wp\/v2\/product\/13893\/revisions"}],"predecessor-version":[{"id":19179,"href":"https:\/\/evasionauthentic.com\/es\/wp-json\/wp\/v2\/product\/13893\/revisions\/19179"}],"wp:featuredmedia":[{"embeddable":true,"href":"https:\/\/evasionauthentic.com\/es\/wp-json\/wp\/v2\/media\/12021"}],"wp:attachment":[{"href":"https:\/\/evasionauthentic.com\/es\/wp-json\/wp\/v2\/media?parent=13893"}],"wp:term":[{"taxonomy":"product_brand","embeddable":true,"href":"https:\/\/evasionauthentic.com\/es\/wp-json\/wp\/v2\/product_brand?post=13893"},{"taxonomy":"product_cat","embeddable":true,"href":"https:\/\/evasionauthentic.com\/es\/wp-json\/wp\/v2\/product_cat?post=13893"},{"taxonomy":"product_tag","embeddable":true,"href":"https:\/\/evasionauthentic.com\/es\/wp-json\/wp\/v2\/product_tag?post=13893"}],"curies":[{"name":"wp","href":"https:\/\/api.w.org\/{rel}","templated":true}]}}