{"id":13903,"date":"2025-03-18T16:28:51","date_gmt":"2025-03-18T15:28:51","guid":{"rendered":"https:\/\/dev.evasionauthentic.com\/experience\/tour-kayak-alcudia\/"},"modified":"2025-03-27T20:19:53","modified_gmt":"2025-03-27T19:19:53","slug":"excursion-kayak-alcudia","status":"publish","type":"product","link":"https:\/\/evasionauthentic.com\/es\/experiencia\/excursion-kayak-alcudia\/","title":{"rendered":"Excursi\u00f3n Kayak Alcudia"},"content":{"rendered":"<h2>\u00a1Kayak en plena naturaleza entre mar y acantilados!<\/h2>\n<p>Descubre los paisajes costeros m\u00e1s impresionantes del norte de Mallorca en una Excursi\u00f3n Kayak Alcudia inolvidable. Rema junto a los espectaculares acantilados de Alcudia, explora <strong>cuevas marinas secretas<\/strong> y sum\u00e9rgete en las aguas cristalinas del Mediterr\u00e1neo. \u00a1Una excursi\u00f3n llena de adrenalina y descubrimientos, <strong>ideal para los amantes de las emociones fuertes y la naturaleza salvaje<\/strong>!<\/p>\n<h3>\u00a1Reserva ahora tu Excursi\u00f3n Kayak Alcudia!<\/h3>\n<p>Tanto si eres un apasionado de la aventura, aficionado a los deportes acu\u00e1ticos o simplemente curioso por descubrir los tesoros naturales de Alcudia, esta excursi\u00f3n promete momentos inolvidables entre exploraci\u00f3n, deporte y relax.<\/p>\n<ul>\n<li><strong>Aventura todo en uno:<\/strong> kayak, exploraci\u00f3n de cuevas, snorkel y saltos desde acantilados.<\/li>\n<li><strong>Experiencia segura:<\/strong> gu\u00edas cualificados y material incluido.<\/li>\n<li><strong>Paisajes impresionantes:<\/strong> majestuosos acantilados, cuevas escondidas y aguas cristalinas.<\/li>\n<li><strong>Apto para todos los niveles:<\/strong> tanto para principiantes como experimentados, el recorrido se adapta a tu ritmo.<\/li>\n<\/ul>\n<h2>Tu Excursi\u00f3n Kayak Alcudia<\/h2>\n<p>La excursi\u00f3n comienza con una breve introducci\u00f3n al kayak, y luego se rema <strong>a lo largo de la costa salvaje de Alcudia<\/strong>. Acompa\u00f1ado de gu\u00edas experimentados, descubrir\u00e1s <strong>impresionantes acantilados<\/strong> y <strong>calas escondidas<\/strong> accesibles solo por mar.<br \/>\nLa aventura contin\u00faa con la exploraci\u00f3n de una <strong>cueva marina oculta<\/strong>. Sigue a tu gu\u00eda a trav\u00e9s de un pasaje natural esculpido por las olas y ad\u00e9ntrate en <strong>un mundo subterr\u00e1neo m\u00e1gico<\/strong>, donde la luz juega con el agua turquesa para crear un ambiente espectacular.<\/p>\n<p>Para los m\u00e1s aventureros, se ofrecen <strong>saltos opcionales desde acantilados de distintas alturas<\/strong>. Luego, sum\u00e9rgete con tu equipo de snorkel y observa la fauna marina en un entorno protegido. \u00a1Un momento de inmersi\u00f3n total en las aguas del Mediterr\u00e1neo!<\/p>\n<p>Despu\u00e9s de tantas emociones, disfruta de una merecida pausa en <strong>una peque\u00f1a playa salvaje donde se te servir\u00e1 un picnic<\/strong>. El momento perfecto para saborear un tentempi\u00e9 mientras contemplas la belleza del litoral mallorqu\u00edn.<\/p>\n","protected":false},"excerpt":{"rendered":"<blockquote><p><strong>Explora cuevas marinas secretas y sum\u00e9rgete en aguas cristalinas<\/strong> en una inolvidable Excursi\u00f3n Kayak Alcudia.<\/p><\/blockquote>\n","protected":false},"featured_media":12066,"comment_status":"closed","ping_status":"closed","template":"","meta":{"_acf_changed":false,"inline_featured_image":false,"vled_child_price":"","vled_infant_price":"","vled_child_age":""},"product_brand":[],"product_cat":[786,750,780,752,774,793,791,754,759,785,778,748],"product_tag":[839],"class_list":{"0":"post-13903","1":"product","2":"type-product","3":"status-publish","4":"has-post-thumbnail","6":"product_cat-actividades","7":"product_cat-alcudia-zona-5","8":"product_cat-aventura-en-el-mar","9":"product_cat-can-picafort-zona-5","10":"product_cat-con-ninos","11":"product_cat-mallorca-es","12":"product_cat-no-lo-se-todavia","13":"product_cat-playa-de-muro-zona-5","14":"product_cat-puerto-alcudia-zona-5","15":"product_cat-todas-las-experiencias","16":"product_cat-traslado-opcional","17":"product_cat-zona-5","18":"product_tag-calendario","20":"first","21":"instock","22":"shipping-taxable","23":"purchasable","24":"product-type-ovabrw_car_rental"},"acf":[],"_links":{"self":[{"href":"https:\/\/evasionauthentic.com\/es\/wp-json\/wp\/v2\/product\/13903","targetHints":{"allow":["GET"]}}],"collection":[{"href":"https:\/\/evasionauthentic.com\/es\/wp-json\/wp\/v2\/product"}],"about":[{"href":"https:\/\/evasionauthentic.com\/es\/wp-json\/wp\/v2\/types\/product"}],"replies":[{"embeddable":true,"href":"https:\/\/evasionauthentic.com\/es\/wp-json\/wp\/v2\/comments?post=13903"}],"version-history":[{"count":4,"href":"https:\/\/evasionauthentic.com\/es\/wp-json\/wp\/v2\/product\/13903\/revisions"}],"predecessor-version":[{"id":14450,"href":"https:\/\/evasionauthentic.com\/es\/wp-json\/wp\/v2\/product\/13903\/revisions\/14450"}],"wp:featuredmedia":[{"embeddable":true,"href":"https:\/\/evasionauthentic.com\/es\/wp-json\/wp\/v2\/media\/12066"}],"wp:attachment":[{"href":"https:\/\/evasionauthentic.com\/es\/wp-json\/wp\/v2\/media?parent=13903"}],"wp:term":[{"taxonomy":"product_brand","embeddable":true,"href":"https:\/\/evasionauthentic.com\/es\/wp-json\/wp\/v2\/product_brand?post=13903"},{"taxonomy":"product_cat","embeddable":true,"href":"https:\/\/evasionauthentic.com\/es\/wp-json\/wp\/v2\/product_cat?post=13903"},{"taxonomy":"product_tag","embeddable":true,"href":"https:\/\/evasionauthentic.com\/es\/wp-json\/wp\/v2\/product_tag?post=13903"}],"curies":[{"name":"wp","href":"https:\/\/api.w.org\/{rel}","templated":true}]}}