{"id":13907,"date":"2025-03-18T16:43:40","date_gmt":"2025-03-18T15:43:40","guid":{"rendered":"https:\/\/dev.evasionauthentic.com\/experience\/kayak-cala-romantica\/"},"modified":"2025-07-30T10:31:43","modified_gmt":"2025-07-30T08:31:43","slug":"kayak-cala-romantica","status":"publish","type":"product","link":"https:\/\/evasionauthentic.com\/es\/experiencia\/kayak-cala-romantica\/","title":{"rendered":"Excursi\u00f3n kayak Cala Romantica"},"content":{"rendered":"<h2>Excursi\u00f3n en kayak entre mar, cuevas y acantilados en Mallorca<\/h2>\n<p>Emb\u00e1rcate en el descubrimiento de los <strong>impresionantes paisajes de la costa este de Mallorca<\/strong> durante una aventura inolvidable en kayak. Navega por <strong>las aguas turquesas de Cala Rom\u00e1ntica<\/strong>, explora cuevas marinas secretas y disfruta de un momento \u00fanico en medio de un entorno natural espectacular.<\/p>\n<h3>\u00a1Reserva ahora tu aventura en kayak en Cala Rom\u00e1ntica!<\/h3>\n<p>Si te apasionan la aventura y la naturaleza, esta excursi\u00f3n en kayak por Cala Rom\u00e1ntica te promete una experiencia inolvidable entre exploraci\u00f3n, emociones fuertes y relax.<\/p>\n<ul>\n<li><strong>Una excursi\u00f3n todo en uno:<\/strong> kayak, exploraci\u00f3n de cuevas, snorkel y saltos desde acantilados.<\/li>\n<li><strong>Supervisi\u00f3n segura:<\/strong> gu\u00edas profesionales y material adaptado.<\/li>\n<li><strong>Paisajes espectaculares:<\/strong> calas salvajes, cuevas ocultas y acantilados impresionantes.<\/li>\n<li><strong>Actividad apta para todos:<\/strong> desde principiantes hasta deportistas experimentados, cada uno avanza a su ritmo.<\/li>\n<\/ul>\n<h3>Salida desde la magn\u00edfica Cala Rom\u00e1ntica<\/h3>\n<p>Tu excursi\u00f3n comienza en la espl\u00e9ndida playa de Cala Rom\u00e1ntica, una <strong>aut\u00e9ntica joya de la costa este mallorquina<\/strong>. Tras una breve explicaci\u00f3n de las t\u00e9cnicas de navegaci\u00f3n, zarpar\u00e1s para explorar los acantilados y calas secretas.<br \/>\nSigue a tu gu\u00eda por <strong>las cuevas ocultas de Mallorca, accesibles solo en kayak<\/strong>. Ad\u00e9ntrate en estas cavidades naturales donde la luz se refleja en el agua creando un ambiente m\u00e1gico y misterioso.<\/p>\n<p><strong>Para los m\u00e1s atrevidos<\/strong>, se ofrecen saltos opcionales desde acantilados de varias alturas. Luego, ponte tu equipo de snorkel y sum\u00e9rgete en un aut\u00e9ntico acuario natural, donde la fauna y flora submarinas te sorprender\u00e1n.<\/p>\n<p>Despu\u00e9s de tantas emociones, <strong>te espera una merecida parada en una playa aislada<\/strong>. Disfruta de la calma y de los magn\u00edficos paisajes para relajarte antes de continuar la aventura.<\/p>\n","protected":false},"excerpt":{"rendered":"<blockquote><p><strong>Descubre los impresionantes paisajes de la costa este de Mallorca <\/strong>durante una aventura inolvidable en kayak<strong>.<\/strong><\/p><\/blockquote>\n","protected":false},"featured_media":12095,"comment_status":"closed","ping_status":"closed","template":"","meta":{"_acf_changed":false,"inline_featured_image":false,"vled_child_price":"","vled_infant_price":"","vled_child_age":""},"product_brand":[],"product_cat":[786,750,780,752,774,793,791,754,759,785,778,748],"product_tag":[839],"class_list":{"0":"post-13907","1":"product","2":"type-product","3":"status-publish","4":"has-post-thumbnail","6":"product_cat-actividades","7":"product_cat-alcudia-zona-5","8":"product_cat-aventura-en-el-mar","9":"product_cat-can-picafort-zona-5","10":"product_cat-con-ninos","11":"product_cat-mallorca-es","12":"product_cat-no-lo-se-todavia","13":"product_cat-playa-de-muro-zona-5","14":"product_cat-puerto-alcudia-zona-5","15":"product_cat-todas-las-experiencias","16":"product_cat-traslado-opcional","17":"product_cat-zona-5","18":"product_tag-calendario","20":"first","21":"instock","22":"shipping-taxable","23":"purchasable","24":"product-type-ovabrw_car_rental"},"acf":[],"_links":{"self":[{"href":"https:\/\/evasionauthentic.com\/es\/wp-json\/wp\/v2\/product\/13907","targetHints":{"allow":["GET"]}}],"collection":[{"href":"https:\/\/evasionauthentic.com\/es\/wp-json\/wp\/v2\/product"}],"about":[{"href":"https:\/\/evasionauthentic.com\/es\/wp-json\/wp\/v2\/types\/product"}],"replies":[{"embeddable":true,"href":"https:\/\/evasionauthentic.com\/es\/wp-json\/wp\/v2\/comments?post=13907"}],"version-history":[{"count":2,"href":"https:\/\/evasionauthentic.com\/es\/wp-json\/wp\/v2\/product\/13907\/revisions"}],"predecessor-version":[{"id":14449,"href":"https:\/\/evasionauthentic.com\/es\/wp-json\/wp\/v2\/product\/13907\/revisions\/14449"}],"wp:featuredmedia":[{"embeddable":true,"href":"https:\/\/evasionauthentic.com\/es\/wp-json\/wp\/v2\/media\/12095"}],"wp:attachment":[{"href":"https:\/\/evasionauthentic.com\/es\/wp-json\/wp\/v2\/media?parent=13907"}],"wp:term":[{"taxonomy":"product_brand","embeddable":true,"href":"https:\/\/evasionauthentic.com\/es\/wp-json\/wp\/v2\/product_brand?post=13907"},{"taxonomy":"product_cat","embeddable":true,"href":"https:\/\/evasionauthentic.com\/es\/wp-json\/wp\/v2\/product_cat?post=13907"},{"taxonomy":"product_tag","embeddable":true,"href":"https:\/\/evasionauthentic.com\/es\/wp-json\/wp\/v2\/product_tag?post=13907"}],"curies":[{"name":"wp","href":"https:\/\/api.w.org\/{rel}","templated":true}]}}