{"id":13914,"date":"2025-03-18T17:10:24","date_gmt":"2025-03-18T16:10:24","guid":{"rendered":"https:\/\/dev.evasionauthentic.com\/experience\/balade-a-cheval\/"},"modified":"2025-03-27T20:18:32","modified_gmt":"2025-03-27T19:18:32","slug":"paseo-a-caballo","status":"publish","type":"product","link":"https:\/\/evasionauthentic.com\/es\/experiencia\/paseo-a-caballo\/","title":{"rendered":"Paseo a caballo por el valle de Randa"},"content":{"rendered":"<h2>Explora Mallorca de una forma diferente, al ritmo de un paseo a caballo<\/h2>\n<p>Tanto si eres <strong>principiante como jinete experimentado<\/strong>, nuestras excursiones a caballo se adaptan a todos los niveles, ofreciendo una conexi\u00f3n \u00fanica con la naturaleza y un descubrimiento aut\u00e9ntico de la isla.<\/p>\n<h3>\u00a1Elige tu aventura a caballo!<\/h3>\n<p><strong>\ud83d\udd39\u00a0Paseo por el Valle de Randa (3h) &#8211; 99\u20ac<\/strong> La excursi\u00f3n <strong>ideal para jinetes principiantes e intermedios<\/strong>. Descubre senderos accesibles y disfruta de una inmersi\u00f3n total en la naturaleza.<br \/>\n<strong>\ud83d\udd39\u00a0Excursi\u00f3n Antigua Mallorca (4h) &#8211; 130\u20ac<\/strong><br \/>\nUna ruta m\u00e1s larga para explorar encinares, almendros, olivares y fincas locales. Una <strong>inmersi\u00f3n aut\u00e9ntica<\/strong> en la cultura y los paisajes mallorquines.<\/p>\n<p><strong>\ud83d\udd39\u00a0Excursi\u00f3n Mallorca Sunset (3h30) &#8211; 135\u20ac<\/strong><br \/>\nUna <strong>experiencia m\u00e1gica al atardecer<\/strong>. Cruza el pueblo de Randa y alcanza un mirador panor\u00e1mico espectacular sobre la llanura mallorquina y la Serra de Tramuntana.<\/p>\n<p><strong>\ud83d\udd39\u00a0Excursi\u00f3n Picnic &amp; Caballos Andaluces (4h) &#8211; 165\u20ac<\/strong><br \/>\nRecorre el valle de Randa antes de disfrutar de un <strong>picnic gourmet entre vi\u00f1edos y olivares<\/strong>, acompa\u00f1ado de una copa de vino o cava. M\u00ednimo 2 participantes requerido.<\/p>\n<h3>\u00a1Reserva ahora tu aventura ecuestre!<\/h3>\n<p>Ya sea que busques tranquilidad, una experiencia inmersiva en la naturaleza o una aventura al atardecer, nuestros paseos a caballo te prometen recuerdos inolvidables en el coraz\u00f3n de la aut\u00e9ntica Mallorca.<\/p>\n<p><strong>\ud83d\udccd \u00a1\u00danete a nosotros en Algaida y d\u00e9jate llevar por el majestuoso paso de los caballos andaluces!<\/strong><\/p>\n<p>&nbsp;<\/p>\n","protected":false},"excerpt":{"rendered":"<blockquote><p><strong>Sum\u00e9rgete en los paisajes preservados de Mallorca<\/strong> y d\u00e9jate seducir por un paseo a caballo por el valle de Randa.<\/p><\/blockquote>\n","protected":false},"featured_media":12122,"comment_status":"closed","ping_status":"closed","template":"","meta":{"_acf_changed":false,"inline_featured_image":false,"vled_child_price":"","vled_infant_price":"","vled_child_age":""},"product_brand":[],"product_cat":[786,774,793,784,777,785],"product_tag":[],"class_list":{"0":"post-13914","1":"product","2":"type-product","3":"status-publish","4":"has-post-thumbnail","6":"product_cat-actividades","7":"product_cat-con-ninos","8":"product_cat-mallorca-es","9":"product_cat-naturaleza-aventura","10":"product_cat-sin-traslado","11":"product_cat-todas-las-experiencias","13":"first","14":"instock","15":"shipping-taxable","16":"purchasable","17":"product-type-ovabrw_car_rental"},"acf":[],"_links":{"self":[{"href":"https:\/\/evasionauthentic.com\/es\/wp-json\/wp\/v2\/product\/13914","targetHints":{"allow":["GET"]}}],"collection":[{"href":"https:\/\/evasionauthentic.com\/es\/wp-json\/wp\/v2\/product"}],"about":[{"href":"https:\/\/evasionauthentic.com\/es\/wp-json\/wp\/v2\/types\/product"}],"replies":[{"embeddable":true,"href":"https:\/\/evasionauthentic.com\/es\/wp-json\/wp\/v2\/comments?post=13914"}],"version-history":[{"count":4,"href":"https:\/\/evasionauthentic.com\/es\/wp-json\/wp\/v2\/product\/13914\/revisions"}],"predecessor-version":[{"id":14447,"href":"https:\/\/evasionauthentic.com\/es\/wp-json\/wp\/v2\/product\/13914\/revisions\/14447"}],"wp:featuredmedia":[{"embeddable":true,"href":"https:\/\/evasionauthentic.com\/es\/wp-json\/wp\/v2\/media\/12122"}],"wp:attachment":[{"href":"https:\/\/evasionauthentic.com\/es\/wp-json\/wp\/v2\/media?parent=13914"}],"wp:term":[{"taxonomy":"product_brand","embeddable":true,"href":"https:\/\/evasionauthentic.com\/es\/wp-json\/wp\/v2\/product_brand?post=13914"},{"taxonomy":"product_cat","embeddable":true,"href":"https:\/\/evasionauthentic.com\/es\/wp-json\/wp\/v2\/product_cat?post=13914"},{"taxonomy":"product_tag","embeddable":true,"href":"https:\/\/evasionauthentic.com\/es\/wp-json\/wp\/v2\/product_tag?post=13914"}],"curies":[{"name":"wp","href":"https:\/\/api.w.org\/{rel}","templated":true}]}}