{"id":13918,"date":"2025-03-19T07:31:46","date_gmt":"2025-03-19T06:31:46","guid":{"rendered":"https:\/\/dev.evasionauthentic.com\/experience\/stand-up-paddle\/"},"modified":"2025-03-27T20:15:37","modified_gmt":"2025-03-27T19:15:37","slug":"stand-up-paddle","status":"publish","type":"product","link":"https:\/\/evasionauthentic.com\/es\/experiencia\/stand-up-paddle\/","title":{"rendered":"Stand up paddle por la costa mediterr\u00e1nea"},"content":{"rendered":"<h2>Paseo en Kayak, Paddle Surf o Snorkel<\/h2>\n<p><strong>\u00a1Explora la costa sur de Mallorca de una forma \u00fanica e inmersiva!<\/strong> Ya sea que elijas el kayak, el paddle surf o el snorkel, esta excursi\u00f3n te promete una aventura acu\u00e1tica inolvidable, entre aguas cristalinas, paisajes marinos impresionantes y momentos de relax.<\/p>\n<h3>\u00a1Reserva tu aventura ahora!<\/h3>\n<p>Tanto si eres amante de los deportes acu\u00e1ticos, como si buscas descubrir nuevos rincones o simplemente deseas un momento de tranquilidad en pleno mar, esta excursi\u00f3n te garantiza una experiencia inolvidable en la magn\u00edfica costa mediterr\u00e1nea.<\/p>\n<p><strong>\ud83d\udccd Punto de encuentro en Can Pastilla, \u00a1d\u00e9jate llevar por la llamada de la aventura marina!<\/strong><\/p>\n<p>&nbsp;<\/p>\n","protected":false},"excerpt":{"rendered":"<blockquote><p>Esta excursi\u00f3n en Stand up paddle, kayak o snorkel <strong>te garantiza una experiencia inolvidable en la magn\u00edfica costa mediterr\u00e1nea.<\/strong><\/p><\/blockquote>\n","protected":false},"featured_media":12159,"comment_status":"closed","ping_status":"closed","template":"","meta":{"_acf_changed":false,"inline_featured_image":false,"vled_child_price":"","vled_infant_price":"","vled_child_age":""},"product_brand":[],"product_cat":[786,780,774,793,777,785],"product_tag":[],"class_list":{"0":"post-13918","1":"product","2":"type-product","3":"status-publish","4":"has-post-thumbnail","6":"product_cat-actividades","7":"product_cat-aventura-en-el-mar","8":"product_cat-con-ninos","9":"product_cat-mallorca-es","10":"product_cat-sin-traslado","11":"product_cat-todas-las-experiencias","13":"first","14":"instock","15":"shipping-taxable","16":"purchasable","17":"product-type-ovabrw_car_rental"},"acf":[],"_links":{"self":[{"href":"https:\/\/evasionauthentic.com\/es\/wp-json\/wp\/v2\/product\/13918","targetHints":{"allow":["GET"]}}],"collection":[{"href":"https:\/\/evasionauthentic.com\/es\/wp-json\/wp\/v2\/product"}],"about":[{"href":"https:\/\/evasionauthentic.com\/es\/wp-json\/wp\/v2\/types\/product"}],"replies":[{"embeddable":true,"href":"https:\/\/evasionauthentic.com\/es\/wp-json\/wp\/v2\/comments?post=13918"}],"version-history":[{"count":3,"href":"https:\/\/evasionauthentic.com\/es\/wp-json\/wp\/v2\/product\/13918\/revisions"}],"predecessor-version":[{"id":14446,"href":"https:\/\/evasionauthentic.com\/es\/wp-json\/wp\/v2\/product\/13918\/revisions\/14446"}],"wp:featuredmedia":[{"embeddable":true,"href":"https:\/\/evasionauthentic.com\/es\/wp-json\/wp\/v2\/media\/12159"}],"wp:attachment":[{"href":"https:\/\/evasionauthentic.com\/es\/wp-json\/wp\/v2\/media?parent=13918"}],"wp:term":[{"taxonomy":"product_brand","embeddable":true,"href":"https:\/\/evasionauthentic.com\/es\/wp-json\/wp\/v2\/product_brand?post=13918"},{"taxonomy":"product_cat","embeddable":true,"href":"https:\/\/evasionauthentic.com\/es\/wp-json\/wp\/v2\/product_cat?post=13918"},{"taxonomy":"product_tag","embeddable":true,"href":"https:\/\/evasionauthentic.com\/es\/wp-json\/wp\/v2\/product_tag?post=13918"}],"curies":[{"name":"wp","href":"https:\/\/api.w.org\/{rel}","templated":true}]}}