{"id":13922,"date":"2025-03-19T07:53:19","date_gmt":"2025-03-19T06:53:19","guid":{"rendered":"https:\/\/dev.evasionauthentic.com\/experience\/sortie-en-kayak-na-galera\/"},"modified":"2025-03-27T20:15:05","modified_gmt":"2025-03-27T19:15:05","slug":"excursion-en-kayak-na-galera","status":"publish","type":"product","link":"https:\/\/evasionauthentic.com\/es\/experiencia\/excursion-en-kayak-na-galera\/","title":{"rendered":"Excursi\u00f3n en kayak al islote de Na Galera 2h"},"content":{"rendered":"<h2>Salida en kayak entre mar cristalina y descubrimiento hist\u00f3rico<\/h2>\n<p>Rema a tu ritmo por la costa sur de Mallorca y <strong>parte rumbo al islote de Na Galera<\/strong>, un lugar cargado de historia rodeado de <strong>aguas transparentes<\/strong>. Esta excursi\u00f3n en kayak te ofrece un momento de libertad y exploraci\u00f3n en pleno coraz\u00f3n del Mediterr\u00e1neo.<\/p>\n<h3>\u00a1Reserva ahora tu salida en kayak hacia Na Galera!<\/h3>\n<p>Tu aventura comienza en Can Pastilla, donde <strong>tu gu\u00eda te recibir\u00e1 calurosamente y te equipar\u00e1 para la excursi\u00f3n<\/strong>. Antes de zarpar, recibir\u00e1s una charla esencial sobre navegaci\u00f3n y seguridad. Una vez preparado, desl\u00edzate sobre el agua y rema a tu ritmo a lo largo de la costa, admirando <strong>calas salvajes de aguas cristalinas<\/strong>. Por el camino, descubrir\u00e1s una cueva marina secreta, que a\u00f1ade un toque de misterio a tu exploraci\u00f3n.<br \/>\nTras esta traves\u00eda en kayak, llegar\u00e1s al <strong>islote de Na Galera, una joya natural de paisajes v\u00edrgenes<\/strong>.<br \/>\nEste lugar no solo destaca por su belleza, sino tambi\u00e9n por su fascinante historia. Declarado sitio arqueol\u00f3gico, <strong>Na Galera es un vestigio de la presencia p\u00fanica en Mallorca<\/strong>. All\u00ed descubrir\u00e1s las ruinas de un antiguo puesto comercial y te sumergir\u00e1s en el pasado gracias a las explicaciones apasionadas de tu gu\u00eda.<\/p>\n<p>Despu\u00e9s de esta pausa cultural, \u00a1toca relajarse!<br \/>\n<strong>Una piscina natural de aguas turquesas te espera<\/strong> para darte un refrescante ba\u00f1o. Equ\u00edpate con m\u00e1scara y tubo para explorar los fondos marinos y observar la riqueza de la vida acu\u00e1tica.<br \/>\nAl regresar al centro, podr\u00e1s disfrutar de las instalaciones del Club N\u00e1utico: una ducha bien merecida y una bebida en la terraza para cerrar esta escapada con serenidad.<\/p>\n<p><strong>\ud83d\udccd Punto de encuentro en Can Pastilla, \u00a1d\u00e9jate llevar por la llamada de la aventura marina!<\/strong><\/p>\n","protected":false},"excerpt":{"rendered":"<blockquote><p>Reg\u00e1late una <strong>pausa deportiva y cultural sobre las aguas turquesas de Mallorca<\/strong> con esta Excursi\u00f3n en kayak al islote de Na Galera.<\/p><\/blockquote>\n","protected":false},"featured_media":12177,"comment_status":"closed","ping_status":"closed","template":"","meta":{"_acf_changed":false,"inline_featured_image":false,"vled_child_price":"","vled_infant_price":"","vled_child_age":""},"product_brand":[],"product_cat":[786,780,774,793,777,785],"product_tag":[],"class_list":{"0":"post-13922","1":"product","2":"type-product","3":"status-publish","4":"has-post-thumbnail","6":"product_cat-actividades","7":"product_cat-aventura-en-el-mar","8":"product_cat-con-ninos","9":"product_cat-mallorca-es","10":"product_cat-sin-traslado","11":"product_cat-todas-las-experiencias","13":"first","14":"instock","15":"shipping-taxable","16":"purchasable","17":"product-type-ovabrw_car_rental"},"acf":[],"_links":{"self":[{"href":"https:\/\/evasionauthentic.com\/es\/wp-json\/wp\/v2\/product\/13922","targetHints":{"allow":["GET"]}}],"collection":[{"href":"https:\/\/evasionauthentic.com\/es\/wp-json\/wp\/v2\/product"}],"about":[{"href":"https:\/\/evasionauthentic.com\/es\/wp-json\/wp\/v2\/types\/product"}],"replies":[{"embeddable":true,"href":"https:\/\/evasionauthentic.com\/es\/wp-json\/wp\/v2\/comments?post=13922"}],"version-history":[{"count":4,"href":"https:\/\/evasionauthentic.com\/es\/wp-json\/wp\/v2\/product\/13922\/revisions"}],"predecessor-version":[{"id":14445,"href":"https:\/\/evasionauthentic.com\/es\/wp-json\/wp\/v2\/product\/13922\/revisions\/14445"}],"wp:featuredmedia":[{"embeddable":true,"href":"https:\/\/evasionauthentic.com\/es\/wp-json\/wp\/v2\/media\/12177"}],"wp:attachment":[{"href":"https:\/\/evasionauthentic.com\/es\/wp-json\/wp\/v2\/media?parent=13922"}],"wp:term":[{"taxonomy":"product_brand","embeddable":true,"href":"https:\/\/evasionauthentic.com\/es\/wp-json\/wp\/v2\/product_brand?post=13922"},{"taxonomy":"product_cat","embeddable":true,"href":"https:\/\/evasionauthentic.com\/es\/wp-json\/wp\/v2\/product_cat?post=13922"},{"taxonomy":"product_tag","embeddable":true,"href":"https:\/\/evasionauthentic.com\/es\/wp-json\/wp\/v2\/product_tag?post=13922"}],"curies":[{"name":"wp","href":"https:\/\/api.w.org\/{rel}","templated":true}]}}