{"id":13926,"date":"2025-03-19T08:07:42","date_gmt":"2025-03-19T07:07:42","guid":{"rendered":"https:\/\/dev.evasionauthentic.com\/experience\/excursion-en-kayak-grottes-majorque\/"},"modified":"2025-03-27T20:14:35","modified_gmt":"2025-03-27T19:14:35","slug":"excursion-en-kayak-cuevas-de-mallorca","status":"publish","type":"product","link":"https:\/\/evasionauthentic.com\/es\/experiencia\/excursion-en-kayak-cuevas-de-mallorca\/","title":{"rendered":"Excursi\u00f3n en kayak por las cuevas de Mallorca 3h"},"content":{"rendered":"<h2>Excursi\u00f3n en kayak por la costa sur de Mallorca<\/h2>\n<p>Descubre las espectaculares cuevas marinas que bordean la isla. Entre paisajes impresionantes, aguas cristalinas y formaciones rocosas sorprendentes, esta excursi\u00f3n es una inmersi\u00f3n total en la belleza natural del Mediterr\u00e1neo.<\/p>\n<h3>\u00a1Reserva ahora tu excursi\u00f3n en kayak por las cuevas de Mallorca!<\/h3>\n<p>Sum\u00e9rgete en un entorno natural excepcional y d\u00e9jate sorprender por <strong>los tesoros escondidos de la costa mallorquina<\/strong>.<br \/>\nTu aventura en kayak comienza con la acogida de tu gu\u00eda, quien te proporcionar\u00e1 todo el equipo necesario. Antes de zarpar, recibir\u00e1s una breve explicaci\u00f3n sobre la seguridad y la navegaci\u00f3n para disfrutar de la actividad con total confianza. Una vez en el agua, <strong>remar\u00e1s a lo largo de la impresionante costa sur de Mallorca<\/strong>, donde se suceden calas escondidas y acantilados majestuosos esculpidos por el tiempo. Este entorno natural excepcional te acompa\u00f1ar\u00e1 durante todo el recorrido, ofreciendo <strong>vistas espectaculares<\/strong>.<\/p>\n<p>Uno de los momentos m\u00e1s destacados de esta salida es <strong>la exploraci\u00f3n de cuevas marinas secretas<\/strong>. Al entrar en estas cavidades misteriosas, quedar\u00e1s maravillado por los juegos de luces creados por los reflejos del sol sobre el agua turquesa. En el interior, <strong>estalactitas y formaciones rocosas milenarias<\/strong> son testigos de la historia geol\u00f3gica de la isla. Tras esta m\u00e1gica inmersi\u00f3n, llega el momento de relajarse: una <strong>piscina natural de aguas cristalinas<\/strong> te espera para un refrescante descanso. Equ\u00edpate con tu m\u00e1scara y tubo para explorar los fondos marinos y observar la fauna local. De vuelta al centro, podr\u00e1s disfrutar de las instalaciones para darte una ducha y saborear una bebida en la terraza del Club N\u00e1utico, un entorno id\u00edlico para concluir esta aventura con total serenidad.<\/p>\n<p><strong>\ud83d\udccd Punto de encuentro en Can Pastilla, \u00a1d\u00e9jate llevar por la llamada de la aventura marina!<\/strong><\/p>\n<p>&nbsp;<\/p>\n","protected":false},"excerpt":{"rendered":"<blockquote><p>\u00a1Reserva ahora tu <strong>excursi\u00f3n en kayak por las cuevas de Mallorca<\/strong>!<\/p><\/blockquote>\n","protected":false},"featured_media":12186,"comment_status":"closed","ping_status":"closed","template":"","meta":{"_acf_changed":false,"inline_featured_image":false,"vled_child_price":"","vled_infant_price":"","vled_child_age":""},"product_brand":[],"product_cat":[786,780,774,793,777,785],"product_tag":[],"class_list":{"0":"post-13926","1":"product","2":"type-product","3":"status-publish","4":"has-post-thumbnail","6":"product_cat-actividades","7":"product_cat-aventura-en-el-mar","8":"product_cat-con-ninos","9":"product_cat-mallorca-es","10":"product_cat-sin-traslado","11":"product_cat-todas-las-experiencias","13":"first","14":"instock","15":"shipping-taxable","16":"purchasable","17":"product-type-ovabrw_car_rental"},"acf":[],"_links":{"self":[{"href":"https:\/\/evasionauthentic.com\/es\/wp-json\/wp\/v2\/product\/13926","targetHints":{"allow":["GET"]}}],"collection":[{"href":"https:\/\/evasionauthentic.com\/es\/wp-json\/wp\/v2\/product"}],"about":[{"href":"https:\/\/evasionauthentic.com\/es\/wp-json\/wp\/v2\/types\/product"}],"replies":[{"embeddable":true,"href":"https:\/\/evasionauthentic.com\/es\/wp-json\/wp\/v2\/comments?post=13926"}],"version-history":[{"count":4,"href":"https:\/\/evasionauthentic.com\/es\/wp-json\/wp\/v2\/product\/13926\/revisions"}],"predecessor-version":[{"id":14444,"href":"https:\/\/evasionauthentic.com\/es\/wp-json\/wp\/v2\/product\/13926\/revisions\/14444"}],"wp:featuredmedia":[{"embeddable":true,"href":"https:\/\/evasionauthentic.com\/es\/wp-json\/wp\/v2\/media\/12186"}],"wp:attachment":[{"href":"https:\/\/evasionauthentic.com\/es\/wp-json\/wp\/v2\/media?parent=13926"}],"wp:term":[{"taxonomy":"product_brand","embeddable":true,"href":"https:\/\/evasionauthentic.com\/es\/wp-json\/wp\/v2\/product_brand?post=13926"},{"taxonomy":"product_cat","embeddable":true,"href":"https:\/\/evasionauthentic.com\/es\/wp-json\/wp\/v2\/product_cat?post=13926"},{"taxonomy":"product_tag","embeddable":true,"href":"https:\/\/evasionauthentic.com\/es\/wp-json\/wp\/v2\/product_tag?post=13926"}],"curies":[{"name":"wp","href":"https:\/\/api.w.org\/{rel}","templated":true}]}}