{"id":13930,"date":"2025-03-19T08:29:03","date_gmt":"2025-03-19T07:29:03","guid":{"rendered":"https:\/\/dev.evasionauthentic.com\/experience\/paddle-coucher-du-soleil\/"},"modified":"2025-03-27T20:14:16","modified_gmt":"2025-03-27T19:14:16","slug":"stand-up-paddle-puesta-de-sol","status":"publish","type":"product","link":"https:\/\/evasionauthentic.com\/es\/experiencia\/stand-up-paddle-puesta-de-sol\/","title":{"rendered":"Stand-up paddle en la puesta de sol"},"content":{"rendered":"<h2>Admira la puesta de sol en la bah\u00eda de Palma en Paddle<\/h2>\n<p><strong>De mayo a septiembre.<\/strong><\/p>\n<p>Reg\u00e1late una experiencia m\u00e1gica y relajante en Stand-Up Paddle (SUP) al atardecer, en <strong>un entorno id\u00edlico frente al mar Mediterr\u00e1neo<\/strong>. Tanto si eres principiante como si ya tienes experiencia, esta excursi\u00f3n te ofrece un momento inolvidable entre cielos encendidos y mar brillante.<\/p>\n<p>Tu aventura en Stand-Up Paddle comienza en la playa de Can Pastilla, donde tu gu\u00eda te recibe para una breve introducci\u00f3n. Antes de lanzarte al agua, tendr\u00e1s la oportunidad de familiarizarte con la tabla y practicar con tranquilidad. Una vez c\u00f3modo, <strong>emprender\u00e1s la excursi\u00f3n hacia el islote de Cala Estancia<\/strong>, remando suavemente mientras disfrutas de las impresionantes vistas sobre la ciudad de Palma. La atm\u00f3sfera es m\u00e1gica: el vuelo de los aviones sobre la bah\u00eda y los \u00faltimos rayos de sol reflej\u00e1ndose en el agua crean un espect\u00e1culo \u00fanico.<\/p>\n<p>Al llegar cerca del islote, se impone una pausa contemplativa. <strong>La puesta de sol ofrece un decorado de ensue\u00f1o<\/strong>, con el cielo te\u00f1ido de tonos encendidos. Es el momento perfecto para tomar fotos espectaculares y saborear un instante de serenidad absoluta. Tras este par\u00e9ntesis encantador, es hora de regresar a la playa. Para cerrar esta experiencia con broche de oro, disfruta del ambiente acogedor del Surf Bar, donde te espera un delicioso Pintxo (tapa) y una merecida cerveza, frente al mar. El final perfecto para una velada inolvidable.<\/p>\n<p><strong>\ud83d\udccd Punto de encuentro en Can Pastilla, \u00a1d\u00e9jate llevar por la llamada de la aventura marina!<\/strong><\/p>\n<p>&nbsp;<\/p>\n","protected":false},"excerpt":{"rendered":"<blockquote><p>Desl\u00edzate sobre el agua en Stand-up paddle al ritmo del sol poniente y d\u00e9jate hechizar por <strong>un espect\u00e1culo de colores inolvidable<\/strong>, entre el mar y el cielo.<\/p><\/blockquote>\n","protected":false},"featured_media":12202,"comment_status":"closed","ping_status":"closed","template":"","meta":{"_acf_changed":false,"inline_featured_image":false,"vled_child_price":"","vled_infant_price":"","vled_child_age":""},"product_brand":[],"product_cat":[786,780,774,793,777,785],"product_tag":[839],"class_list":{"0":"post-13930","1":"product","2":"type-product","3":"status-publish","4":"has-post-thumbnail","6":"product_cat-actividades","7":"product_cat-aventura-en-el-mar","8":"product_cat-con-ninos","9":"product_cat-mallorca-es","10":"product_cat-sin-traslado","11":"product_cat-todas-las-experiencias","12":"product_tag-calendario","14":"first","15":"instock","16":"shipping-taxable","17":"purchasable","18":"product-type-ovabrw_car_rental"},"acf":[],"_links":{"self":[{"href":"https:\/\/evasionauthentic.com\/es\/wp-json\/wp\/v2\/product\/13930","targetHints":{"allow":["GET"]}}],"collection":[{"href":"https:\/\/evasionauthentic.com\/es\/wp-json\/wp\/v2\/product"}],"about":[{"href":"https:\/\/evasionauthentic.com\/es\/wp-json\/wp\/v2\/types\/product"}],"replies":[{"embeddable":true,"href":"https:\/\/evasionauthentic.com\/es\/wp-json\/wp\/v2\/comments?post=13930"}],"version-history":[{"count":4,"href":"https:\/\/evasionauthentic.com\/es\/wp-json\/wp\/v2\/product\/13930\/revisions"}],"predecessor-version":[{"id":14443,"href":"https:\/\/evasionauthentic.com\/es\/wp-json\/wp\/v2\/product\/13930\/revisions\/14443"}],"wp:featuredmedia":[{"embeddable":true,"href":"https:\/\/evasionauthentic.com\/es\/wp-json\/wp\/v2\/media\/12202"}],"wp:attachment":[{"href":"https:\/\/evasionauthentic.com\/es\/wp-json\/wp\/v2\/media?parent=13930"}],"wp:term":[{"taxonomy":"product_brand","embeddable":true,"href":"https:\/\/evasionauthentic.com\/es\/wp-json\/wp\/v2\/product_brand?post=13930"},{"taxonomy":"product_cat","embeddable":true,"href":"https:\/\/evasionauthentic.com\/es\/wp-json\/wp\/v2\/product_cat?post=13930"},{"taxonomy":"product_tag","embeddable":true,"href":"https:\/\/evasionauthentic.com\/es\/wp-json\/wp\/v2\/product_tag?post=13930"}],"curies":[{"name":"wp","href":"https:\/\/api.w.org\/{rel}","templated":true}]}}