{"id":13955,"date":"2025-03-19T11:07:04","date_gmt":"2025-03-19T10:07:04","guid":{"rendered":"https:\/\/dev.evasionauthentic.com\/experience\/sea-caving-speleologie-marine\/"},"modified":"2026-03-18T09:46:24","modified_gmt":"2026-03-18T08:46:24","slug":"sea-caving-espeleologia-marina","status":"publish","type":"product","link":"https:\/\/evasionauthentic.com\/es\/experiencia\/sea-caving-espeleologia-marina\/","title":{"rendered":"Sea Caving : Espeleolog\u00eda marina en Mallorca"},"content":{"rendered":"<h2><strong>Espeleolog\u00eda marina en Mallorca: una aventura subterr\u00e1nea \u00fanica<\/strong><\/h2>\n<p>Esta actividad de espeleolog\u00eda marina en Mallorca te invita a descubrir uno de los tesoros naturales m\u00e1s fascinantes de la isla: la Cova des Coloms.<\/p>\n<p>Situada a solo 300 metros de la costa, esta cueva marina es accesible tras un breve ba\u00f1o en el mar. Una vez dentro, te adentras en un universo mineral espectacular donde la luz se refleja en las paredes creando una atm\u00f3sfera \u00fanica.<\/p>\n<h3><strong>Inmersi\u00f3n en la Cova des Coloms<\/strong><\/h3>\n<p>La Cova des Coloms, una aut\u00e9ntica catedral natural, impresiona por sus dimensiones y formaciones rocosas.<br \/>\nLas estalagmitas y estalactitas, moldeadas por el tiempo, presentan tonalidades minerales sorprendentes, especialmente matices rojizos que recuerdan reflejos cristalinos.<\/p>\n<h3><strong>Una experiencia entre mar y exploraci\u00f3n<\/strong><\/h3>\n<p>La actividad combina ba\u00f1o en el mar, exploraci\u00f3n subterr\u00e1nea y descubrimiento geol\u00f3gico.<br \/>\nAccesible a partir de los 12 a\u00f1os, permite vivir una aventura completa en un entorno natural preservado.<\/p>\n<h3><strong>Una actividad guiada e inmersiva<\/strong><\/h3>\n<p>Esta experiencia est\u00e1 dise\u00f1ada para ofrecer seguridad e inmersi\u00f3n.<br \/>\nAvanzar\u00e1s en un entorno \u00fanico entre agua y roca, en una atm\u00f3sfera tanto activa como contemplativa.<\/p>\n<p><strong>Qu\u00e9 incluye<\/strong><\/p>\n<ul>\n<li>Coordinaci\u00f3n de traslados de ida y vuelta desde tu zona de alojamiento<\/li>\n<li>Actividad de espeleolog\u00eda marina<\/li>\n<li>Exploraci\u00f3n de la Cova des Coloms<\/li>\n<li>Supervisi\u00f3n de la actividad<\/li>\n<li>Equipo necesario<\/li>\n<\/ul>\n","protected":false},"excerpt":{"rendered":"<blockquote><p><strong>Espeleolog\u00eda marina en Mallorca &#8211; Explora una cueva secreta entre mar y luz.<\/strong><\/p><\/blockquote>\n<p>Vive una aventura \u00fanica de espeleolog\u00eda marina en Mallorca con la exploraci\u00f3n de la Cova des Coloms, ba\u00f1o en el mar y descubrimiento de un espectacular mundo subterr\u00e1neo.<\/p>\n","protected":false},"featured_media":12354,"comment_status":"closed","ping_status":"closed","template":"","meta":{"_acf_changed":false,"inline_featured_image":false,"vled_child_price":"","vled_infant_price":"","vled_child_age":""},"product_brand":[],"product_cat":[858,750,648,716,780,649,718,720,693,721,697,695,700,701,724,651,726,728,729,703,731,706,734,708,654,656,673,752,736,679,774,775,658,681,737,660,684,662,793,791,686,664,665,754,687,755,670,757,668,740,712,710,759,742,745,744,671,677,762,690,785,646,676,692,714,748],"product_tag":[839],"class_list":{"0":"post-13955","1":"product","2":"type-product","3":"status-publish","4":"has-post-thumbnail","6":"product_cat-actividades-en-mallorca","7":"product_cat-alcudia-zona-5","8":"product_cat-andratx-zona-1","9":"product_cat-arta-zona-4","10":"product_cat-aventura-en-el-mar","11":"product_cat-bendinat-zona-1","12":"product_cat-betlem-zona-4","13":"product_cat-cala-agulla-zona-4","14":"product_cat-cala-barca-zona-3","15":"product_cat-cala-bona-zone-4-es","16":"product_cat-cala-dor-zona-3","17":"product_cat-cala-domingos-zona-3","18":"product_cat-cala-figuera-zona-3","19":"product_cat-cala-llombars-zona-3","20":"product_cat-cala-magrana-zona-4-es","21":"product_cat-cala-major-zona-1","22":"product_cat-cala-mandia-zona-4","23":"product_cat-cala-mesquida-zona-4","24":"product_cat-cala-millor-zona-4","25":"product_cat-cala-murada-zona-3","26":"product_cat-cala-ratjada-zona-4","27":"product_cat-cala-santanyi-zona-3","28":"product_cat-cala-tropicana-zona-4","29":"product_cat-calas-de-mallorca-zona-3","30":"product_cat-calvia-zona-1","31":"product_cat-camp-de-mar-zona-1","32":"product_cat-can-pastilla-zona-2","33":"product_cat-can-picafort-zona-5","34":"product_cat-capdepera-zona-4","35":"product_cat-colonia-de-sant-jordi-zona-2","36":"product_cat-con-ninos","37":"product_cat-con-traslado","38":"product_cat-costa-de-la-calma-zona-1","39":"product_cat-el-arenal-zona-2","40":"product_cat-font-de-sa-cala-zona-4","41":"product_cat-illetas-zona-1","42":"product_cat-llucmajor-zona-2","43":"product_cat-magaluf-zona-1","44":"product_cat-mallorca-es","45":"product_cat-no-lo-se-todavia","46":"product_cat-palma-zona-2","47":"product_cat-palmanova-zona-1","48":"product_cat-peguera-zona-1","49":"product_cat-playa-de-muro-zona-5","50":"product_cat-playa-de-palma-zona-2","51":"product_cat-pollenca-zona-5","52":"product_cat-port-dandratx-zona-1","53":"product_cat-port-de-pollenca-zona-5","54":"product_cat-portals-nous-zona-1","55":"product_cat-porto-cristo-zona-4","56":"product_cat-porto-petro-zona-3","57":"product_cat-portocolom-zona-3","58":"product_cat-puerto-alcudia-zona-5","59":"product_cat-romantica-zona-4","60":"product_cat-sillot-zona-4","61":"product_cat-sa-coma-zona-4","62":"product_cat-sant-elm-zona-1","63":"product_cat-santa-ponca-zona-1","64":"product_cat-son-serra-zona-5","65":"product_cat-son-veri-nou-zona-2","66":"product_cat-todas-las-experiencias","67":"product_cat-zona-1","68":"product_cat-zona-2","69":"product_cat-zona-3","70":"product_cat-zona-4","71":"product_cat-zona-5","72":"product_tag-calendario","74":"first","75":"instock","76":"shipping-taxable","77":"purchasable","78":"product-type-simple"},"acf":[],"_links":{"self":[{"href":"https:\/\/evasionauthentic.com\/es\/wp-json\/wp\/v2\/product\/13955","targetHints":{"allow":["GET"]}}],"collection":[{"href":"https:\/\/evasionauthentic.com\/es\/wp-json\/wp\/v2\/product"}],"about":[{"href":"https:\/\/evasionauthentic.com\/es\/wp-json\/wp\/v2\/types\/product"}],"replies":[{"embeddable":true,"href":"https:\/\/evasionauthentic.com\/es\/wp-json\/wp\/v2\/comments?post=13955"}],"version-history":[{"count":7,"href":"https:\/\/evasionauthentic.com\/es\/wp-json\/wp\/v2\/product\/13955\/revisions"}],"predecessor-version":[{"id":19167,"href":"https:\/\/evasionauthentic.com\/es\/wp-json\/wp\/v2\/product\/13955\/revisions\/19167"}],"wp:featuredmedia":[{"embeddable":true,"href":"https:\/\/evasionauthentic.com\/es\/wp-json\/wp\/v2\/media\/12354"}],"wp:attachment":[{"href":"https:\/\/evasionauthentic.com\/es\/wp-json\/wp\/v2\/media?parent=13955"}],"wp:term":[{"taxonomy":"product_brand","embeddable":true,"href":"https:\/\/evasionauthentic.com\/es\/wp-json\/wp\/v2\/product_brand?post=13955"},{"taxonomy":"product_cat","embeddable":true,"href":"https:\/\/evasionauthentic.com\/es\/wp-json\/wp\/v2\/product_cat?post=13955"},{"taxonomy":"product_tag","embeddable":true,"href":"https:\/\/evasionauthentic.com\/es\/wp-json\/wp\/v2\/product_tag?post=13955"}],"curies":[{"name":"wp","href":"https:\/\/api.w.org\/{rel}","templated":true}]}}