{"id":13963,"date":"2025-03-19T11:46:19","date_gmt":"2025-03-19T10:46:19","guid":{"rendered":"https:\/\/dev.evasionauthentic.com\/experience\/plongee-sous-marine-majorque\/"},"modified":"2025-03-27T21:52:30","modified_gmt":"2025-03-27T20:52:30","slug":"buceo-en-mallorca","status":"publish","type":"product","link":"https:\/\/evasionauthentic.com\/es\/experiencia\/buceo-en-mallorca\/","title":{"rendered":"Buceo en Mallorca"},"content":{"rendered":"<h2>Buceo en Mallorca: \u00a1Explora un mundo submarino inolvidable!<\/h2>\n<p><strong>\u00a1Descubre la magia de las profundidades, seas principiante o buceador certificado!<\/strong><br \/>\n<strong>Emb\u00e1rcate en la conquista de los fondos marinos de Mallorca<\/strong> con nuestras experiencias de buceo. Ya sea que quieras probar el buceo por primera vez, descubrir sitios incre\u00edbles o incluso obtener tu certificaci\u00f3n internacional, \u00a1tenemos la opci\u00f3n perfecta para ti!<\/p>\n<h3>Discover Scuba Diving: Tu primera inmersi\u00f3n submarina (99\u202f\u20ac &#8211; 2\u202fh)<\/h3>\n<p><strong>\u00bfSue\u00f1as con explorar el mundo submarino pero nunca has buceado? \u00a1Esta experiencia es para ti!<\/strong><br \/>\n\ud83d\udd39 Sesi\u00f3n informativa e iniciaci\u00f3n: Aprende lo b\u00e1sico del buceo con un instructor certificado.<br \/>\n\ud83d\udd39 Inmersi\u00f3n segura: Disfruta de un entorno controlado y tranquilo.<br \/>\n\ud83d\udd39 Descubre la fauna marina: Observa peces de colores y explora fondos marinos poco profundos.<\/p>\n<p><strong><em>\u00a1No se requiere certificaci\u00f3n, solo ganas de aventura!<\/em><\/strong><\/p>\n<h3>Fun Dive: Inmersiones para buceadores certificados (45\u202f\u20ac &#8211; 1 inmersi\u00f3n \/ 55\u202f\u20ac &#8211; 2 inmersiones &#8211; 2\u202fh o 4\u202fh)<\/h3>\n<p><strong>Si ya tienes certificaci\u00f3n de buceo, explora los mejores sitios submarinos de Mallorca.<\/strong><br \/>\n\ud83d\udd39 Bucea en un parque natural protegido con una biodiversidad excepcional.<br \/>\n\ud83d\udd39 Explora lugares espectaculares: paredes verticales, praderas de posidonia y formaciones rocosas fascinantes.<br \/>\n\ud83d\udd39 Acompa\u00f1amiento por un gu\u00eda experto que te mostrar\u00e1 rincones secretos.<\/p>\n<p><em>\u26a0\ufe0f Certificaci\u00f3n y seguro obligatorios para esta experiencia.<\/em><\/p>\n<h3>Cursos de buceo: \u00a1Obt\u00e9n tu certificaci\u00f3n!<\/h3>\n<p>\u00bfQuieres bucear en todo el mundo y obtener una certificaci\u00f3n reconocida? \u00a1Cont\u00e1ctanos para realizar un curso de buceo y convertirte en buceador certificado!<\/p>\n<p>&nbsp;<\/p>\n","protected":false},"excerpt":{"rendered":"<blockquote><p>\u00a1Tanto si eres principiante como buceador experimentado, <strong>d\u00e9jate seducir por el buceo en Mallorca<\/strong> y vive una experiencia inolvidable!<\/p><\/blockquote>\n","protected":false},"featured_media":12400,"comment_status":"closed","ping_status":"closed","template":"","meta":{"_acf_changed":false,"inline_featured_image":false,"vled_child_price":"","vled_infant_price":"","vled_child_age":""},"product_brand":[],"product_cat":[786,780,721,726,729,708,774,793,740,779,785,778],"product_tag":[839],"class_list":{"0":"post-13963","1":"product","2":"type-product","3":"status-publish","4":"has-post-thumbnail","6":"product_cat-actividades","7":"product_cat-aventura-en-el-mar","8":"product_cat-cala-bona-zone-4-es","9":"product_cat-cala-mandia-zona-4","10":"product_cat-cala-millor-zona-4","11":"product_cat-calas-de-mallorca-zona-3","12":"product_cat-con-ninos","13":"product_cat-mallorca-es","14":"product_cat-porto-cristo-zona-4","15":"product_cat-temas","16":"product_cat-todas-las-experiencias","17":"product_cat-traslado-opcional","18":"product_tag-calendario","20":"first","21":"instock","22":"shipping-taxable","23":"purchasable","24":"product-type-ovabrw_car_rental"},"acf":[],"_links":{"self":[{"href":"https:\/\/evasionauthentic.com\/es\/wp-json\/wp\/v2\/product\/13963","targetHints":{"allow":["GET"]}}],"collection":[{"href":"https:\/\/evasionauthentic.com\/es\/wp-json\/wp\/v2\/product"}],"about":[{"href":"https:\/\/evasionauthentic.com\/es\/wp-json\/wp\/v2\/types\/product"}],"replies":[{"embeddable":true,"href":"https:\/\/evasionauthentic.com\/es\/wp-json\/wp\/v2\/comments?post=13963"}],"version-history":[{"count":5,"href":"https:\/\/evasionauthentic.com\/es\/wp-json\/wp\/v2\/product\/13963\/revisions"}],"predecessor-version":[{"id":14561,"href":"https:\/\/evasionauthentic.com\/es\/wp-json\/wp\/v2\/product\/13963\/revisions\/14561"}],"wp:featuredmedia":[{"embeddable":true,"href":"https:\/\/evasionauthentic.com\/es\/wp-json\/wp\/v2\/media\/12400"}],"wp:attachment":[{"href":"https:\/\/evasionauthentic.com\/es\/wp-json\/wp\/v2\/media?parent=13963"}],"wp:term":[{"taxonomy":"product_brand","embeddable":true,"href":"https:\/\/evasionauthentic.com\/es\/wp-json\/wp\/v2\/product_brand?post=13963"},{"taxonomy":"product_cat","embeddable":true,"href":"https:\/\/evasionauthentic.com\/es\/wp-json\/wp\/v2\/product_cat?post=13963"},{"taxonomy":"product_tag","embeddable":true,"href":"https:\/\/evasionauthentic.com\/es\/wp-json\/wp\/v2\/product_tag?post=13963"}],"curies":[{"name":"wp","href":"https:\/\/api.w.org\/{rel}","templated":true}]}}