{"id":13967,"date":"2025-03-19T12:08:07","date_gmt":"2025-03-19T11:08:07","guid":{"rendered":"https:\/\/dev.evasionauthentic.com\/experience\/visite-bodega-oliver-moragues\/"},"modified":"2025-03-27T20:11:42","modified_gmt":"2025-03-27T19:11:42","slug":"visita-bodega-oliver-moragues","status":"publish","type":"product","link":"https:\/\/evasionauthentic.com\/es\/experiencia\/visita-bodega-oliver-moragues\/","title":{"rendered":"Visita Bodega Oliver Moragues"},"content":{"rendered":"<h2>Visita a la Bodega Oliver Moragues: Una Inmersi\u00f3n en la Historia y el Terru\u00f1o Mallorqu\u00edn<\/h2>\n<p>Situada en el coraz\u00f3n de Mallorca, la Bodega Oliver Moragues <strong>ofrece una experiencia enol\u00f3gica \u00fanica<\/strong>, que combina una historia centenaria con la pasi\u00f3n por el vino. Desde 1511, esta finca familiar perpet\u00faa la tradici\u00f3n vitivin\u00edcola, uniendo el saber hacer ancestral con t\u00e9cnicas modernas.<\/p>\n<h3>Opciones de Visita y Degustaci\u00f3n<\/h3>\n<p>De lunes a s\u00e1bado, de 10:00 a 16:00 h.<br \/>\n<strong>La Bodega ofrece dos f\u00f3rmulas para satisfacer a los amantes del vino:<\/strong><\/p>\n<h3>Visita Mini<\/h3>\n<p><strong>Descripci\u00f3n:<\/strong> Visita guiada de la casa hist\u00f3rica, los vi\u00f1edos y la bodega.<br \/>\n<strong>Degustaci\u00f3n:<\/strong> Selecci\u00f3n de 3 vinos, acompa\u00f1ados de coca mallorquina de tramp\u00f3 (tarta tradicional) y almendras locales.<br \/>\n<strong>Duraci\u00f3n estimada:<\/strong> 1h30.<br \/>\n<strong>Precio:<\/strong> 28,00\u202f\u20ac por adulto (ni\u00f1os de 7 a 17 a\u00f1os: 12\u202f\u20ac)<\/p>\n<h3>Visita Completa<\/h3>\n<p><strong>Descripci\u00f3n:<\/strong> Exploraci\u00f3n completa de la casa, los vi\u00f1edos y la bodega.<br \/>\n<strong>Degustaci\u00f3n:<\/strong> Selecci\u00f3n de 4 vinos, acompa\u00f1ados de especialidades mallorquinas: coca de tramp\u00f3, empanada, pa amb sobrassada (pan con sobrasada) y cremadillos (pastelitos locales). <strong>Duraci\u00f3n estimada:<\/strong> 2\u202fh.<br \/>\n<strong>Precio:<\/strong> 38,00\u202f\u20ac por adulto (ni\u00f1os de 7 a 17 a\u00f1os: 18\u202f\u20ac)<\/p>\n<p>&nbsp;<\/p>\n","protected":false},"excerpt":{"rendered":"<blockquote><p>Sum\u00e9rgete en el universo vin\u00edcola de Mallorca y d\u00e9jate seducir por la autenticidad y el encanto de la visita a la Bodega Oliver Moragues. <strong>Una experiencia enriquecedora para los sentidos y el esp\u00edritu te espera.<\/strong><\/p><\/blockquote>\n","protected":false},"featured_media":18489,"comment_status":"closed","ping_status":"closed","template":"","meta":{"_acf_changed":false,"inline_featured_image":false,"vled_child_price":"","vled_infant_price":"","vled_child_age":""},"product_brand":[],"product_cat":[786,774,783,793,777,779,785],"product_tag":[],"class_list":{"0":"post-13967","1":"product","2":"type-product","3":"status-publish","4":"has-post-thumbnail","6":"product_cat-actividades","7":"product_cat-con-ninos","8":"product_cat-gastronomia","9":"product_cat-mallorca-es","10":"product_cat-sin-traslado","11":"product_cat-temas","12":"product_cat-todas-las-experiencias","14":"first","15":"instock","16":"shipping-taxable","17":"purchasable","18":"product-type-ovabrw_car_rental"},"acf":[],"_links":{"self":[{"href":"https:\/\/evasionauthentic.com\/es\/wp-json\/wp\/v2\/product\/13967","targetHints":{"allow":["GET"]}}],"collection":[{"href":"https:\/\/evasionauthentic.com\/es\/wp-json\/wp\/v2\/product"}],"about":[{"href":"https:\/\/evasionauthentic.com\/es\/wp-json\/wp\/v2\/types\/product"}],"replies":[{"embeddable":true,"href":"https:\/\/evasionauthentic.com\/es\/wp-json\/wp\/v2\/comments?post=13967"}],"version-history":[{"count":4,"href":"https:\/\/evasionauthentic.com\/es\/wp-json\/wp\/v2\/product\/13967\/revisions"}],"predecessor-version":[{"id":14435,"href":"https:\/\/evasionauthentic.com\/es\/wp-json\/wp\/v2\/product\/13967\/revisions\/14435"}],"wp:featuredmedia":[{"embeddable":true,"href":"https:\/\/evasionauthentic.com\/es\/wp-json\/wp\/v2\/media\/18489"}],"wp:attachment":[{"href":"https:\/\/evasionauthentic.com\/es\/wp-json\/wp\/v2\/media?parent=13967"}],"wp:term":[{"taxonomy":"product_brand","embeddable":true,"href":"https:\/\/evasionauthentic.com\/es\/wp-json\/wp\/v2\/product_brand?post=13967"},{"taxonomy":"product_cat","embeddable":true,"href":"https:\/\/evasionauthentic.com\/es\/wp-json\/wp\/v2\/product_cat?post=13967"},{"taxonomy":"product_tag","embeddable":true,"href":"https:\/\/evasionauthentic.com\/es\/wp-json\/wp\/v2\/product_tag?post=13967"}],"curies":[{"name":"wp","href":"https:\/\/api.w.org\/{rel}","templated":true}]}}