{"id":13971,"date":"2025-03-19T12:34:55","date_gmt":"2025-03-19T11:34:55","guid":{"rendered":"https:\/\/dev.evasionauthentic.com\/experience\/atelier-de-degustation\/"},"modified":"2025-03-27T20:11:16","modified_gmt":"2025-03-27T19:11:16","slug":"taller-de-degustacion-son-moragues","status":"publish","type":"product","link":"https:\/\/evasionauthentic.com\/es\/experiencia\/taller-de-degustacion-son-moragues\/","title":{"rendered":"Taller de degustaci\u00f3n en Son Moragues 2 pers."},"content":{"rendered":"<h2>Taller de Degustaci\u00f3n en Son Moragues: Una Inmersi\u00f3n en el Arte del Aceite de Oliva<\/h2>\n<p><strong>De lunes a s\u00e1bado, de 10:00 a 16:00 &#8211; Idioma de la experiencia: Ingl\u00e9s &#8211; M\u00ednimo 2 personas (m\u00e1ximo 8).<\/strong><\/p>\n<p>Sum\u00e9rgete en el coraz\u00f3n de la Serra de Tramuntana, Patrimonio Mundial de la UNESCO, y <strong>descubre la excelencia del aceite de oliva ecol\u00f3gico mallorqu\u00edn<\/strong> en nuestro taller privado en Son Moragues. Esta finca hist\u00f3rica, con 700 a\u00f1os de tradici\u00f3n, abre sus puertas para ofrecerte una experiencia aut\u00e9ntica y enriquecedora.<\/p>\n<p>El taller comienza con <strong>un paseo guiado por uno de los olivares m\u00e1s antiguos de Mallorca<\/strong>. Conocer\u00e1s la fascinante historia de Son Moragues y la importancia del aceite de oliva en la cultura local. Esta inmersi\u00f3n te permitir\u00e1 <strong>comprender las pr\u00e1cticas ancestrales de agricultura ecol\u00f3gica<\/strong> utilizadas en la finca.<\/p>\n<p>La visita contin\u00faa con <strong>una cata interactiva donde aprender\u00e1s a identificar las caracter\u00edsticas de un aceite de oliva de calidad<\/strong>, c\u00f3mo seleccionarlo, utilizarlo y conservarlo. Degustar\u00e1s una variedad de aceites, incluyendo nuestro aceite de excepci\u00f3n elaborado exclusivamente con la variedad Mallorquina.<\/p>\n<p>Esta experiencia l\u00fadica y educativa es perfecta para gastr\u00f3nomos curiosos, familias o cualquier persona interesada en profundizar sus conocimientos sobre el aceite de oliva.<\/p>\n<h3>Reserva ahora y d\u00e9jate seducir por los sabores aut\u00e9nticos de nuestra tierra.<\/h3>\n<p>&nbsp;<\/p>\n","protected":false},"excerpt":{"rendered":"<blockquote><p>Ven a vivir una <strong>experiencia sensorial \u00fanica<\/strong> en Son Moragues, donde tradici\u00f3n y pasi\u00f3n se unen para ofrecerte lo mejor del aceite de oliva mallorqu\u00edn.<\/p><\/blockquote>\n","protected":false},"featured_media":12464,"comment_status":"closed","ping_status":"closed","template":"","meta":{"_acf_changed":false,"inline_featured_image":false,"vled_child_price":"","vled_infant_price":"","vled_child_age":""},"product_brand":[],"product_cat":[786,774,783,793,777,779,785],"product_tag":[839],"class_list":{"0":"post-13971","1":"product","2":"type-product","3":"status-publish","4":"has-post-thumbnail","6":"product_cat-actividades","7":"product_cat-con-ninos","8":"product_cat-gastronomia","9":"product_cat-mallorca-es","10":"product_cat-sin-traslado","11":"product_cat-temas","12":"product_cat-todas-las-experiencias","13":"product_tag-calendario","15":"first","16":"instock","17":"shipping-taxable","18":"purchasable","19":"product-type-ovabrw_car_rental"},"acf":[],"_links":{"self":[{"href":"https:\/\/evasionauthentic.com\/es\/wp-json\/wp\/v2\/product\/13971","targetHints":{"allow":["GET"]}}],"collection":[{"href":"https:\/\/evasionauthentic.com\/es\/wp-json\/wp\/v2\/product"}],"about":[{"href":"https:\/\/evasionauthentic.com\/es\/wp-json\/wp\/v2\/types\/product"}],"replies":[{"embeddable":true,"href":"https:\/\/evasionauthentic.com\/es\/wp-json\/wp\/v2\/comments?post=13971"}],"version-history":[{"count":4,"href":"https:\/\/evasionauthentic.com\/es\/wp-json\/wp\/v2\/product\/13971\/revisions"}],"predecessor-version":[{"id":14434,"href":"https:\/\/evasionauthentic.com\/es\/wp-json\/wp\/v2\/product\/13971\/revisions\/14434"}],"wp:featuredmedia":[{"embeddable":true,"href":"https:\/\/evasionauthentic.com\/es\/wp-json\/wp\/v2\/media\/12464"}],"wp:attachment":[{"href":"https:\/\/evasionauthentic.com\/es\/wp-json\/wp\/v2\/media?parent=13971"}],"wp:term":[{"taxonomy":"product_brand","embeddable":true,"href":"https:\/\/evasionauthentic.com\/es\/wp-json\/wp\/v2\/product_brand?post=13971"},{"taxonomy":"product_cat","embeddable":true,"href":"https:\/\/evasionauthentic.com\/es\/wp-json\/wp\/v2\/product_cat?post=13971"},{"taxonomy":"product_tag","embeddable":true,"href":"https:\/\/evasionauthentic.com\/es\/wp-json\/wp\/v2\/product_tag?post=13971"}],"curies":[{"name":"wp","href":"https:\/\/api.w.org\/{rel}","templated":true}]}}