{"id":16294,"date":"2025-08-06T14:31:14","date_gmt":"2025-08-06T12:31:14","guid":{"rendered":"https:\/\/evasionauthentic.com\/?post_type=product&#038;p=16294"},"modified":"2026-02-14T13:17:33","modified_gmt":"2026-02-14T12:17:33","slug":"descapotable-vintage-picnic-chic","status":"publish","type":"product","link":"https:\/\/evasionauthentic.com\/es\/experiencia\/descapotable-vintage-picnic-chic\/","title":{"rendered":"Descapotable vintage &#038; Picnic chic"},"content":{"rendered":"<h2><strong>Picnic chic en Mallorca &#8211; Dolce vita en Mini Moke vintage<\/strong><\/h2>\n<p>El picnic chic en Mallorca en Mini Moke el\u00e9ctrica te invita a descubrir la costa mallorquina desde una perspectiva diferente.<\/p>\n<p>S\u00edmbolo del chic veraniego, la Mini Moke el\u00e9ctrica ofrece una experiencia fuera del tiempo. Descapotable sin puertas y totalmente silenciosa, combina el encanto retro de los a\u00f1os 60 con la comodidad actual.<\/p>\n<p>Desde Palma, conduce tu descapotable vintage por un itinerario panor\u00e1mico cuidadosamente dise\u00f1ado. Haz una parada en un enclave natural seleccionado por su belleza, extiende tu manta y disfruta de un picnic chic con botella de vino incluida (blanco o rosado).<\/p>\n<h3><strong>Requisitos de participaci\u00f3n<\/strong><\/h3>\n<ul>\n<li>Edad m\u00ednima: 25 a\u00f1os<\/li>\n<li>Permiso de conducir B desde hace al menos 3 a\u00f1os<\/li>\n<li>Dep\u00f3sito: 1800 \u20ac por coche (solo con tarjeta de cr\u00e9dito)<\/li>\n<li>Tarjeta de cr\u00e9dito obligatoria<\/li>\n<\/ul>\n<p>&nbsp;<\/p>\n","protected":false},"excerpt":{"rendered":"<blockquote><p><strong>Picnic chic en Mallorca en Mini Moke el\u00e9ctrica<\/strong><\/p><\/blockquote>\n<p>Vive una escapada Signature al volante de una <strong>Mini Moke 100 % el\u00e9ctrica<\/strong>, descapotable ic\u00f3nica de encanto retro, y disfruta de un picnic chic en Mallorca en un entorno natural excepcional.<\/p>\n<p>Entre carreteras costeras ba\u00f1adas por el sol, panor\u00e1micas mediterr\u00e1neas y gastronom\u00eda local cuidadosamente seleccionada, esta experiencia representa la elegancia, la libertad y el aut\u00e9ntico estilo de vida isle\u00f1o.<\/p>\n","protected":false},"featured_media":16255,"comment_status":"closed","ping_status":"closed","template":"","meta":{"_acf_changed":false,"inline_featured_image":false,"vled_child_price":"","vled_infant_price":"","vled_child_age":""},"product_brand":[],"product_cat":[648,649,651,654,656,774,775,658,841,844,783,660,764,662,793,784,664,665,670,668,671,677,785,646],"product_tag":[839],"class_list":{"0":"post-16294","1":"product","2":"type-product","3":"status-publish","4":"has-post-thumbnail","6":"product_cat-andratx-zona-1","7":"product_cat-bendinat-zona-1","8":"product_cat-cala-major-zona-1","9":"product_cat-calvia-zona-1","10":"product_cat-camp-de-mar-zona-1","11":"product_cat-con-ninos","12":"product_cat-con-traslado","13":"product_cat-costa-de-la-calma-zona-1","14":"product_cat-experiencias-en-mallorca","15":"product_cat-experiencias-signature-mallorca","16":"product_cat-gastronomia","17":"product_cat-illetas-zona-1","18":"product_cat-islas-baleares","19":"product_cat-magaluf-zona-1","20":"product_cat-mallorca-es","21":"product_cat-naturaleza-aventura","22":"product_cat-palmanova-zona-1","23":"product_cat-peguera-zona-1","24":"product_cat-port-dandratx-zona-1","25":"product_cat-portals-nous-zona-1","26":"product_cat-sant-elm-zona-1","27":"product_cat-santa-ponca-zona-1","28":"product_cat-todas-las-experiencias","29":"product_cat-zona-1","30":"product_tag-calendario","32":"first","33":"instock","34":"virtual","35":"purchasable","36":"product-type-simple"},"acf":[],"_links":{"self":[{"href":"https:\/\/evasionauthentic.com\/es\/wp-json\/wp\/v2\/product\/16294","targetHints":{"allow":["GET"]}}],"collection":[{"href":"https:\/\/evasionauthentic.com\/es\/wp-json\/wp\/v2\/product"}],"about":[{"href":"https:\/\/evasionauthentic.com\/es\/wp-json\/wp\/v2\/types\/product"}],"replies":[{"embeddable":true,"href":"https:\/\/evasionauthentic.com\/es\/wp-json\/wp\/v2\/comments?post=16294"}],"version-history":[{"count":8,"href":"https:\/\/evasionauthentic.com\/es\/wp-json\/wp\/v2\/product\/16294\/revisions"}],"predecessor-version":[{"id":18074,"href":"https:\/\/evasionauthentic.com\/es\/wp-json\/wp\/v2\/product\/16294\/revisions\/18074"}],"wp:featuredmedia":[{"embeddable":true,"href":"https:\/\/evasionauthentic.com\/es\/wp-json\/wp\/v2\/media\/16255"}],"wp:attachment":[{"href":"https:\/\/evasionauthentic.com\/es\/wp-json\/wp\/v2\/media?parent=16294"}],"wp:term":[{"taxonomy":"product_brand","embeddable":true,"href":"https:\/\/evasionauthentic.com\/es\/wp-json\/wp\/v2\/product_brand?post=16294"},{"taxonomy":"product_cat","embeddable":true,"href":"https:\/\/evasionauthentic.com\/es\/wp-json\/wp\/v2\/product_cat?post=16294"},{"taxonomy":"product_tag","embeddable":true,"href":"https:\/\/evasionauthentic.com\/es\/wp-json\/wp\/v2\/product_tag?post=16294"}],"curies":[{"name":"wp","href":"https:\/\/api.w.org\/{rel}","templated":true}]}}