{"id":17740,"date":"2026-02-11T18:44:21","date_gmt":"2026-02-11T17:44:21","guid":{"rendered":"https:\/\/evasionauthentic.com\/?post_type=product&#038;p=17740"},"modified":"2026-02-13T16:52:23","modified_gmt":"2026-02-13T15:52:23","slug":"excursion-3-calas-mallorca","status":"publish","type":"product","link":"https:\/\/evasionauthentic.com\/es\/experiencia\/excursion-3-calas-mallorca\/","title":{"rendered":"Excursi\u00f3n 3 Calas"},"content":{"rendered":"<h2><strong>Excursi\u00f3n 3 Calas en el Parque Natural de Mondrag\u00f3 en Mallorca: \u00bfpor qu\u00e9 explorar este entorno protegido?<\/strong><\/h2>\n<p>El <strong>Parque Natural de Mondrag\u00f3 en Mallorca<\/strong> es uno de los espacios naturales m\u00e1s emblem\u00e1ticos y mejor conservados de la isla.<\/p>\n<p>Esta excursi\u00f3n te invita a descubrir tres calas de aguas cristalinas rodeadas de pinares y paisajes mediterr\u00e1neos intactos. Lejos de las zonas masificadas, vivir\u00e1s una experiencia aut\u00e9ntica en plena naturaleza.<\/p>\n<p>La jornada combina ba\u00f1os, snorkel y paseos por senderos costeros que permiten observar la flora y fauna t\u00edpica de Mallorca.<\/p>\n<p>Se proporciona equipo de snorkel para explorar f\u00e1cilmente la vida marina del Mediterr\u00e1neo.<\/p>\n<p>Un picnic elaborado con productos locales se comparte frente al mar, convirti\u00e9ndose en uno de los momentos m\u00e1s agradables del d\u00eda.<\/p>\n","protected":false},"excerpt":{"rendered":"<blockquote><p><strong>Excursi\u00f3n 3 Calas en el Parque Natural de Mondrag\u00f3 en Mallorca &#8211; aguas turquesas, naturaleza protegida y d\u00eda completo junto al mar.<\/strong><\/p><\/blockquote>\n<p>Una jornada en grupo reducido para descubrir tres calas preservadas, practicar snorkel y disfrutar de un picnic local frente al Mediterr\u00e1neo.<\/p>\n","protected":false},"featured_media":17746,"comment_status":"closed","ping_status":"closed","template":"","meta":{"_acf_changed":false,"inline_featured_image":false,"vled_child_price":"","vled_infant_price":"","vled_child_age":""},"product_brand":[],"product_cat":[648,716,649,718,720,693,721,697,695,700,701,724,651,726,728,729,703,731,706,734,708,654,656,673,736,790,679,774,775,658,781,681,842,841,737,660,684,662,793,791,686,664,665,687,670,668,740,712,710,742,745,744,671,677,690,785,646,676,692,714],"product_tag":[839],"class_list":{"0":"post-17740","1":"product","2":"type-product","3":"status-publish","4":"has-post-thumbnail","6":"product_cat-andratx-zona-1","7":"product_cat-arta-zona-4","8":"product_cat-bendinat-zona-1","9":"product_cat-betlem-zona-4","10":"product_cat-cala-agulla-zona-4","11":"product_cat-cala-barca-zona-3","12":"product_cat-cala-bona-zone-4-es","13":"product_cat-cala-dor-zona-3","14":"product_cat-cala-domingos-zona-3","15":"product_cat-cala-figuera-zona-3","16":"product_cat-cala-llombars-zona-3","17":"product_cat-cala-magrana-zona-4-es","18":"product_cat-cala-major-zona-1","19":"product_cat-cala-mandia-zona-4","20":"product_cat-cala-mesquida-zona-4","21":"product_cat-cala-millor-zona-4","22":"product_cat-cala-murada-zona-3","23":"product_cat-cala-ratjada-zona-4","24":"product_cat-cala-santanyi-zona-3","25":"product_cat-cala-tropicana-zona-4","26":"product_cat-calas-de-mallorca-zona-3","27":"product_cat-calvia-zona-1","28":"product_cat-camp-de-mar-zona-1","29":"product_cat-can-pastilla-zona-2","30":"product_cat-capdepera-zona-4","31":"product_cat-ciudad-en-mallorca","32":"product_cat-colonia-de-sant-jordi-zona-2","33":"product_cat-con-ninos","34":"product_cat-con-traslado","35":"product_cat-costa-de-la-calma-zona-1","36":"product_cat-cultura-tradicion","37":"product_cat-el-arenal-zona-2","38":"product_cat-experiencias-clasicas-mallorca","39":"product_cat-experiencias-en-mallorca","40":"product_cat-font-de-sa-cala-zona-4","41":"product_cat-illetas-zona-1","42":"product_cat-llucmajor-zona-2","43":"product_cat-magaluf-zona-1","44":"product_cat-mallorca-es","45":"product_cat-no-lo-se-todavia","46":"product_cat-palma-zona-2","47":"product_cat-palmanova-zona-1","48":"product_cat-peguera-zona-1","49":"product_cat-playa-de-palma-zona-2","50":"product_cat-port-dandratx-zona-1","51":"product_cat-portals-nous-zona-1","52":"product_cat-porto-cristo-zona-4","53":"product_cat-porto-petro-zona-3","54":"product_cat-portocolom-zona-3","55":"product_cat-romantica-zona-4","56":"product_cat-sillot-zona-4","57":"product_cat-sa-coma-zona-4","58":"product_cat-sant-elm-zona-1","59":"product_cat-santa-ponca-zona-1","60":"product_cat-son-veri-nou-zona-2","61":"product_cat-todas-las-experiencias","62":"product_cat-zona-1","63":"product_cat-zona-2","64":"product_cat-zona-3","65":"product_cat-zona-4","66":"product_tag-calendario","68":"first","69":"instock","70":"featured","71":"virtual","72":"purchasable","73":"product-type-simple"},"acf":[],"_links":{"self":[{"href":"https:\/\/evasionauthentic.com\/es\/wp-json\/wp\/v2\/product\/17740","targetHints":{"allow":["GET"]}}],"collection":[{"href":"https:\/\/evasionauthentic.com\/es\/wp-json\/wp\/v2\/product"}],"about":[{"href":"https:\/\/evasionauthentic.com\/es\/wp-json\/wp\/v2\/types\/product"}],"replies":[{"embeddable":true,"href":"https:\/\/evasionauthentic.com\/es\/wp-json\/wp\/v2\/comments?post=17740"}],"version-history":[{"count":3,"href":"https:\/\/evasionauthentic.com\/es\/wp-json\/wp\/v2\/product\/17740\/revisions"}],"predecessor-version":[{"id":18017,"href":"https:\/\/evasionauthentic.com\/es\/wp-json\/wp\/v2\/product\/17740\/revisions\/18017"}],"wp:featuredmedia":[{"embeddable":true,"href":"https:\/\/evasionauthentic.com\/es\/wp-json\/wp\/v2\/media\/17746"}],"wp:attachment":[{"href":"https:\/\/evasionauthentic.com\/es\/wp-json\/wp\/v2\/media?parent=17740"}],"wp:term":[{"taxonomy":"product_brand","embeddable":true,"href":"https:\/\/evasionauthentic.com\/es\/wp-json\/wp\/v2\/product_brand?post=17740"},{"taxonomy":"product_cat","embeddable":true,"href":"https:\/\/evasionauthentic.com\/es\/wp-json\/wp\/v2\/product_cat?post=17740"},{"taxonomy":"product_tag","embeddable":true,"href":"https:\/\/evasionauthentic.com\/es\/wp-json\/wp\/v2\/product_tag?post=17740"}],"curies":[{"name":"wp","href":"https:\/\/api.w.org\/{rel}","templated":true}]}}