{"id":18228,"date":"2026-02-14T17:40:44","date_gmt":"2026-02-14T16:40:44","guid":{"rendered":"https:\/\/evasionauthentic.com\/?post_type=product&#038;p=18228"},"modified":"2026-02-14T18:04:33","modified_gmt":"2026-02-14T17:04:33","slug":"palma-de-mallorca-en-libertad","status":"publish","type":"product","link":"https:\/\/evasionauthentic.com\/es\/experiencia\/palma-de-mallorca-en-libertad\/","title":{"rendered":"Palma Essentielle en libertad"},"content":{"rendered":"<h2><strong>Descubra Palma de Mallorca a su aire: inmersi\u00f3n en el patrimonio y la dulzura mallorquina<\/strong><\/h2>\n<p>Esta <strong>Palma de Mallorca a su aire<\/strong> le permite vivir una inmersi\u00f3n cultural completa en la capital mallorquina, sin limitaciones log\u00edsticas.<\/p>\n<p>Luz dorada sobre la piedra.<br \/>\nCallejuelas cargadas de historia.<br \/>\nAtm\u00f3sfera mediterr\u00e1nea.<\/p>\n<p>Gracias a una hoja de ruta personalizada, explorar\u00e1s Palma por tu cuenta y disfrutar\u00e1s de:<\/p>\n<ul>\n<li>entradas reservadas,<\/li>\n<li>consejos precisos,<\/li>\n<li>trucos locales,<\/li>\n<li>asistencia si es necesario.<\/li>\n<\/ul>\n<p>Una forma elegante y estructurada de descubrir Palma de otra manera.<\/p>\n<h3><strong>Catedral de Palma &#8211; Entrada incluida<\/strong><\/h3>\n<p>La majestuosa catedral de Palma domina la bah\u00eda y encarna la historia de la isla.<\/p>\n<p>\u2714 Entrada incluida<br \/>\n\u2714 Espectacular arquitectura g\u00f3tica<br \/>\n\u2714 Luz excepcional que se filtra a trav\u00e9s de las vidrieras<br \/>\n\u2714 Impresionantes vistas al mar<\/p>\n<p>Una visita imprescindible, sin esperas ni limitaciones.<\/p>\n<h3><strong>Ba\u00f1os \u00c1rabes \u2013 Entrada incluida<\/strong><\/h3>\n<p>Los Ba\u00f1os \u00c1rabes, valioso vestigio de la \u00e9poca musulmana, ofrecen un par\u00e9ntesis \u00edntimo y silencioso en el coraz\u00f3n de la ciudad.<\/p>\n<p>\u2714 Entrada incluida<br \/>\n\u2714 Jard\u00edn tranquilo<br \/>\n\u2714 Arquitectura hist\u00f3rica<br \/>\n\u2714 Ambiente \u00edntimo<\/p>\n<p>Un fascinante contraste entre el bullicio urbano y la serenidad del patrimonio.<\/p>\n<h3><strong>Pausa dulce en Ca\u2019n Joan de S\u2019Aigo \u2013 Incluida<\/strong><\/h3>\n<p>Ca\u2019n Joan de S\u2019Aigo, instituci\u00f3n hist\u00f3rica de Palma, es un lugar emblem\u00e1tico.<\/p>\n<p>\u2714 Chocolate caliente tradicional o especialidad local<br \/>\n\u2714 Ensaimada o dulce mallorqu\u00edn<br \/>\n\u2714 Ambiente atemporal<\/p>\n<p>Un momento sencillo.<br \/>\nAcogedor.<br \/>\nAut\u00e9ntico.<\/p>\n<p><strong>Qu\u00e9 incluye su Palma Esencial en libertad <\/strong><\/p>\n<p>\u2714 Entrada a la catedral de Palma<br \/>\n\u2714 Entrada a los ba\u00f1os \u00e1rabes<br \/>\n\u2714 Merienda en Ca\u2019n Joan de S\u2019Aigo<br \/>\n\u2714 Ruta personalizada<br \/>\n\u2714 Consejos exclusivos<br \/>\n\u2714 Asistencia \u00c9vasion Authentic<\/p>\n","protected":false},"excerpt":{"rendered":"<p><strong>Palma de Mallorca en libertad<\/strong> es una experiencia pensada para aquellos que desean descubrir el alma de Palma con elegancia, fluidez y autonom\u00eda.<\/p>\n<p>Entre patrimonio emblem\u00e1tico, callejuelas hist\u00f3ricas y m\u00edticas pausas gastron\u00f3micas, explorar\u00e1s la capital mallorquina a tu ritmo, con una organizaci\u00f3n experta orquestada entre bastidores por \u00c9vasion Authentic.<\/p>\n<p><strong>La experiencia Libertad es:<\/strong><\/p>\n<ul>\n<li>Dispondr\u00e1 de su propio veh\u00edculo<\/li>\n<li>Explorar\u00e1 a su ritmo<\/li>\n<li>Nosotros nos encargamos de las reservas<\/li>\n<li>Disfrutar\u00e1 de asistencia a distancia<\/li>\n<\/ul>\n","protected":false},"featured_media":18236,"comment_status":"closed","ping_status":"closed","template":"","meta":{"_acf_changed":false,"inline_featured_image":false,"vled_child_price":"","vled_infant_price":"","vled_child_age":""},"product_brand":[],"product_cat":[781,843,841,793,791,776,785],"product_tag":[839],"class_list":{"0":"post-18228","1":"product","2":"type-product","3":"status-publish","4":"has-post-thumbnail","6":"product_cat-cultura-tradicion","7":"product_cat-experiencias-en-libertad-mallorca","8":"product_cat-experiencias-en-mallorca","9":"product_cat-mallorca-es","10":"product_cat-no-lo-se-todavia","11":"product_cat-sin-ninos","12":"product_cat-todas-las-experiencias","13":"product_tag-calendario","15":"first","16":"instock","17":"virtual","18":"purchasable","19":"product-type-simple"},"acf":[],"_links":{"self":[{"href":"https:\/\/evasionauthentic.com\/es\/wp-json\/wp\/v2\/product\/18228","targetHints":{"allow":["GET"]}}],"collection":[{"href":"https:\/\/evasionauthentic.com\/es\/wp-json\/wp\/v2\/product"}],"about":[{"href":"https:\/\/evasionauthentic.com\/es\/wp-json\/wp\/v2\/types\/product"}],"replies":[{"embeddable":true,"href":"https:\/\/evasionauthentic.com\/es\/wp-json\/wp\/v2\/comments?post=18228"}],"version-history":[{"count":3,"href":"https:\/\/evasionauthentic.com\/es\/wp-json\/wp\/v2\/product\/18228\/revisions"}],"predecessor-version":[{"id":18255,"href":"https:\/\/evasionauthentic.com\/es\/wp-json\/wp\/v2\/product\/18228\/revisions\/18255"}],"wp:featuredmedia":[{"embeddable":true,"href":"https:\/\/evasionauthentic.com\/es\/wp-json\/wp\/v2\/media\/18236"}],"wp:attachment":[{"href":"https:\/\/evasionauthentic.com\/es\/wp-json\/wp\/v2\/media?parent=18228"}],"wp:term":[{"taxonomy":"product_brand","embeddable":true,"href":"https:\/\/evasionauthentic.com\/es\/wp-json\/wp\/v2\/product_brand?post=18228"},{"taxonomy":"product_cat","embeddable":true,"href":"https:\/\/evasionauthentic.com\/es\/wp-json\/wp\/v2\/product_cat?post=18228"},{"taxonomy":"product_tag","embeddable":true,"href":"https:\/\/evasionauthentic.com\/es\/wp-json\/wp\/v2\/product_tag?post=18228"}],"curies":[{"name":"wp","href":"https:\/\/api.w.org\/{rel}","templated":true}]}}