{"id":19015,"date":"2026-02-25T10:53:39","date_gmt":"2026-02-25T09:53:39","guid":{"rendered":"https:\/\/evasionauthentic.com\/?post_type=product&#038;p=19015"},"modified":"2026-02-25T11:11:12","modified_gmt":"2026-02-25T10:11:12","slug":"llaut-menorquin-con-traslado","status":"publish","type":"product","link":"https:\/\/evasionauthentic.com\/es\/experiencia\/llaut-menorquin-con-traslado\/","title":{"rendered":"Excursi\u00f3n en Llaut Menorqu\u00edn Tradicional (traslado incluido)"},"content":{"rendered":"<h2><strong>Excursi\u00f3n en Llaut Menorqu\u00edncon transporte organizado: disfrute sin preocuparse por la log\u00edstica<\/strong><\/h2>\n<p>Esta versi\u00f3n de la Excursi\u00f3n en Llaut Menorqu\u00edn es ideal si desea disfrutar plenamente de la actividad sin organizar sus desplazamientos.<\/p>\n<p>Coordinamos sus traslados de ida y vuelta desde su hotel o lugar de residencia hasta el punto de embarque. Una vez all\u00ed, embarcar\u00e1 en el llaut tradicional para vivir la experiencia de forma aut\u00f3noma, junto a los dem\u00e1s participantes.<\/p>\n<p>La actividad es la misma: navegaci\u00f3n por la costa menorquina, calas secretas, parada para el ba\u00f1o y pausa gastron\u00f3mica a bordo.<\/p>\n<p>\u00bfLa diferencia?<br \/>\nDisfruta del mar sin preocuparse por el acceso o el aparcamiento.<\/p>\n","protected":false},"excerpt":{"rendered":"<blockquote><p><strong>Excursi\u00f3n en Llaut Menorqu\u00edn\u00a0con coordinaci\u00f3n de traslados \u2013 La experiencia mar\u00edtima tradicional sin complicaciones de organizaci\u00f3n.<\/strong><\/p><\/blockquote>\n<p>Disfrute de una navegaci\u00f3n en llaut minorqu\u00edn y deje en nuestras manos la organizaci\u00f3n de sus traslados de ida y vuelta desde su alojamiento.<\/p>\n","protected":false},"featured_media":17826,"comment_status":"closed","ping_status":"closed","template":"","meta":{"_acf_changed":false,"inline_featured_image":false,"vled_child_price":"","vled_infant_price":"","vled_child_age":""},"product_brand":[],"product_cat":[780,774,775,850,849,794,791,777,785],"product_tag":[839],"class_list":{"0":"post-19015","1":"product","2":"type-product","3":"status-publish","4":"has-post-thumbnail","6":"product_cat-aventura-en-el-mar","7":"product_cat-con-ninos","8":"product_cat-con-traslado","9":"product_cat-experiencias-clasicas-menorca","10":"product_cat-experiencias-en-menorca","11":"product_cat-menorca","12":"product_cat-no-lo-se-todavia","13":"product_cat-sin-traslado","14":"product_cat-todas-las-experiencias","15":"product_tag-calendario","17":"first","18":"instock","19":"virtual","20":"purchasable","21":"product-type-simple"},"acf":[],"_links":{"self":[{"href":"https:\/\/evasionauthentic.com\/es\/wp-json\/wp\/v2\/product\/19015","targetHints":{"allow":["GET"]}}],"collection":[{"href":"https:\/\/evasionauthentic.com\/es\/wp-json\/wp\/v2\/product"}],"about":[{"href":"https:\/\/evasionauthentic.com\/es\/wp-json\/wp\/v2\/types\/product"}],"replies":[{"embeddable":true,"href":"https:\/\/evasionauthentic.com\/es\/wp-json\/wp\/v2\/comments?post=19015"}],"version-history":[{"count":3,"href":"https:\/\/evasionauthentic.com\/es\/wp-json\/wp\/v2\/product\/19015\/revisions"}],"predecessor-version":[{"id":19025,"href":"https:\/\/evasionauthentic.com\/es\/wp-json\/wp\/v2\/product\/19015\/revisions\/19025"}],"wp:featuredmedia":[{"embeddable":true,"href":"https:\/\/evasionauthentic.com\/es\/wp-json\/wp\/v2\/media\/17826"}],"wp:attachment":[{"href":"https:\/\/evasionauthentic.com\/es\/wp-json\/wp\/v2\/media?parent=19015"}],"wp:term":[{"taxonomy":"product_brand","embeddable":true,"href":"https:\/\/evasionauthentic.com\/es\/wp-json\/wp\/v2\/product_brand?post=19015"},{"taxonomy":"product_cat","embeddable":true,"href":"https:\/\/evasionauthentic.com\/es\/wp-json\/wp\/v2\/product_cat?post=19015"},{"taxonomy":"product_tag","embeddable":true,"href":"https:\/\/evasionauthentic.com\/es\/wp-json\/wp\/v2\/product_tag?post=19015"}],"curies":[{"name":"wp","href":"https:\/\/api.w.org\/{rel}","templated":true}]}}