{"id":19212,"date":"2026-03-18T13:30:37","date_gmt":"2026-03-18T12:30:37","guid":{"rendered":"https:\/\/evasionauthentic.com\/?post_type=product&#038;p=19212"},"modified":"2026-03-18T13:52:54","modified_gmt":"2026-03-18T12:52:54","slug":"ibiza-by-night","status":"publish","type":"product","link":"https:\/\/evasionauthentic.com\/es\/experiencia\/ibiza-by-night\/","title":{"rendered":"Ibiza by Night"},"content":{"rendered":"<h2><strong>Ibiza by Night: una inmersi\u00f3n en el ambiente nocturno de la isla<\/strong><\/h2>\n<p>La experiencia <strong>Ibiza by Night<\/strong> te sumerge en la vibrante vida nocturna de la isla, combinando patrimonio, gastronom\u00eda y una atm\u00f3sfera \u00fanica.<\/p>\n<p>Acompa\u00f1ado por tu Amigo, descubrir\u00e1s una Ibiza diferente, m\u00e1s viva y aut\u00e9ntica, donde cada lugar revela una nueva energ\u00eda al caer la noche.<\/p>\n","protected":false},"excerpt":{"rendered":"<blockquote><p>Descubre Ibiza al atardecer con visita a Dalt Vila, cena local y ambiente animado, con acompa\u00f1amiento y organizaci\u00f3n completa.<\/p><\/blockquote>\n","protected":false},"featured_media":19220,"comment_status":"closed","ping_status":"closed","template":"","meta":{"_acf_changed":false,"inline_featured_image":false,"vled_child_price":"","vled_infant_price":"","vled_child_age":""},"product_brand":[],"product_cat":[775,781,847,845,792,776,785],"product_tag":[839],"class_list":{"0":"post-19212","1":"product","2":"type-product","3":"status-publish","4":"has-post-thumbnail","6":"product_cat-con-traslado","7":"product_cat-cultura-tradicion","8":"product_cat-experiencias-clasicas-ibiza","9":"product_cat-experiencias-en-ibiza","10":"product_cat-ibiza-y-formentera","11":"product_cat-sin-ninos","12":"product_cat-todas-las-experiencias","13":"product_tag-calendario","15":"first","16":"instock","17":"virtual","18":"purchasable","19":"product-type-simple"},"acf":[],"_links":{"self":[{"href":"https:\/\/evasionauthentic.com\/es\/wp-json\/wp\/v2\/product\/19212","targetHints":{"allow":["GET"]}}],"collection":[{"href":"https:\/\/evasionauthentic.com\/es\/wp-json\/wp\/v2\/product"}],"about":[{"href":"https:\/\/evasionauthentic.com\/es\/wp-json\/wp\/v2\/types\/product"}],"replies":[{"embeddable":true,"href":"https:\/\/evasionauthentic.com\/es\/wp-json\/wp\/v2\/comments?post=19212"}],"version-history":[{"count":3,"href":"https:\/\/evasionauthentic.com\/es\/wp-json\/wp\/v2\/product\/19212\/revisions"}],"predecessor-version":[{"id":19238,"href":"https:\/\/evasionauthentic.com\/es\/wp-json\/wp\/v2\/product\/19212\/revisions\/19238"}],"wp:featuredmedia":[{"embeddable":true,"href":"https:\/\/evasionauthentic.com\/es\/wp-json\/wp\/v2\/media\/19220"}],"wp:attachment":[{"href":"https:\/\/evasionauthentic.com\/es\/wp-json\/wp\/v2\/media?parent=19212"}],"wp:term":[{"taxonomy":"product_brand","embeddable":true,"href":"https:\/\/evasionauthentic.com\/es\/wp-json\/wp\/v2\/product_brand?post=19212"},{"taxonomy":"product_cat","embeddable":true,"href":"https:\/\/evasionauthentic.com\/es\/wp-json\/wp\/v2\/product_cat?post=19212"},{"taxonomy":"product_tag","embeddable":true,"href":"https:\/\/evasionauthentic.com\/es\/wp-json\/wp\/v2\/product_tag?post=19212"}],"curies":[{"name":"wp","href":"https:\/\/api.w.org\/{rel}","templated":true}]}}