{"id":19241,"date":"2026-03-18T13:55:21","date_gmt":"2026-03-18T12:55:21","guid":{"rendered":"https:\/\/evasionauthentic.com\/?post_type=product&#038;p=19241"},"modified":"2026-03-18T14:20:38","modified_gmt":"2026-03-18T13:20:38","slug":"noche-namaste-ibiza","status":"publish","type":"product","link":"https:\/\/evasionauthentic.com\/es\/experiencia\/noche-namaste-ibiza\/","title":{"rendered":"Noche Namast\u00e9 Ibiza"},"content":{"rendered":"<h2><strong>Noche Namast\u00e9 Ibiza: una inmersi\u00f3n en el alma festiva y bohemia de la isla<\/strong><\/h2>\n<p>Esta experiencia Signature te invita a descubrir Ibiza de una manera diferente, lejos de los clich\u00e9s, a trav\u00e9s de una velada aut\u00e9ntica e inmersiva.<\/p>\n<p>Acompa\u00f1ado por tu Amigo, te sumergir\u00e1s en la atm\u00f3sfera \u00fanica de la isla, entre cultura local, gastronom\u00eda y ambiente festivo. Una experiencia pensada para vivir Ibiza como un aut\u00e9ntico local.<\/p>\n","protected":false},"excerpt":{"rendered":"<blockquote><p>Vive una noche \u00fanica entre cena t\u00edpica, ambiente local e inmersi\u00f3n en el emblem\u00e1tico mercado de Las Dalias, con acompa\u00f1amiento y organizaci\u00f3n completa.<\/p><\/blockquote>\n","protected":false},"featured_media":19249,"comment_status":"closed","ping_status":"closed","template":"","meta":{"_acf_changed":false,"inline_featured_image":false,"vled_child_price":"","vled_infant_price":"","vled_child_age":""},"product_brand":[],"product_cat":[775,845,848,792,784,776,785],"product_tag":[839],"class_list":{"0":"post-19241","1":"product","2":"type-product","3":"status-publish","4":"has-post-thumbnail","6":"product_cat-con-traslado","7":"product_cat-experiencias-en-ibiza","8":"product_cat-experiencias-signature-ibiza","9":"product_cat-ibiza-y-formentera","10":"product_cat-naturaleza-aventura","11":"product_cat-sin-ninos","12":"product_cat-todas-las-experiencias","13":"product_tag-calendario","15":"first","16":"instock","17":"featured","18":"shipping-taxable","19":"purchasable","20":"product-type-simple"},"acf":[],"_links":{"self":[{"href":"https:\/\/evasionauthentic.com\/es\/wp-json\/wp\/v2\/product\/19241","targetHints":{"allow":["GET"]}}],"collection":[{"href":"https:\/\/evasionauthentic.com\/es\/wp-json\/wp\/v2\/product"}],"about":[{"href":"https:\/\/evasionauthentic.com\/es\/wp-json\/wp\/v2\/types\/product"}],"replies":[{"embeddable":true,"href":"https:\/\/evasionauthentic.com\/es\/wp-json\/wp\/v2\/comments?post=19241"}],"version-history":[{"count":3,"href":"https:\/\/evasionauthentic.com\/es\/wp-json\/wp\/v2\/product\/19241\/revisions"}],"predecessor-version":[{"id":19268,"href":"https:\/\/evasionauthentic.com\/es\/wp-json\/wp\/v2\/product\/19241\/revisions\/19268"}],"wp:featuredmedia":[{"embeddable":true,"href":"https:\/\/evasionauthentic.com\/es\/wp-json\/wp\/v2\/media\/19249"}],"wp:attachment":[{"href":"https:\/\/evasionauthentic.com\/es\/wp-json\/wp\/v2\/media?parent=19241"}],"wp:term":[{"taxonomy":"product_brand","embeddable":true,"href":"https:\/\/evasionauthentic.com\/es\/wp-json\/wp\/v2\/product_brand?post=19241"},{"taxonomy":"product_cat","embeddable":true,"href":"https:\/\/evasionauthentic.com\/es\/wp-json\/wp\/v2\/product_cat?post=19241"},{"taxonomy":"product_tag","embeddable":true,"href":"https:\/\/evasionauthentic.com\/es\/wp-json\/wp\/v2\/product_tag?post=19241"}],"curies":[{"name":"wp","href":"https:\/\/api.w.org\/{rel}","templated":true}]}}