{"id":19330,"date":"2026-03-31T13:45:52","date_gmt":"2026-03-31T11:45:52","guid":{"rendered":"https:\/\/evasionauthentic.com\/balade-trottinette-electrique-en-famille\/"},"modified":"2026-03-31T14:30:23","modified_gmt":"2026-03-31T12:30:23","slug":"balade-trottinette-electrique-en-famille","status":"publish","type":"product","link":"https:\/\/evasionauthentic.com\/es\/experiencia\/balade-trottinette-electrique-en-famille\/","title":{"rendered":"Paseo en Scooter el\u00e9ctrico en familia"},"content":{"rendered":"<h2><strong>Scooter el\u00e9ctrico en familia: una experiencia pensada para todos<\/strong><\/h2>\n<p>Esta actividad de <strong>scooter el\u00e9ctrico para ni\u00f1os en Mallorca<\/strong> est\u00e1 especialmente dise\u00f1ada para familias que desean disfrutar de un momento accesible, divertido y seguro.<\/p>\n<p>Situada en el coraz\u00f3n del Rancho Grande Park, esta experiencia permite descubrir un entorno natural privado, entre tierra y mar, en un espacio adaptado tanto para ni\u00f1os como para adultos.<\/p>\n<h3><strong>Una actividad accesible a partir de los 5 a\u00f1os<\/strong><\/h3>\n<p>Pensada para los m\u00e1s peque\u00f1os, esta actividad est\u00e1 disponible desde los 5 a\u00f1os.<\/p>\n<p>El recorrido est\u00e1 adaptado para garantizar seguridad y diversi\u00f3n, con un manejo sencillo de los patinetes el\u00e9ctricos y una supervisi\u00f3n tranquilizadora.<\/p>\n<p>Una experiencia ideal para una primera toma de contacto.<\/p>\n<h3><strong>Un entorno natural seguro y privado<\/strong><\/h3>\n<p>La actividad se desarrolla dentro de una propiedad privada, el Rancho Grande Park.<\/p>\n<p>Este entorno permite disfrutar de un espacio seguro, lejos del tr\u00e1fico, mientras ofrece impresionantes vistas al mar y a la naturaleza que lo rodea.<\/p>\n<h3><strong>Encuentro con los animales y descubrimiento<\/strong><\/h3>\n<p>M\u00e1s all\u00e1 del paseo, la experiencia incluye una dimensi\u00f3n educativa y l\u00fadica con el descubrimiento de los animales presentes en el lugar.<\/p>\n<p>Un momento privilegiado para sensibilizar a los ni\u00f1os con la naturaleza mientras se divierten.<\/p>\n<h3><strong>Una experiencia para compartir en familia<\/strong><\/h3>\n<p>Padres e hijos participan juntos en la actividad, creando un momento \u00fanico de conexi\u00f3n.<\/p>\n<p>Accesible, cercana y sin dificultad t\u00e9cnica, esta experiencia es ideal para disfrutar en familia en Mallorca.<\/p>\n<p><strong>Incluido en la actividad:<\/strong><\/p>\n<ul>\n<li>Actividad de scooter el\u00e9ctrico guiada<\/li>\n<li>Acceso al Rancho Grande Park (propiedad privada)<\/li>\n<li>Recorrido adaptado para ni\u00f1os<\/li>\n<li>Casco y protecciones<\/li>\n<li>Supervisi\u00f3n de la actividad<\/li>\n<\/ul>\n<p><strong>Informaci\u00f3n:<\/strong><\/p>\n<ul>\n<li><strong>Duraci\u00f3n:<\/strong> 1h15<\/li>\n<li><strong>Salida:<\/strong> 8h45<\/li>\n<\/ul>\n","protected":false},"excerpt":{"rendered":"<blockquote>\n<p data-start=\"2310\" data-end=\"2420\"><strong data-start=\"2310\" data-end=\"2418\">Scooter el\u00e9ctrico en familia en Mallorca &#8211; Una aventura divertida en el coraz\u00f3n del Rancho Grande Park.<\/strong><\/p>\n<p data-start=\"2422\" data-end=\"2539\">\n<\/blockquote>\n","protected":false},"featured_media":19332,"comment_status":"closed","ping_status":"closed","template":"","meta":{"_acf_changed":false,"inline_featured_image":false,"vled_child_price":"","vled_infant_price":"","vled_child_age":""},"product_brand":[],"product_cat":[858,774,841,793,784,791,777,785],"product_tag":[839],"class_list":{"0":"post-19330","1":"product","2":"type-product","3":"status-publish","4":"has-post-thumbnail","6":"product_cat-actividades-en-mallorca","7":"product_cat-con-ninos","8":"product_cat-experiencias-en-mallorca","9":"product_cat-mallorca-es","10":"product_cat-naturaleza-aventura","11":"product_cat-no-lo-se-todavia","12":"product_cat-sin-traslado","13":"product_cat-todas-las-experiencias","14":"product_tag-calendario","16":"first","17":"instock","18":"shipping-taxable","19":"purchasable","20":"product-type-simple"},"acf":[],"_links":{"self":[{"href":"https:\/\/evasionauthentic.com\/es\/wp-json\/wp\/v2\/product\/19330","targetHints":{"allow":["GET"]}}],"collection":[{"href":"https:\/\/evasionauthentic.com\/es\/wp-json\/wp\/v2\/product"}],"about":[{"href":"https:\/\/evasionauthentic.com\/es\/wp-json\/wp\/v2\/types\/product"}],"replies":[{"embeddable":true,"href":"https:\/\/evasionauthentic.com\/es\/wp-json\/wp\/v2\/comments?post=19330"}],"version-history":[{"count":2,"href":"https:\/\/evasionauthentic.com\/es\/wp-json\/wp\/v2\/product\/19330\/revisions"}],"predecessor-version":[{"id":19347,"href":"https:\/\/evasionauthentic.com\/es\/wp-json\/wp\/v2\/product\/19330\/revisions\/19347"}],"wp:featuredmedia":[{"embeddable":true,"href":"https:\/\/evasionauthentic.com\/es\/wp-json\/wp\/v2\/media\/19332"}],"wp:attachment":[{"href":"https:\/\/evasionauthentic.com\/es\/wp-json\/wp\/v2\/media?parent=19330"}],"wp:term":[{"taxonomy":"product_brand","embeddable":true,"href":"https:\/\/evasionauthentic.com\/es\/wp-json\/wp\/v2\/product_brand?post=19330"},{"taxonomy":"product_cat","embeddable":true,"href":"https:\/\/evasionauthentic.com\/es\/wp-json\/wp\/v2\/product_cat?post=19330"},{"taxonomy":"product_tag","embeddable":true,"href":"https:\/\/evasionauthentic.com\/es\/wp-json\/wp\/v2\/product_tag?post=19330"}],"curies":[{"name":"wp","href":"https:\/\/api.w.org\/{rel}","templated":true}]}}