{"id":19902,"date":"2026-05-08T13:25:35","date_gmt":"2026-05-08T11:25:35","guid":{"rendered":"https:\/\/evasionauthentic.com\/?post_type=product&#038;p=19902"},"modified":"2026-05-08T13:58:19","modified_gmt":"2026-05-08T11:58:19","slug":"excursion-de-snorkel-menorca","status":"publish","type":"product","link":"https:\/\/evasionauthentic.com\/es\/experiencia\/excursion-de-snorkel-menorca\/","title":{"rendered":"Excursi\u00f3n de snorkel guiada &#8211; Sur de Menorca"},"content":{"rendered":"<h2>Descubre el Mediterr\u00e1neo de otra manera: excursi\u00f3n de snorkel con un bi\u00f3logo marino<\/h2>\n<p>Lo que hace que esta excursi\u00f3n de snorkel sea verdaderamente diferente es lo que vas a comprender, no solo ver. A tu lado, un apasionado bi\u00f3logo marino te gu\u00eda en la lectura de este ecosistema excepcional, por qu\u00e9 las aguas del sur de Menorca est\u00e1n entre las mejor conservadas de las Islas Baleares, c\u00f3mo identificar las especies locales y c\u00f3mo relacionarse con el entorno marino de forma responsable.<\/p>\n<p>La salida se realiza en barco desde el puerto de Cala&#8217;n Bosch. El recorrido bordea las playas salvajes del litoral sur, lugares accesibles \u00fanicamente por mar, lejos del turismo masivo, en un entorno natural protegido. Habr\u00e1 paradas en zonas de una belleza impresionante, donde podr\u00e1s nadar, observar y dejarte llevar por la transparencia del agua.<\/p>\n<p>Todo el material est\u00e1 incluido: m\u00e1scara, tubo, traje de neopreno, aletas y escarpines. Agua y aperitivo est\u00e1n incluidos a bordo. Duchas de agua caliente disponibles a la vuelta en el centro de buceo.<\/p>\n<p>Esta salida tiene lugar cada jueves y s\u00e1bado a las 14:30h, con salida desde Cap d&#8217;Artrutx. Se aplica una tarifa especial para ni\u00f1os menores de 12 a\u00f1os.<\/p>\n","protected":false},"excerpt":{"rendered":"<blockquote><p><em><strong>\u00abBajo la superficie, Menorca revela sus secretos m\u00e1s hermosos.\u00bb<\/strong><\/em><\/p><\/blockquote>\n<p>Emb\u00e1rcate en una excursi\u00f3n de snorkel \u00fanica frente a las playas v\u00edrgenes del sur de Menorca, acompa\u00f1ado por un bi\u00f3logo marino y un acompa\u00f1ante local con experiencia. A bordo de una embarcaci\u00f3n con salida desde Cala&#8217;n Bosch, explora aguas cristalinas de una claridad excepcional, descubre calas preservadas y aprende a observar la vida marina de otra manera : peces, algas, posidonia y biodiversidad mediterr\u00e1nea. Una experiencia tan educativa como inolvidable, apta para todas las edades.<\/p>\n","protected":false},"featured_media":19910,"comment_status":"closed","ping_status":"closed","template":"","meta":{"_acf_changed":false,"inline_featured_image":false,"vled_child_price":"","vled_infant_price":"","vled_child_age":""},"product_brand":[],"product_cat":[780,774,849,794,863,777,785],"product_tag":[839],"class_list":{"0":"post-19902","1":"product","2":"type-product","3":"status-publish","4":"has-post-thumbnail","6":"product_cat-aventura-en-el-mar","7":"product_cat-con-ninos","8":"product_cat-experiencias-en-menorca","9":"product_cat-menorca","10":"product_cat-nuestras-actividades-en-menorca","11":"product_cat-sin-traslado","12":"product_cat-todas-las-experiencias","13":"product_tag-calendario","15":"first","16":"instock","17":"virtual","18":"purchasable","19":"product-type-simple"},"acf":[],"_links":{"self":[{"href":"https:\/\/evasionauthentic.com\/es\/wp-json\/wp\/v2\/product\/19902","targetHints":{"allow":["GET"]}}],"collection":[{"href":"https:\/\/evasionauthentic.com\/es\/wp-json\/wp\/v2\/product"}],"about":[{"href":"https:\/\/evasionauthentic.com\/es\/wp-json\/wp\/v2\/types\/product"}],"replies":[{"embeddable":true,"href":"https:\/\/evasionauthentic.com\/es\/wp-json\/wp\/v2\/comments?post=19902"}],"version-history":[{"count":3,"href":"https:\/\/evasionauthentic.com\/es\/wp-json\/wp\/v2\/product\/19902\/revisions"}],"predecessor-version":[{"id":19946,"href":"https:\/\/evasionauthentic.com\/es\/wp-json\/wp\/v2\/product\/19902\/revisions\/19946"}],"wp:featuredmedia":[{"embeddable":true,"href":"https:\/\/evasionauthentic.com\/es\/wp-json\/wp\/v2\/media\/19910"}],"wp:attachment":[{"href":"https:\/\/evasionauthentic.com\/es\/wp-json\/wp\/v2\/media?parent=19902"}],"wp:term":[{"taxonomy":"product_brand","embeddable":true,"href":"https:\/\/evasionauthentic.com\/es\/wp-json\/wp\/v2\/product_brand?post=19902"},{"taxonomy":"product_cat","embeddable":true,"href":"https:\/\/evasionauthentic.com\/es\/wp-json\/wp\/v2\/product_cat?post=19902"},{"taxonomy":"product_tag","embeddable":true,"href":"https:\/\/evasionauthentic.com\/es\/wp-json\/wp\/v2\/product_tag?post=19902"}],"curies":[{"name":"wp","href":"https:\/\/api.w.org\/{rel}","templated":true}]}}