{"id":19918,"date":"2026-05-08T13:36:11","date_gmt":"2026-05-08T11:36:11","guid":{"rendered":"https:\/\/evasionauthentic.com\/?post_type=product&#038;p=19918"},"modified":"2026-05-08T14:07:47","modified_gmt":"2026-05-08T12:07:47","slug":"bautizo-de-buceo-en-menorca","status":"publish","type":"product","link":"https:\/\/evasionauthentic.com\/es\/experiencia\/bautizo-de-buceo-en-menorca\/","title":{"rendered":"Bautizo de Buceo en Menorca"},"content":{"rendered":"<h2>Tu primer bautizo de buceo en Menorca: acompa\u00f1ado, seguro e inolvidable<\/h2>\n<p>Sin experiencia, sin certificaci\u00f3n: el bautizo de buceo en Menorca est\u00e1 abierto a todos, desde los 8 a\u00f1os. Todo empieza con una sesi\u00f3n informativa completa a cargo del equipo del centro, manejo del equipo, normas de seguridad, gestos esenciales, para que te sientas totalmente tranquilo antes incluso de entrar al agua.<\/p>\n<p>Despu\u00e9s llega el momento esperado: la primera inmersi\u00f3n, desde la playa, acompa\u00f1ado en todo momento por un instructor cualificado. Bajo la superficie, se abre otro mundo : especies marinas fascinantes, praderas de posidonia, una luz y un silencio que lo cambian todo.<\/p>\n<p>Las fotos submarinas de tu inmersi\u00f3n est\u00e1n incluidas en la actividad, para que este recuerdo sea concreto y f\u00e1cil de compartir.<\/p>\n<p>Los horarios disponibles son a las 10:00h o a las 15:00h, con salida desde Cap d&#8217;Artrutx. Duchas de agua caliente disponibles en el centro.<\/p>\n<blockquote><p><strong>Importante: no se puede volar en las 24 horas siguientes a una inmersi\u00f3n.<\/strong><\/p><\/blockquote>\n","protected":false},"excerpt":{"rendered":"<blockquote><p><em><strong>\u00abTu primera respiraci\u00f3n bajo el agua &#8211; nunca la olvidar\u00e1s.\u00bb<\/strong><\/em><\/p><\/blockquote>\n<p>Vive tu bautizo de buceo en Menorca desde la playa, con el acompa\u00f1amiento de un equipo de instructores certificados del centro Bluewater Menorca. Desde los 8 a\u00f1os, sin experiencia previa, te sumerges bajo la superficie para un primer encuentro con el mundo submarino de las Islas Baleares : rayas, peces de colores, praderas de posidonia, en un entorno seguro, cercano e inolvidable. Las fotos de tu inmersi\u00f3n est\u00e1n incluidas.<\/p>\n","protected":false},"featured_media":19926,"comment_status":"closed","ping_status":"closed","template":"","meta":{"_acf_changed":false,"inline_featured_image":false,"vled_child_price":"","vled_infant_price":"","vled_child_age":""},"product_brand":[],"product_cat":[780,774,849,794,863,777,785],"product_tag":[839],"class_list":{"0":"post-19918","1":"product","2":"type-product","3":"status-publish","4":"has-post-thumbnail","6":"product_cat-aventura-en-el-mar","7":"product_cat-con-ninos","8":"product_cat-experiencias-en-menorca","9":"product_cat-menorca","10":"product_cat-nuestras-actividades-en-menorca","11":"product_cat-sin-traslado","12":"product_cat-todas-las-experiencias","13":"product_tag-calendario","15":"first","16":"instock","17":"virtual","18":"purchasable","19":"product-type-simple"},"acf":[],"_links":{"self":[{"href":"https:\/\/evasionauthentic.com\/es\/wp-json\/wp\/v2\/product\/19918","targetHints":{"allow":["GET"]}}],"collection":[{"href":"https:\/\/evasionauthentic.com\/es\/wp-json\/wp\/v2\/product"}],"about":[{"href":"https:\/\/evasionauthentic.com\/es\/wp-json\/wp\/v2\/types\/product"}],"replies":[{"embeddable":true,"href":"https:\/\/evasionauthentic.com\/es\/wp-json\/wp\/v2\/comments?post=19918"}],"version-history":[{"count":3,"href":"https:\/\/evasionauthentic.com\/es\/wp-json\/wp\/v2\/product\/19918\/revisions"}],"predecessor-version":[{"id":19961,"href":"https:\/\/evasionauthentic.com\/es\/wp-json\/wp\/v2\/product\/19918\/revisions\/19961"}],"wp:featuredmedia":[{"embeddable":true,"href":"https:\/\/evasionauthentic.com\/es\/wp-json\/wp\/v2\/media\/19926"}],"wp:attachment":[{"href":"https:\/\/evasionauthentic.com\/es\/wp-json\/wp\/v2\/media?parent=19918"}],"wp:term":[{"taxonomy":"product_brand","embeddable":true,"href":"https:\/\/evasionauthentic.com\/es\/wp-json\/wp\/v2\/product_brand?post=19918"},{"taxonomy":"product_cat","embeddable":true,"href":"https:\/\/evasionauthentic.com\/es\/wp-json\/wp\/v2\/product_cat?post=19918"},{"taxonomy":"product_tag","embeddable":true,"href":"https:\/\/evasionauthentic.com\/es\/wp-json\/wp\/v2\/product_tag?post=19918"}],"curies":[{"name":"wp","href":"https:\/\/api.w.org\/{rel}","templated":true}]}}